
{"id":4971,"date":"2019-04-15T07:38:08","date_gmt":"2019-04-15T05:38:08","guid":{"rendered":"https:\/\/agregaty.igloo.pl\/?page_id=4971"},"modified":"2021-01-22T11:13:06","modified_gmt":"2021-01-22T10:13:06","slug":"tabela-wyposazenia","status":"publish","type":"page","link":"https:\/\/agregaty.igloo.pl\/de\/aggregate-mit-inverter-igloo\/verfugbare-modelle\/tabelle-ausstattung\/","title":{"rendered":"Tabelle Ausstattung"},"content":{"rendered":"<p>[vc_row row_content_width=&#8221;grid&#8221; css=&#8221;.vc_custom_1557386772190{padding-top: 0px !important;padding-bottom: 80px !important;}&#8221;][vc_column][vc_column_text]<\/p>\n<table>\n<colgroup>\n<col \/>\n<col \/>\n<col \/>\n<col \/>\n<col \/>\n<col \/>\n<col \/> <\/colgroup>\n<tbody>\n<tr>\n<td colspan=\"4\">\n<h2>Tabelle Ausstattung der IGLOO Aggregate mit Inverter<\/h2>\n<\/td>\n<\/tr>\n<tr>\n<td><strong>Aggregat Ausstattung \/ Modell<\/strong><\/td>\n<td style=\"color: #fff; background: #0095DB;\"><strong>MCP 10<\/strong><\/p>\n<p><strong> MCP 4F<\/strong><\/td>\n<td style=\"color: #fff; background: #0095DB;\"><strong>MCP 15<\/strong><\/p>\n<p><strong>MCP 7F<\/strong><\/td>\n<td style=\"color: #fff; background: #0095DB;\"><strong>MCP 25<\/strong><\/p>\n<p><strong>MCP 11F<\/strong><\/td>\n<\/tr>\n<tr>\n<td width=\"733\">Scrollverdichter Inverter (900 U\/min \u2013 7200 U\/min)<\/td>\n<td>\u2022<\/td>\n<td>\u2022<\/td>\n<td>\u2022<\/td>\n<\/tr>\n<tr>\n<td>Heizelement Verdichtergeh\u00e4use<\/td>\n<td>\u2022<\/td>\n<td>\u2022<\/td>\n<td>\u2022<\/td>\n<\/tr>\n<tr>\n<td>\u00d6labscheider mechanisch<\/td>\n<td>\u2022<\/td>\n<td>\u2022<\/td>\n<td>\u2022<\/td>\n<\/tr>\n<tr>\n<td>Lamellenkondensator<\/td>\n<td>\u2022<\/td>\n<td>\u2022<\/td>\n<td>\u2022<\/td>\n<\/tr>\n<tr>\n<td>Energiesparendes Gebl\u00e4se des EC-Verfl\u00fcssigungssatzes<\/td>\n<td>\u2022<\/td>\n<td>\u2022<\/td>\n<td>\u2022<\/td>\n<\/tr>\n<tr>\n<td>K\u00e4ltemittelbeh\u00e4lter<\/td>\n<td>\u2022<\/td>\n<td>\u2022<\/td>\n<td>\u2022<\/td>\n<\/tr>\n<tr>\n<td>Sicherheitshahn<\/td>\n<td>\u2022<\/td>\n<td>\u2022<\/td>\n<td>\u2022<\/td>\n<\/tr>\n<tr>\n<td>K\u00e4ltemittelschauglas<\/td>\n<td>\u2022<\/td>\n<td>\u2022<\/td>\n<td>\u2022<\/td>\n<\/tr>\n<tr>\n<td>W\u00e4rmed\u00e4mmung des K\u00e4ltemittelbeh\u00e4lters<\/td>\n<td>\u2022<\/td>\n<td>\u2022<\/td>\n<td>\u2022<\/td>\n<\/tr>\n<tr>\n<td>Absperrventil hinter dem K\u00e4ltemittelbeh\u00e4lter<\/td>\n<td>\u2022<\/td>\n<td>\u2022<\/td>\n<td>\u2022<\/td>\n<\/tr>\n<tr>\n<td>Fl\u00fcssigkeitsabscheider (suction accumulator)<\/td>\n<td>\u2022<\/td>\n<td>\u2022<\/td>\n<td>\u2022<\/td>\n<\/tr>\n<tr>\n<td>Niederdrucktransmitter<\/td>\n<td>\u2022<\/td>\n<td>\u2022<\/td>\n<td>\u2022<\/td>\n<\/tr>\n<tr>\n<td>Hochdrucktransmitter<\/td>\n<td>\u2022<\/td>\n<td>\u2022<\/td>\n<td>\u2022<\/td>\n<\/tr>\n<tr>\n<td>Nassdampf-Einspritzsystem in den Verdichterkopf<\/td>\n<td>\u2022<\/td>\n<td>\u2022<\/td>\n<td>\u2022<\/td>\n<\/tr>\n<tr>\n<td>Druckschalter LP<\/td>\n<td>\u2022<\/td>\n<td>\u2022<\/td>\n<td>\u2022<\/td>\n<\/tr>\n<tr>\n<td>Druckschalter HP<\/td>\n<td>\u2022<\/td>\n<td>\u2022<\/td>\n<td>\u2022<\/td>\n<\/tr>\n<tr>\n<td>Schalld\u00e4mmung Aggregat<\/td>\n<td>\u2022<\/td>\n<td>\u2022<\/td>\n<td>\u2022<\/td>\n<\/tr>\n<tr>\n<td>Mainboard<\/td>\n<td>\u2022<\/td>\n<td>\u2022<\/td>\n<td>\u2022<\/td>\n<\/tr>\n<tr>\n<td>SPS-Treiber<\/td>\n<td>\u2022<\/td>\n<td>\u2022<\/td>\n<td>\u2022<\/td>\n<\/tr>\n<tr>\n<td>Men\u00fc in der polnischen und englischen Sprache<\/td>\n<td>\u2022<\/td>\n<td>\u2022<\/td>\n<td>\u2022<\/td>\n<\/tr>\n<tr>\n<td>Recorder der Betriebsparameter des Aggregates<\/td>\n<td>\u2022<\/td>\n<td>\u2022<\/td>\n<td>\u2022<\/td>\n<\/tr>\n<tr>\n<td>Antrieb Verdichter mit Inverter im Geh\u00e4use IGLOO Professional<\/td>\n<td>\u2022<\/td>\n<td>\u2022<\/td>\n<td>\u2022<\/td>\n<\/tr>\n<tr>\n<td>Hauptschalter<\/td>\n<td>\u2022<\/td>\n<td>\u2022<\/td>\n<td>\u2022<\/td>\n<\/tr>\n<tr>\n<td>\u00dcberstromschutzschalter<\/td>\n<td>\u2022<\/td>\n<td>\u2022<\/td>\n<td>\u2022<\/td>\n<\/tr>\n<tr>\n<td>230V Servicesteckdose<\/td>\n<td>\u2022<\/td>\n<td>\u2022<\/td>\n<td>\u2022<\/td>\n<\/tr>\n<tr>\n<td>\u00dcberstromschutz der Servicesteckdose<\/td>\n<td>\u2022<\/td>\n<td>\u2022<\/td>\n<td>\u2022<\/td>\n<\/tr>\n<tr>\n<td>Heizmodul des Verteilers f\u00fcr das Aggregat<\/td>\n<td>\u2022<\/td>\n<td>\u2022<\/td>\n<td>\u2022<\/td>\n<\/tr>\n<tr>\n<td>K\u00fchll\u00fcfter des Verteilers f\u00fcr das Aggregat<\/td>\n<td>\u2022<\/td>\n<td>\u2022<\/td>\n<td>\u2022<\/td>\n<\/tr>\n<tr>\n<td>Algorithmus Nachtbetrieb Silent<\/td>\n<td>\u2022<\/td>\n<td>\u2022<\/td>\n<td>\u2022<\/td>\n<\/tr>\n<tr>\n<td>Algorithmus Schutz vor Wassersch\u00e4den im Verdichter<\/td>\n<td>\u2022<\/td>\n<td>\u2022<\/td>\n<td>\u2022<\/td>\n<\/tr>\n<tr>\n<td>Algorithmus \u00dcberdruckschutz<\/td>\n<td>\u2022<\/td>\n<td>\u2022<\/td>\n<td>\u2022<\/td>\n<\/tr>\n<tr>\n<td>Algorithmus Schutz vor zu hoher Presstemperatur<\/td>\n<td>\u2022<\/td>\n<td>\u2022<\/td>\n<td>\u2022<\/td>\n<\/tr>\n<tr>\n<td>Erkennung und Signalisierung von verschmutztem Verfl\u00fcssigungssatz<\/td>\n<td>\u2022<\/td>\n<td>\u2022<\/td>\n<td>\u2022<\/td>\n<\/tr>\n<tr>\n<td>Schutz vor den Auswirkungen des K\u00e4ltemittel-Mangels<\/td>\n<td>\u2022<\/td>\n<td>\u2022<\/td>\n<td>\u2022<\/td>\n<\/tr>\n<tr>\n<td>RS485 zum Anschluss an \u00dcberwachungssysteme<\/td>\n<td>\u2022<\/td>\n<td>\u2022<\/td>\n<td>\u2022<\/td>\n<\/tr>\n<tr>\n<td>LOW bar MODE<\/td>\n<td>\u2022<\/td>\n<td>\u2022<\/td>\n<td>\u2022<\/td>\n<\/tr>\n<tr>\n<td>Geh\u00e4use aus AlZn-Blech, pulverbeschichtet, Pure White Struktur<\/td>\n<td>\u2022<\/td>\n<td>\u2022<\/td>\n<td>\u2022<\/td>\n<\/tr>\n<tr>\n<td>externe Kontrollleuchte zur Anzeige des Betriebszustandes des Aggregates<\/td>\n<td>\u2022<\/td>\n<td>\u2022<\/td>\n<td>\u2022<\/td>\n<\/tr>\n<tr>\n<td>Absperrventile mit AVX Satz<\/td>\n<td>\u2022<\/td>\n<td>\u2022<\/td>\n<td>\u2022<\/td>\n<\/tr>\n<tr>\n<td>grafisches HMI-Panel<\/td>\n<td>\u2022<\/td>\n<td>\u2022<\/td>\n<td>\u2022<\/td>\n<\/tr>\n<tr>\n<td>externes Informationspanel (ersetzt die externe Kontrollleuchte)<\/td>\n<td>O<\/td>\n<td>O<\/td>\n<td>O<\/td>\n<\/tr>\n<tr>\n<td>Plattenw\u00e4rme\u00fcbertrager \u2013 SHM-System<\/td>\n<td>O<\/td>\n<td>O<\/td>\n<td>O<\/td>\n<\/tr>\n<tr>\n<td>Sicherheitssatz mit Dreiwegeventil<\/td>\n<td>O<\/td>\n<td>O<\/td>\n<td>O<\/td>\n<\/tr>\n<tr>\n<td>externes Hydromodul \u2013 ACU<\/td>\n<td>O<\/td>\n<td>O<\/td>\n<td>O<\/td>\n<\/tr>\n<tr>\n<td>M\u00f6glichkeit der Anbindung f\u00fcr redundante Arbeit<\/td>\n<td>O<\/td>\n<td>O<\/td>\n<td>O<\/td>\n<\/tr>\n<tr>\n<td>Power Pick \u2013 Funktion nur f\u00fcr redundante Arbeit<\/td>\n<td>O<\/td>\n<td>O<\/td>\n<td>O<\/td>\n<\/tr>\n<tr>\n<td>integriertes BMS XWEB-Modul<\/td>\n<td>O<\/td>\n<td>O<\/td>\n<td>O<\/td>\n<\/tr>\n<tr>\n<td>externes BMS Plant Watch Modul<\/td>\n<td>O<\/td>\n<td>O<\/td>\n<td>O<\/td>\n<\/tr>\n<tr>\n<td>externes BMS Boss Modul<\/td>\n<td>O<\/td>\n<td>O<\/td>\n<td>O<\/td>\n<\/tr>\n<tr>\n<td>externes BMS Mini Boss Modul<\/td>\n<td>O<\/td>\n<td>O<\/td>\n<td>O<\/td>\n<\/tr>\n<tr>\n<td>externer LTE-Router f\u00fcr das GLT-Modul<\/td>\n<td>O<\/td>\n<td>O<\/td>\n<td>O<\/td>\n<\/tr>\n<tr>\n<td colspan=\"4\"><strong>Extras:<\/strong><\/td>\n<\/tr>\n<tr>\n<td width=\"733\">Racks f\u00fcr Wandmontage mit Vibro-Isolatoren-Set.<\/td>\n<td>O<\/td>\n<td>O<\/td>\n<td>O<\/td>\n<\/tr>\n<tr>\n<td>\u00d6lverschluss Saugseite<\/td>\n<td>O<\/td>\n<td>O<\/td>\n<td>O<\/td>\n<\/tr>\n<tr>\n<td>\u00d6lverschluss Druckseite<\/td>\n<td>O<\/td>\n<td>O<\/td>\n<td>O<\/td>\n<\/tr>\n<\/tbody>\n<\/table>\n<p>&nbsp;<\/p>\n<table>\n<colgroup>\n<col \/>\n<col \/> <\/colgroup>\n<tbody>\n<tr>\n<td>\u2022<\/td>\n<td>standard<\/td>\n<\/tr>\n<tr>\n<td>O<\/td>\n<td>option<\/td>\n<\/tr>\n<tr>\n<td>\u2013<\/td>\n<td>Nicht verf\u00fcgbar<\/td>\n<\/tr>\n<\/tbody>\n<\/table>\n<p>[\/vc_column_text][\/vc_column][\/vc_row]<\/p>","protected":false},"excerpt":{"rendered":"<p>[vc_row row_content_width=&#8221;grid&#8221; css=&#8221;.vc_custom_1557386772190{padding-top: 0px !important;padding-bottom: 80px !important;}&#8221;][vc_column][vc_column_text] Tabelle Ausstattung der IGLOO Aggregate mit Inverter Aggregat Ausstattung \/ Modell MCP 10 MCP 4F MCP 15 MCP 7F MCP 25 MCP 11F Scrollverdichter Inverter (900 U\/min \u2013 7200 U\/min) \u2022 \u2022 [&hellip;]<\/p>\n","protected":false},"author":1,"featured_media":0,"parent":4969,"menu_order":0,"comment_status":"closed","ping_status":"closed","template":"","meta":[],"_links":{"self":[{"href":"https:\/\/agregaty.igloo.pl\/de\/wp-json\/wp\/v2\/pages\/4971"}],"collection":[{"href":"https:\/\/agregaty.igloo.pl\/de\/wp-json\/wp\/v2\/pages"}],"about":[{"href":"https:\/\/agregaty.igloo.pl\/de\/wp-json\/wp\/v2\/types\/page"}],"author":[{"embeddable":true,"href":"https:\/\/agregaty.igloo.pl\/de\/wp-json\/wp\/v2\/users\/1"}],"replies":[{"embeddable":true,"href":"https:\/\/agregaty.igloo.pl\/de\/wp-json\/wp\/v2\/comments?post=4971"}],"version-history":[{"count":17,"href":"https:\/\/agregaty.igloo.pl\/de\/wp-json\/wp\/v2\/pages\/4971\/revisions"}],"predecessor-version":[{"id":5902,"href":"https:\/\/agregaty.igloo.pl\/de\/wp-json\/wp\/v2\/pages\/4971\/revisions\/5902"}],"up":[{"embeddable":true,"href":"https:\/\/agregaty.igloo.pl\/de\/wp-json\/wp\/v2\/pages\/4969"}],"wp:attachment":[{"href":"https:\/\/agregaty.igloo.pl\/de\/wp-json\/wp\/v2\/media?parent=4971"}],"curies":[{"name":"wp","href":"https:\/\/api.w.org\/{rel}","templated":true}]}}