
{"id":4979,"date":"2019-04-15T07:38:58","date_gmt":"2019-04-15T05:38:58","guid":{"rendered":"https:\/\/agregaty.igloo.pl\/?page_id=4979"},"modified":"2022-08-24T10:10:24","modified_gmt":"2022-08-24T08:10:24","slug":"acu-ready","status":"publish","type":"page","link":"https:\/\/agregaty.igloo.pl\/de\/aggregate-mit-inverter-igloo\/technologie\/acu-ready\/","title":{"rendered":"ACU bereit"},"content":{"rendered":"<p>[vc_row row_content_width=&#8221;grid&#8221; css=&#8221;.vc_custom_1556002913871{padding-top: 50px !important;padding-bottom: 50px !important;}&#8221;][vc_column width=&#8221;1\/2&#8243;][vc_column_text]<span style=\"font-size: 120%;\"><strong>MultiCool Plus Inverter-Kaltwassers\u00e4tze sind so konzipiert, dass sie bei Bedarf mit neuen Funktionen ausgestattet werden k\u00f6nnen.<\/strong> Mit den verf\u00fcgbaren Zusatzmodulen kann das Anwendungsspektrum der Kaltwassers\u00e4tze mit einem ACU-Hydromodul zur Kaltwassererzeugung oder einem SHM-W\u00e4rmer\u00fcckgewinnungssystem erweitert werden. Dadurch wird der Einsatz von IGLOO-Kaltwassers\u00e4tzen noch wirtschaftlicher.<\/span>[\/vc_column_text][\/vc_column][vc_column width=&#8221;1\/2&#8243;][vc_column_text]Advanced Chiller Unit ACU &#8211; Alle Kaltwassers\u00e4tze der MultiCool Plus-Serie sind f\u00fcr den Betrieb mit dem ACU-Modul vorbereitet. <strong>Dabei handelt es sich um ein Hydromodul<\/strong>, das die Umwandlung der von der K\u00e4ltemaschine erzeugten K\u00e4lte in gek\u00fchltes Wasser (Glykol) erm\u00f6glicht, das dann als K\u00e4ltemittel an die Zielger\u00e4te weitergeleitet werden kann. Die Verwendung des ACU-Moduls schlie\u00dft die gleichzeitige Verwendung von Ger\u00e4ten, die Freon ben\u00f6tigen, nicht aus.[\/vc_column_text][\/vc_column][\/vc_row][vc_row content_placement=&#8221;middle&#8221; content_text_aligment=&#8221;center&#8221; css=&#8221;.vc_custom_1556261453197{padding-right: 12% !important;padding-bottom: 100px !important;padding-left: 12% !important;}&#8221;][vc_column][vc_raw_html]JTNDc2NyaXB0JTIwc3JjJTNEJTIyaHR0cHMlM0ElMkYlMkZjb2RlLmNyZWF0ZWpzLmNvbSUyRmNyZWF0ZWpzLTIwMTUuMTEuMjYubWluLmpzJTIyJTNFJTNDJTJGc2NyaXB0JTNFJTBBJTNDc2NyaXB0JTIwc3JjJTNEJTIyaHR0cHMlM0ElMkYlMkZhZ3JlZ2F0eS5pZ2xvby5wbCUyRmFjdV9yZWFkeS5qcyUyMiUzRSUzQyUyRnNjcmlwdCUzRSUwQSUwQSUwQSUwQSUzQ3NjcmlwdCUzRSUwQSUyRiUyRiUyMEdsb2JhbCUyMFNjcmlwdHMlMEElMDklMkYlMkElMEFaYXRyenltYWolMjBrbGlwJTIwZmlsbW93eSUyRndpZGVvJTBBWmF0cnp5bXVqZSUyMG9rcmUlQzUlOUJsb255JTIwa2xpcCUyMGZpbG1vd3klMjBsdWIlMjBtYXRlcmlhJUM1JTgyJTIwd2lkZW8uJTBBJTJBJTJGJTBBX3RoaXMuc3RvcCUyOCUyOSUzQiUzQyUyRnNjcmlwdCUzRSUwQSUzQ3NjcmlwdCUzRSUwQXZhciUyMGNhbnZhcyUyQyUyMHN0YWdlJTJDJTIwZXhwb3J0Um9vdCUyQyUyMGFuaW1fY29udGFpbmVyJTJDJTIwZG9tX292ZXJsYXlfY29udGFpbmVyJTJDJTIwZm5TdGFydEFuaW1hdGlvbiUzQiUwQWZ1bmN0aW9uJTIwaW5pdCUyOCUyOSUyMCU3QiUwQSUwOWNhbnZhcyUyMCUzRCUyMGRvY3VtZW50LmdldEVsZW1lbnRCeUlkJTI4JTIyY2FudmFzJTIyJTI5JTNCJTBBJTA5YW5pbV9jb250YWluZXIlMjAlM0QlMjBkb2N1bWVudC5nZXRFbGVtZW50QnlJZCUyOCUyMmFuaW1hdGlvbl9jb250YWluZXIlMjIlMjklM0IlMEElMDlkb21fb3ZlcmxheV9jb250YWluZXIlMjAlM0QlMjBkb2N1bWVudC5nZXRFbGVtZW50QnlJZCUyOCUyMmRvbV9vdmVybGF5X2NvbnRhaW5lciUyMiUyOSUzQiUwQSUwOXZhciUyMGNvbXAlM0RBZG9iZUFuLmdldENvbXBvc2l0aW9uJTI4JTIyNDVDNjNGQ0U5RjA5OEU0MUI3QzE1MkQzQjkzQkE5RTIlMjIlMjklM0IlMEElMDl2YXIlMjBsaWIlM0Rjb21wLmdldExpYnJhcnklMjglMjklM0IlMEElMDl2YXIlMjBsb2FkZXIlMjAlM0QlMjBuZXclMjBjcmVhdGVqcy5Mb2FkUXVldWUlMjhmYWxzZSUyOSUzQiUwQSUwOWxvYWRlci5hZGRFdmVudExpc3RlbmVyJTI4JTIyZmlsZWxvYWQlMjIlMkMlMjBmdW5jdGlvbiUyOGV2dCUyOSU3QmhhbmRsZUZpbGVMb2FkJTI4ZXZ0JTJDY29tcCUyOSU3RCUyOSUzQiUwQSUwOWxvYWRlci5hZGRFdmVudExpc3RlbmVyJTI4JTIyY29tcGxldGUlMjIlMkMlMjBmdW5jdGlvbiUyOGV2dCUyOSU3QmhhbmRsZUNvbXBsZXRlJTI4ZXZ0JTJDY29tcCUyOSU3RCUyOSUzQiUwQSUwOXZhciUyMGxpYiUzRGNvbXAuZ2V0TGlicmFyeSUyOCUyOSUzQiUwQSUwOWxvYWRlci5sb2FkTWFuaWZlc3QlMjhsaWIucHJvcGVydGllcy5tYW5pZmVzdCUyOSUzQiUwQSU3RCUwQWZ1bmN0aW9uJTIwaGFuZGxlRmlsZUxvYWQlMjhldnQlMkMlMjBjb21wJTI5JTIwJTdCJTBBJTA5dmFyJTIwaW1hZ2VzJTNEY29tcC5nZXRJbWFnZXMlMjglMjklM0IlMDklMEElMDlpZiUyMCUyOGV2dCUyMCUyNiUyNiUyMCUyOGV2dC5pdGVtLnR5cGUlMjAlM0QlM0QlMjAlMjJpbWFnZSUyMiUyOSUyOSUyMCU3QiUyMGltYWdlcyU1QmV2dC5pdGVtLmlkJTVEJTIwJTNEJTIwZXZ0LnJlc3VsdCUzQiUyMCU3RCUwOSUwQSU3RCUwQWZ1bmN0aW9uJTIwaGFuZGxlQ29tcGxldGUlMjhldnQlMkNjb21wJTI5JTIwJTdCJTBBJTA5JTJGJTJGVGhpcyUyMGZ1bmN0aW9uJTIwaXMlMjBhbHdheXMlMjBjYWxsZWQlMkMlMjBpcnJlc3BlY3RpdmUlMjBvZiUyMHRoZSUyMGNvbnRlbnQuJTIwWW91JTIwY2FuJTIwdXNlJTIwdGhlJTIwdmFyaWFibGUlMjAlMjJzdGFnZSUyMiUyMGFmdGVyJTIwaXQlMjBpcyUyMGNyZWF0ZWQlMjBpbiUyMHRva2VuJTIwY3JlYXRlX3N0YWdlLiUwQSUwOXZhciUyMGxpYiUzRGNvbXAuZ2V0TGlicmFyeSUyOCUyOSUzQiUwQSUwOXZhciUyMHNzJTNEY29tcC5nZXRTcHJpdGVTaGVldCUyOCUyOSUzQiUwQSUwOXZhciUyMHF1ZXVlJTIwJTNEJTIwZXZ0LnRhcmdldCUzQiUwQSUwOXZhciUyMHNzTWV0YWRhdGElMjAlM0QlMjBsaWIuc3NNZXRhZGF0YSUzQiUwQSUwOWZvciUyOGklM0QwJTNCJTIwaSUzQ3NzTWV0YWRhdGEubGVuZ3RoJTNCJTIwaSUyQiUyQiUyOSUyMCU3QiUwQSUwOSUwOXNzJTVCc3NNZXRhZGF0YSU1QmklNUQubmFtZSU1RCUyMCUzRCUyMG5ldyUyMGNyZWF0ZWpzLlNwcml0ZVNoZWV0JTI4JTIwJTdCJTIyaW1hZ2VzJTIyJTNBJTIwJTVCcXVldWUuZ2V0UmVzdWx0JTI4c3NNZXRhZGF0YSU1QmklNUQubmFtZSUyOSU1RCUyQyUyMCUyMmZyYW1lcyUyMiUzQSUyMHNzTWV0YWRhdGElNUJpJTVELmZyYW1lcyU3RCUyMCUyOSUwQSUwOSU3RCUwQSUwOWV4cG9ydFJvb3QlMjAlM0QlMjBuZXclMjBsaWIuYWN1X3JlYWR5JTI4JTI5JTNCJTBBJTA5c3RhZ2UlMjAlM0QlMjBuZXclMjBsaWIuU3RhZ2UlMjhjYW52YXMlMjklM0IlMEElMDlzdGFnZS5lbmFibGVNb3VzZU92ZXIlMjglMjklM0IlMDklMEElMDklMkYlMkZSZWdpc3RlcnMlMjB0aGUlMjAlMjJ0aWNrJTIyJTIwZXZlbnQlMjBsaXN0ZW5lci4lMEElMDlmblN0YXJ0QW5pbWF0aW9uJTIwJTNEJTIwZnVuY3Rpb24lMjglMjklMjAlN0IlMEElMDklMDlzdGFnZS5hZGRDaGlsZCUyOGV4cG9ydFJvb3QlMjklM0IlMEElMDklMDljcmVhdGVqcy5UaWNrZXIuc2V0RlBTJTI4bGliLnByb3BlcnRpZXMuZnBzJTI5JTNCJTBBJTA5JTA5Y3JlYXRlanMuVGlja2VyLmFkZEV2ZW50TGlzdGVuZXIlMjglMjJ0aWNrJTIyJTJDJTIwc3RhZ2UlMjklM0IlMEElMDklN0QlMDklMjAlMjAlMjAlMjAlMEElMDklMkYlMkZDb2RlJTIwdG8lMjBzdXBwb3J0JTIwaGlkcGklMjBzY3JlZW5zJTIwYW5kJTIwcmVzcG9uc2l2ZSUyMHNjYWxpbmcuJTBBJTA5QWRvYmVBbi5tYWtlUmVzcG9uc2l2ZSUyOHRydWUlMkMlMjdib3RoJTI3JTJDZmFsc2UlMkMxJTJDJTVCY2FudmFzJTJDYW5pbV9jb250YWluZXIlMkNkb21fb3ZlcmxheV9jb250YWluZXIlNUQlMjklM0IlMDklMEElMDlBZG9iZUFuLmNvbXBvc2l0aW9uTG9hZGVkJTI4bGliLnByb3BlcnRpZXMuaWQlMjklM0IlMEElMDlmblN0YXJ0QW5pbWF0aW9uJTI4JTI5JTNCJTBBJTdEJTBBJTNDJTJGc2NyaXB0JTNFJTBBJTBBJTA5JTNDZGl2JTIwaWQlM0QlMjJhbmltYXRpb25fY29udGFpbmVyJTIyJTIwc3R5bGUlM0QlMjJiYWNrZ3JvdW5kLWNvbG9yJTNBcmdiYSUyODI1NSUyQyUyMDI1NSUyQyUyMDI1NSUyQyUyMDEuMDAlMjklM0IlMjB3aWR0aCUzQTE0MDBweCUzQiUyMGhlaWdodCUzQTc2OHB4JTIyJTNFJTBBJTA5JTA5JTNDY2FudmFzJTIwaWQlM0QlMjJjYW52YXMlMjIlMjB3aWR0aCUzRCUyMjE0MDAlMjIlMjBoZWlnaHQlM0QlMjI3NjglMjIlMjBzdHlsZSUzRCUyMnBvc2l0aW9uJTNBJTIwYWJzb2x1dGUlM0IlMjBkaXNwbGF5JTNBJTIwYmxvY2slM0IlMjBiYWNrZ3JvdW5kLWNvbG9yJTNBcmdiYSUyODI1NSUyQyUyMDI1NSUyQyUyMDI1NSUyQyUyMDEuMDAlMjklM0IlMjIlM0UlM0MlMkZjYW52YXMlM0UlMEElMDklMDklM0NkaXYlMjBpZCUzRCUyMmRvbV9vdmVybGF5X2NvbnRhaW5lciUyMiUyMHN0eWxlJTNEJTIycG9pbnRlci1ldmVudHMlM0Fub25lJTNCJTIwb3ZlcmZsb3clM0FoaWRkZW4lM0IlMjB3aWR0aCUzQTE0MDBweCUzQiUyMGhlaWdodCUzQTc2OHB4JTNCJTIwcG9zaXRpb24lM0ElMjBhYnNvbHV0ZSUzQiUyMGxlZnQlM0ElMjAwcHglM0IlMjB0b3AlM0ElMjAwcHglM0IlMjBkaXNwbGF5JTNBJTIwYmxvY2slM0IlMjIlM0UlMEElMDklMDklM0MlMkZkaXYlM0UlMEElMDklM0MlMkZkaXYlM0U=[\/vc_raw_html][\/vc_column][\/vc_row][vc_row gap=&#8221;4&#8243; equal_height=&#8221;yes&#8221; row_content_width=&#8221;grid&#8221; css=&#8221;.vc_custom_1557389736888{padding-top: 40px !important;}&#8221;][vc_column width=&#8221;1\/6&#8243; css=&#8221;.vc_custom_1557386970620{background-color: #f4f4f4 !important;}&#8221;]<div class=\"eltdf-iwt clearfix  eltdf-iwt-icon-top eltdf-iwt-icon-medium eltdf-iwt-with-link\">\n\t<div class=\"eltdf-iwt-icon\">\n\t\t\t\t\t<a itemprop=\"url\" href=\"https:\/\/agregaty.igloo.pl\/agregaty-inwenterowe\/technologia\/akustyka\/\" target=\"_self\">\n\t\t\t\t\t\t\t\t\t    <span class=\"eltdf-icon-shortcode eltdf-normal   eltdf-icon-medium\"  data-hover-color=\"#000000\" data-color=\"#e62735\">\n                    <i class=\"eltdf-icon-linea-icon icon-music-volume-down eltdf-icon-element\" style=\"color: #e62735\" ><\/i>            <\/span>\n\t\t\t\t\t\t\t\t<\/a>\n\t\t\t<\/div>\n\t<div class=\"eltdf-iwt-content\" >\n\t\t\t\t\t<h3 class=\"eltdf-iwt-title\" >\n\t\t\t\t\t\t\t\t\t<a itemprop=\"url\" href=\"https:\/\/agregaty.igloo.pl\/agregaty-inwenterowe\/technologia\/akustyka\/\" target=\"_self\">\n\t\t\t\t\t\t\t\t<span class=\"eltdf-iwt-title-text\">Akustik<\/span>\n\t\t\t\t\t\t\t\t\t<\/a>\n\t\t\t\t\t\t\t<\/h3>\n\t\t\t\t\t<\/div>\n<\/div>[\/vc_column][vc_column width=&#8221;1\/6&#8243; css=&#8221;.vc_custom_1557387007939{background-color: #f4f4f4 !important;}&#8221;]<div class=\"eltdf-iwt clearfix  eltdf-iwt-icon-top eltdf-iwt-icon-medium eltdf-iwt-with-link\">\n\t<div class=\"eltdf-iwt-icon\">\n\t\t\t\t\t<a itemprop=\"url\" href=\"https:\/\/agregaty.igloo.pl\/agregaty-inwenterowe\/technologia\/plugplay\/\" target=\"_self\">\n\t\t\t\t\t\t\t\t\t    <span class=\"eltdf-icon-shortcode eltdf-normal   eltdf-icon-medium\"  data-color=\"#e62735\">\n                    <i class=\"eltdf-icon-linea-icon icon-basic-link eltdf-icon-element\" style=\"color: #e62735\" ><\/i>            <\/span>\n\t\t\t\t\t\t\t\t<\/a>\n\t\t\t<\/div>\n\t<div class=\"eltdf-iwt-content\" >\n\t\t\t\t\t<h3 class=\"eltdf-iwt-title\" >\n\t\t\t\t\t\t\t\t\t<a itemprop=\"url\" href=\"https:\/\/agregaty.igloo.pl\/agregaty-inwenterowe\/technologia\/plugplay\/\" target=\"_self\">\n\t\t\t\t\t\t\t\t<span class=\"eltdf-iwt-title-text\">Plug &amp; Play<\/span>\n\t\t\t\t\t\t\t\t\t<\/a>\n\t\t\t\t\t\t\t<\/h3>\n\t\t\t\t\t<\/div>\n<\/div>[\/vc_column][vc_column width=&#8221;1\/6&#8243; css=&#8221;.vc_custom_1557387015083{background-color: #f4f4f4 !important;}&#8221;]<div class=\"eltdf-iwt clearfix  eltdf-iwt-icon-top eltdf-iwt-icon-medium eltdf-iwt-with-link\">\n\t<div class=\"eltdf-iwt-icon\">\n\t\t\t\t\t<a itemprop=\"url\" href=\"https:\/\/agregaty.igloo.pl\/agregaty-inwenterowe\/technologia\/acu-ready\/\" target=\"_self\">\n\t\t\t\t\t\t\t\t\t    <span class=\"eltdf-icon-shortcode eltdf-normal   eltdf-icon-medium\"  data-color=\"#e62735\">\n                    <i class=\"eltdf-icon-linea-icon icon-weather-snowflake eltdf-icon-element\" style=\"color: #e62735\" ><\/i>            <\/span>\n\t\t\t\t\t\t\t\t<\/a>\n\t\t\t<\/div>\n\t<div class=\"eltdf-iwt-content\" >\n\t\t\t\t\t<h3 class=\"eltdf-iwt-title\" >\n\t\t\t\t\t\t\t\t\t<a itemprop=\"url\" href=\"https:\/\/agregaty.igloo.pl\/agregaty-inwenterowe\/technologia\/acu-ready\/\" target=\"_self\">\n\t\t\t\t\t\t\t\t<span class=\"eltdf-iwt-title-text\">ACU bereit<\/span>\n\t\t\t\t\t\t\t\t\t<\/a>\n\t\t\t\t\t\t\t<\/h3>\n\t\t\t\t\t<\/div>\n<\/div>[\/vc_column][vc_column width=&#8221;1\/6&#8243; css=&#8221;.vc_custom_1557387019752{background-color: #f4f4f4 !important;}&#8221;]<div class=\"eltdf-iwt clearfix  eltdf-iwt-icon-top eltdf-iwt-icon-medium eltdf-iwt-with-link\">\n\t<div class=\"eltdf-iwt-icon\">\n\t\t\t\t\t<a itemprop=\"url\" href=\"https:\/\/agregaty.igloo.pl\/agregaty-inwenterowe\/technologia\/shm\/\" target=\"_self\">\n\t\t\t\t\t\t\t\t\t    <span class=\"eltdf-icon-shortcode eltdf-normal   eltdf-icon-medium\"  data-color=\"#e62735\">\n                    <i class=\"eltdf-icon-linea-icon icon-weather-sun eltdf-icon-element\" style=\"color: #e62735\" ><\/i>            <\/span>\n\t\t\t\t\t\t\t\t<\/a>\n\t\t\t<\/div>\n\t<div class=\"eltdf-iwt-content\" >\n\t\t\t\t\t<h3 class=\"eltdf-iwt-title\" >\n\t\t\t\t\t\t\t\t\t<a itemprop=\"url\" href=\"https:\/\/agregaty.igloo.pl\/agregaty-inwenterowe\/technologia\/shm\/\" target=\"_self\">\n\t\t\t\t\t\t\t\t<span class=\"eltdf-iwt-title-text\">Intelligentes W\u00e4rmemanagement<\/span>\n\t\t\t\t\t\t\t\t\t<\/a>\n\t\t\t\t\t\t\t<\/h3>\n\t\t\t\t\t<\/div>\n<\/div>[\/vc_column][vc_column width=&#8221;1\/6&#8243; css=&#8221;.vc_custom_1557387029154{background-color: #f4f4f4 !important;}&#8221;]<div class=\"eltdf-iwt clearfix  eltdf-iwt-icon-top eltdf-iwt-icon-medium eltdf-iwt-with-link\">\n\t<div class=\"eltdf-iwt-icon\">\n\t\t\t\t\t<a itemprop=\"url\" href=\"https:\/\/agregaty.igloo.pl\/agregaty-inwenterowe\/technologia\/glikol\/\" target=\"_self\">\n\t\t\t\t\t\t\t\t\t    <span class=\"eltdf-icon-shortcode eltdf-normal   eltdf-icon-medium\"  data-color=\"#e62735\">\n                    <i class=\"eltdf-icon-linea-icon icon-weather-drop eltdf-icon-element\" style=\"color: #e62735\" ><\/i>            <\/span>\n\t\t\t\t\t\t\t\t<\/a>\n\t\t\t<\/div>\n\t<div class=\"eltdf-iwt-content\" >\n\t\t\t\t\t<h3 class=\"eltdf-iwt-title\" >\n\t\t\t\t\t\t\t\t\t<a itemprop=\"url\" href=\"https:\/\/agregaty.igloo.pl\/agregaty-inwenterowe\/technologia\/glikol\/\" target=\"_self\">\n\t\t\t\t\t\t\t\t<span class=\"eltdf-iwt-title-text\">Glykolgek\u00fchlte M\u00f6bel<\/span>\n\t\t\t\t\t\t\t\t\t<\/a>\n\t\t\t\t\t\t\t<\/h3>\n\t\t\t\t\t<\/div>\n<\/div>[\/vc_column][vc_column width=&#8221;1\/6&#8243; css=&#8221;.vc_custom_1557387034947{background-color: #f4f4f4 !important;}&#8221;]<div class=\"eltdf-iwt clearfix  eltdf-iwt-icon-top eltdf-iwt-icon-medium eltdf-iwt-with-link\">\n\t<div class=\"eltdf-iwt-icon\">\n\t\t\t\t\t<a itemprop=\"url\" href=\"https:\/\/agregaty.igloo.pl\/agregaty-inwenterowe\/technologia\/uklady-redundantne\/\" target=\"_self\">\n\t\t\t\t\t\t\t\t\t    <span class=\"eltdf-icon-shortcode eltdf-normal   eltdf-icon-medium\"  data-color=\"#e62735\">\n                    <i class=\"eltdf-icon-linea-icon icon-arrows-clockwise-dashed eltdf-icon-element\" style=\"color: #e62735\" ><\/i>            <\/span>\n\t\t\t\t\t\t\t\t<\/a>\n\t\t\t<\/div>\n\t<div class=\"eltdf-iwt-content\" >\n\t\t\t\t\t<h3 class=\"eltdf-iwt-title\" >\n\t\t\t\t\t\t\t\t\t<a itemprop=\"url\" href=\"https:\/\/agregaty.igloo.pl\/agregaty-inwenterowe\/technologia\/uklady-redundantne\/\" target=\"_self\">\n\t\t\t\t\t\t\t\t<span class=\"eltdf-iwt-title-text\">Redundante Systeme<\/span>\n\t\t\t\t\t\t\t\t\t<\/a>\n\t\t\t\t\t\t\t<\/h3>\n\t\t\t\t\t<\/div>\n<\/div>[\/vc_column][\/vc_row][vc_row gap=&#8221;4&#8243; equal_height=&#8221;yes&#8221; row_content_width=&#8221;grid&#8221; css=&#8221;.vc_custom_1557389740680{padding-bottom: 100px !important;}&#8221;][vc_column width=&#8221;1\/6&#8243; css=&#8221;.vc_custom_1557386970620{background-color: #f4f4f4 !important;}&#8221;]<div class=\"eltdf-iwt clearfix  eltdf-iwt-icon-top eltdf-iwt-icon-medium eltdf-iwt-with-link\">\n\t<div class=\"eltdf-iwt-icon\">\n\t\t\t\t\t<a itemprop=\"url\" href=\"https:\/\/agregaty.igloo.pl\/agregaty-inwenterowe\/technologia\/power-peak\/\" target=\"_self\">\n\t\t\t\t\t\t\t\t\t    <span class=\"eltdf-icon-shortcode eltdf-normal   eltdf-icon-medium\"  data-color=\"#e62735\">\n                    <i class=\"eltdf-icon-linea-icon icon-basic-bolt eltdf-icon-element\" style=\"color: #e62735\" ><\/i>            <\/span>\n\t\t\t\t\t\t\t\t<\/a>\n\t\t\t<\/div>\n\t<div class=\"eltdf-iwt-content\" >\n\t\t\t\t\t<h3 class=\"eltdf-iwt-title\" >\n\t\t\t\t\t\t\t\t\t<a itemprop=\"url\" href=\"https:\/\/agregaty.igloo.pl\/agregaty-inwenterowe\/technologia\/power-peak\/\" target=\"_self\">\n\t\t\t\t\t\t\t\t<span class=\"eltdf-iwt-title-text\">Leistungsspitzen<\/span>\n\t\t\t\t\t\t\t\t\t<\/a>\n\t\t\t\t\t\t\t<\/h3>\n\t\t\t\t\t<\/div>\n<\/div>[\/vc_column][vc_column width=&#8221;1\/6&#8243; css=&#8221;.vc_custom_1557387007939{background-color: #f4f4f4 !important;}&#8221;]<div class=\"eltdf-iwt clearfix  eltdf-iwt-icon-top eltdf-iwt-icon-medium eltdf-iwt-with-link\">\n\t<div class=\"eltdf-iwt-icon\">\n\t\t\t\t\t<a itemprop=\"url\" href=\"https:\/\/agregaty.igloo.pl\/agregaty-inwenterowe\/technologia\/tryb-awaryjny\/\" target=\"_self\">\n\t\t\t\t\t\t\t\t\t    <span class=\"eltdf-icon-shortcode eltdf-normal   eltdf-icon-medium\"  data-color=\"#e62735\">\n                    <i class=\"eltdf-icon-linea-icon icon-basic-alarm eltdf-icon-element\" style=\"color: #e62735\" ><\/i>            <\/span>\n\t\t\t\t\t\t\t\t<\/a>\n\t\t\t<\/div>\n\t<div class=\"eltdf-iwt-content\" >\n\t\t\t\t\t<h3 class=\"eltdf-iwt-title\" >\n\t\t\t\t\t\t\t\t\t<a itemprop=\"url\" href=\"https:\/\/agregaty.igloo.pl\/agregaty-inwenterowe\/technologia\/tryb-awaryjny\/\" target=\"_self\">\n\t\t\t\t\t\t\t\t<span class=\"eltdf-iwt-title-text\">Ausfallmodus<\/span>\n\t\t\t\t\t\t\t\t\t<\/a>\n\t\t\t\t\t\t\t<\/h3>\n\t\t\t\t\t<\/div>\n<\/div>[\/vc_column][vc_column width=&#8221;1\/6&#8243; css=&#8221;.vc_custom_1557387015083{background-color: #f4f4f4 !important;}&#8221;]<div class=\"eltdf-iwt clearfix  eltdf-iwt-icon-top eltdf-iwt-icon-medium eltdf-iwt-with-link\">\n\t<div class=\"eltdf-iwt-icon\">\n\t\t\t\t\t<a itemprop=\"url\" href=\"https:\/\/agregaty.igloo.pl\/agregaty-inwenterowe\/technologia\/defrost-free\/\" target=\"_self\">\n\t\t\t\t\t\t\t\t\t    <span class=\"eltdf-icon-shortcode eltdf-normal   eltdf-icon-medium\"  data-color=\"#e62735\">\n                    <i class=\"eltdf-icon-linea-icon icon-arrows-move-left eltdf-icon-element\" style=\"color: #e62735\" ><\/i>            <\/span>\n\t\t\t\t\t\t\t\t<\/a>\n\t\t\t<\/div>\n\t<div class=\"eltdf-iwt-content\" >\n\t\t\t\t\t<h3 class=\"eltdf-iwt-title\" >\n\t\t\t\t\t\t\t\t\t<a itemprop=\"url\" href=\"https:\/\/agregaty.igloo.pl\/agregaty-inwenterowe\/technologia\/defrost-free\/\" target=\"_self\">\n\t\t\t\t\t\t\t\t<span class=\"eltdf-iwt-title-text\">Kompatibilit\u00e4t<\/span>\n\t\t\t\t\t\t\t\t\t<\/a>\n\t\t\t\t\t\t\t<\/h3>\n\t\t\t\t\t<\/div>\n<\/div>[\/vc_column][vc_column width=&#8221;1\/6&#8243; css=&#8221;.vc_custom_1557387019752{background-color: #f4f4f4 !important;}&#8221;]<div class=\"eltdf-iwt clearfix  eltdf-iwt-icon-top eltdf-iwt-icon-medium eltdf-iwt-with-link\">\n\t<div class=\"eltdf-iwt-icon\">\n\t\t\t\t\t<a itemprop=\"url\" href=\"https:\/\/agregaty.igloo.pl\/agregaty-inwenterowe\/technologia\/defrost-free-2\/\" target=\"_self\">\n\t\t\t\t\t\t\t\t\t    <span class=\"eltdf-icon-shortcode eltdf-normal   eltdf-icon-medium\"  data-color=\"#e62735\">\n                    <i class=\"eltdf-icon-linea-icon icon-software-shape-polygon eltdf-icon-element\" style=\"color: #e62735\" ><\/i>            <\/span>\n\t\t\t\t\t\t\t\t<\/a>\n\t\t\t<\/div>\n\t<div class=\"eltdf-iwt-content\" >\n\t\t\t\t\t<h3 class=\"eltdf-iwt-title\" >\n\t\t\t\t\t\t\t\t\t<a itemprop=\"url\" href=\"https:\/\/agregaty.igloo.pl\/agregaty-inwenterowe\/technologia\/defrost-free-2\/\" target=\"_self\">\n\t\t\t\t\t\t\t\t<span class=\"eltdf-iwt-title-text\">Abtaufrei<\/span>\n\t\t\t\t\t\t\t\t\t<\/a>\n\t\t\t\t\t\t\t<\/h3>\n\t\t\t\t\t<\/div>\n<\/div>[\/vc_column][vc_column width=&#8221;1\/6&#8243; css=&#8221;.vc_custom_1557387029154{background-color: #f4f4f4 !important;}&#8221;]<div class=\"eltdf-iwt clearfix  eltdf-iwt-icon-top eltdf-iwt-icon-medium eltdf-iwt-with-link\">\n\t<div class=\"eltdf-iwt-icon\">\n\t\t\t\t\t<a itemprop=\"url\" href=\"https:\/\/agregaty.igloo.pl\/agregaty-inwenterowe\/technologia\/low-bar-mode\/\" target=\"_self\">\n\t\t\t\t\t\t\t\t\t    <span class=\"eltdf-icon-shortcode eltdf-normal   eltdf-icon-medium\"  data-color=\"#e62735\">\n                    <i class=\"eltdf-icon-linea-icon icon-basic-anticlockwise eltdf-icon-element\" style=\"color: #e62735\" ><\/i>            <\/span>\n\t\t\t\t\t\t\t\t<\/a>\n\t\t\t<\/div>\n\t<div class=\"eltdf-iwt-content\" >\n\t\t\t\t\t<h3 class=\"eltdf-iwt-title\" >\n\t\t\t\t\t\t\t\t\t<a itemprop=\"url\" href=\"https:\/\/agregaty.igloo.pl\/agregaty-inwenterowe\/technologia\/low-bar-mode\/\" target=\"_self\">\n\t\t\t\t\t\t\t\t<span class=\"eltdf-iwt-title-text\">Niedriger Balken Modus<\/span>\n\t\t\t\t\t\t\t\t\t<\/a>\n\t\t\t\t\t\t\t<\/h3>\n\t\t\t\t\t<\/div>\n<\/div>[\/vc_column][vc_column width=&#8221;1\/6&#8243; css=&#8221;.vc_custom_1557387034947{background-color: #f4f4f4 !important;}&#8221;]<div class=\"eltdf-iwt clearfix  eltdf-iwt-icon-top eltdf-iwt-icon-medium eltdf-iwt-with-link\">\n\t<div class=\"eltdf-iwt-icon\">\n\t\t\t\t\t<a itemprop=\"url\" href=\"https:\/\/agregaty.igloo.pl\/agregaty-inwenterowe\/technologia\/panel-sterujacy\/\" target=\"_self\">\n\t\t\t\t\t\t\t\t\t    <span class=\"eltdf-icon-shortcode eltdf-normal   eltdf-icon-medium\"  data-color=\"#e62735\">\n                    <i class=\"eltdf-icon-linea-icon icon-basic-tablet eltdf-icon-element\" style=\"color: #e62735\" ><\/i>            <\/span>\n\t\t\t\t\t\t\t\t<\/a>\n\t\t\t<\/div>\n\t<div class=\"eltdf-iwt-content\" >\n\t\t\t\t\t<h3 class=\"eltdf-iwt-title\" >\n\t\t\t\t\t\t\t\t\t<a itemprop=\"url\" href=\"https:\/\/agregaty.igloo.pl\/agregaty-inwenterowe\/technologia\/panel-sterujacy\/\" target=\"_self\">\n\t\t\t\t\t\t\t\t<span class=\"eltdf-iwt-title-text\">Bedienfeld<\/span>\n\t\t\t\t\t\t\t\t\t<\/a>\n\t\t\t\t\t\t\t<\/h3>\n\t\t\t\t\t<\/div>\n<\/div>[\/vc_column][\/vc_row]<\/p>","protected":false},"excerpt":{"rendered":"<p>[vc_row row_content_width=&#8221;grid&#8221; css=&#8221;.vc_custom_1556002913871{padding-top: 50px !important;padding-bottom: 50px !important;}&#8221;][vc_column width=&#8221;1\/2&#8243;][vc_column_text]MultiCool Plus Inverter-Kaltwassers\u00e4tze sind so konzipiert, dass sie bei Bedarf mit neuen Funktionen ausgestattet werden k\u00f6nnen. Mit den verf\u00fcgbaren Zusatzmodulen kann das Anwendungsspektrum der Kaltwassers\u00e4tze mit einem ACU-Hydromodul zur Kaltwassererzeugung oder einem [&hellip;]<\/p>\n","protected":false},"author":1,"featured_media":0,"parent":4973,"menu_order":0,"comment_status":"closed","ping_status":"closed","template":"full-width.php","meta":[],"_links":{"self":[{"href":"https:\/\/agregaty.igloo.pl\/de\/wp-json\/wp\/v2\/pages\/4979"}],"collection":[{"href":"https:\/\/agregaty.igloo.pl\/de\/wp-json\/wp\/v2\/pages"}],"about":[{"href":"https:\/\/agregaty.igloo.pl\/de\/wp-json\/wp\/v2\/types\/page"}],"author":[{"embeddable":true,"href":"https:\/\/agregaty.igloo.pl\/de\/wp-json\/wp\/v2\/users\/1"}],"replies":[{"embeddable":true,"href":"https:\/\/agregaty.igloo.pl\/de\/wp-json\/wp\/v2\/comments?post=4979"}],"version-history":[{"count":23,"href":"https:\/\/agregaty.igloo.pl\/de\/wp-json\/wp\/v2\/pages\/4979\/revisions"}],"predecessor-version":[{"id":6454,"href":"https:\/\/agregaty.igloo.pl\/de\/wp-json\/wp\/v2\/pages\/4979\/revisions\/6454"}],"up":[{"embeddable":true,"href":"https:\/\/agregaty.igloo.pl\/de\/wp-json\/wp\/v2\/pages\/4973"}],"wp:attachment":[{"href":"https:\/\/agregaty.igloo.pl\/de\/wp-json\/wp\/v2\/media?parent=4979"}],"curies":[{"name":"wp","href":"https:\/\/api.w.org\/{rel}","templated":true}]}}