
{"id":4981,"date":"2019-04-15T07:39:10","date_gmt":"2019-04-15T05:39:10","guid":{"rendered":"https:\/\/agregaty.igloo.pl\/?page_id=4981"},"modified":"2022-08-24T10:15:24","modified_gmt":"2022-08-24T08:15:24","slug":"shm","status":"publish","type":"page","link":"https:\/\/agregaty.igloo.pl\/de\/aggregate-mit-inverter-igloo\/technologie\/smart-heat-management\/","title":{"rendered":"Smart Heat Management"},"content":{"rendered":"<p><\/p>\n<p>[vc_row row_content_width=&#8221;grid&#8221; css=&#8221;.vc_custom_1556002913871{padding-top: 50px !important;padding-bottom: 50px !important;}&#8221;][vc_column width=&#8221;1\/2&#8243;][vc_column_text]<span style=\"font-size: 120%;\"><strong>Die Aggregate MultiCool Plus sind Konstruktionen, die bei Be-darf neue Funktionalit\u00e4ten erhalten k\u00f6nnen.<\/strong> Mit den verf\u00fcgbaren Zusatzmo-dulen kann das Anwendungsspektrum der Ger\u00e4te um das ACU-Hydromodul zur Erzeugung von Eiswasser oder um das W\u00e4rmer\u00fcckgewinnungssystem SHM erweitert werden. Dies macht den Einsatz von IGLOO-Aggregaten noch wirtschaftlicher.<\/span>[\/vc_column_text][\/vc_column][vc_column width=&#8221;1\/2&#8243;][vc_column_text]Smart Heat Management SHM \u2013 jedes MultiCool Plus Aggre-gat ist mit der Option SHM erh\u00e4ltlich.<strong> Es handelt sich um eine W\u00e4rmema-nagement-Technologie<\/strong>, die es dem Benutzer erm\u00f6glicht, die von der Einheit erzeugte W\u00e4rme zur\u00fcckzugewinnen und zu nutzen. Dadurch ergeben sich v\u00f6llig neue M\u00f6glichkeiten zum Aufbau integrierter Systeme, die die Opti-mierung der fixen Kosten (Reduzierung der Heiz- und Warmwasserkosten) unterst\u00fctzen und sich positiv auf die Umwelt auswirken.[\/vc_column_text][\/vc_column][\/vc_row][vc_row content_placement=&#8221;middle&#8221; content_text_aligment=&#8221;center&#8221; css=&#8221;.vc_custom_1556261453197{padding-right: 12% !important;padding-bottom: 100px !important;padding-left: 12% !important;}&#8221;][vc_column][vc_raw_html]JTNDc2NyaXB0JTIwc3JjJTNEJTIyaHR0cHMlM0ElMkYlMkZjb2RlLmNyZWF0ZWpzLmNvbSUyRmNyZWF0ZWpzLTIwMTUuMTEuMjYubWluLmpzJTIyJTNFJTNDJTJGc2NyaXB0JTNFJTBBJTNDc2NyaXB0JTIwc3JjJTNEJTIyaHR0cHMlM0ElMkYlMkZhZ3JlZ2F0eS5pZ2xvby5wbCUyRnNobS5qcyUyMiUzRSUzQyUyRnNjcmlwdCUzRSUwQSUwQSUwQSUwQSUzQ3NjcmlwdCUzRSUwQSUyRiUyRiUyMEdsb2JhbCUyMFNjcmlwdHMlMEElMDklMkYlMkElMEFaYXRyenltYWolMjBrbGlwJTIwZmlsbW93eSUyRndpZGVvJTBBWmF0cnp5bXVqZSUyMG9rcmUlQzUlOUJsb255JTIwa2xpcCUyMGZpbG1vd3klMjBsdWIlMjBtYXRlcmlhJUM1JTgyJTIwd2lkZW8uJTBBJTJBJTJGJTBBX3RoaXMuc3RvcCUyOCUyOSUzQiUzQyUyRnNjcmlwdCUzRSUwQSUzQ3NjcmlwdCUzRSUwQXZhciUyMGNhbnZhcyUyQyUyMHN0YWdlJTJDJTIwZXhwb3J0Um9vdCUyQyUyMGFuaW1fY29udGFpbmVyJTJDJTIwZG9tX292ZXJsYXlfY29udGFpbmVyJTJDJTIwZm5TdGFydEFuaW1hdGlvbiUzQiUwQWZ1bmN0aW9uJTIwaW5pdCUyOCUyOSUyMCU3QiUwQSUwOWNhbnZhcyUyMCUzRCUyMGRvY3VtZW50LmdldEVsZW1lbnRCeUlkJTI4JTIyY2FudmFzJTIyJTI5JTNCJTBBJTA5YW5pbV9jb250YWluZXIlMjAlM0QlMjBkb2N1bWVudC5nZXRFbGVtZW50QnlJZCUyOCUyMmFuaW1hdGlvbl9jb250YWluZXIlMjIlMjklM0IlMEElMDlkb21fb3ZlcmxheV9jb250YWluZXIlMjAlM0QlMjBkb2N1bWVudC5nZXRFbGVtZW50QnlJZCUyOCUyMmRvbV9vdmVybGF5X2NvbnRhaW5lciUyMiUyOSUzQiUwQSUwOXZhciUyMGNvbXAlM0RBZG9iZUFuLmdldENvbXBvc2l0aW9uJTI4JTIyNDVDNjNGQ0U5RjA5OEU0MUI3QzE1MkQzQjkzQkE5RTIlMjIlMjklM0IlMEElMDl2YXIlMjBsaWIlM0Rjb21wLmdldExpYnJhcnklMjglMjklM0IlMEElMDl2YXIlMjBsb2FkZXIlMjAlM0QlMjBuZXclMjBjcmVhdGVqcy5Mb2FkUXVldWUlMjhmYWxzZSUyOSUzQiUwQSUwOWxvYWRlci5hZGRFdmVudExpc3RlbmVyJTI4JTIyZmlsZWxvYWQlMjIlMkMlMjBmdW5jdGlvbiUyOGV2dCUyOSU3QmhhbmRsZUZpbGVMb2FkJTI4ZXZ0JTJDY29tcCUyOSU3RCUyOSUzQiUwQSUwOWxvYWRlci5hZGRFdmVudExpc3RlbmVyJTI4JTIyY29tcGxldGUlMjIlMkMlMjBmdW5jdGlvbiUyOGV2dCUyOSU3QmhhbmRsZUNvbXBsZXRlJTI4ZXZ0JTJDY29tcCUyOSU3RCUyOSUzQiUwQSUwOXZhciUyMGxpYiUzRGNvbXAuZ2V0TGlicmFyeSUyOCUyOSUzQiUwQSUwOWxvYWRlci5sb2FkTWFuaWZlc3QlMjhsaWIucHJvcGVydGllcy5tYW5pZmVzdCUyOSUzQiUwQSU3RCUwQWZ1bmN0aW9uJTIwaGFuZGxlRmlsZUxvYWQlMjhldnQlMkMlMjBjb21wJTI5JTIwJTdCJTBBJTA5dmFyJTIwaW1hZ2VzJTNEY29tcC5nZXRJbWFnZXMlMjglMjklM0IlMDklMEElMDlpZiUyMCUyOGV2dCUyMCUyNiUyNiUyMCUyOGV2dC5pdGVtLnR5cGUlMjAlM0QlM0QlMjAlMjJpbWFnZSUyMiUyOSUyOSUyMCU3QiUyMGltYWdlcyU1QmV2dC5pdGVtLmlkJTVEJTIwJTNEJTIwZXZ0LnJlc3VsdCUzQiUyMCU3RCUwOSUwQSU3RCUwQWZ1bmN0aW9uJTIwaGFuZGxlQ29tcGxldGUlMjhldnQlMkNjb21wJTI5JTIwJTdCJTBBJTA5JTJGJTJGVGhpcyUyMGZ1bmN0aW9uJTIwaXMlMjBhbHdheXMlMjBjYWxsZWQlMkMlMjBpcnJlc3BlY3RpdmUlMjBvZiUyMHRoZSUyMGNvbnRlbnQuJTIwWW91JTIwY2FuJTIwdXNlJTIwdGhlJTIwdmFyaWFibGUlMjAlMjJzdGFnZSUyMiUyMGFmdGVyJTIwaXQlMjBpcyUyMGNyZWF0ZWQlMjBpbiUyMHRva2VuJTIwY3JlYXRlX3N0YWdlLiUwQSUwOXZhciUyMGxpYiUzRGNvbXAuZ2V0TGlicmFyeSUyOCUyOSUzQiUwQSUwOXZhciUyMHNzJTNEY29tcC5nZXRTcHJpdGVTaGVldCUyOCUyOSUzQiUwQSUwOXZhciUyMHF1ZXVlJTIwJTNEJTIwZXZ0LnRhcmdldCUzQiUwQSUwOXZhciUyMHNzTWV0YWRhdGElMjAlM0QlMjBsaWIuc3NNZXRhZGF0YSUzQiUwQSUwOWZvciUyOGklM0QwJTNCJTIwaSUzQ3NzTWV0YWRhdGEubGVuZ3RoJTNCJTIwaSUyQiUyQiUyOSUyMCU3QiUwQSUwOSUwOXNzJTVCc3NNZXRhZGF0YSU1QmklNUQubmFtZSU1RCUyMCUzRCUyMG5ldyUyMGNyZWF0ZWpzLlNwcml0ZVNoZWV0JTI4JTIwJTdCJTIyaW1hZ2VzJTIyJTNBJTIwJTVCcXVldWUuZ2V0UmVzdWx0JTI4c3NNZXRhZGF0YSU1QmklNUQubmFtZSUyOSU1RCUyQyUyMCUyMmZyYW1lcyUyMiUzQSUyMHNzTWV0YWRhdGElNUJpJTVELmZyYW1lcyU3RCUyMCUyOSUwQSUwOSU3RCUwQSUwOWV4cG9ydFJvb3QlMjAlM0QlMjBuZXclMjBsaWIuU21hcnRIZWF0TWFuYWdlbWVudFNITV9uYV93d3clMjglMjklM0IlMEElMDlzdGFnZSUyMCUzRCUyMG5ldyUyMGxpYi5TdGFnZSUyOGNhbnZhcyUyOSUzQiUwQSUwOXN0YWdlLmVuYWJsZU1vdXNlT3ZlciUyOCUyOSUzQiUwOSUwQSUwOSUyRiUyRlJlZ2lzdGVycyUyMHRoZSUyMCUyMnRpY2slMjIlMjBldmVudCUyMGxpc3RlbmVyLiUwQSUwOWZuU3RhcnRBbmltYXRpb24lMjAlM0QlMjBmdW5jdGlvbiUyOCUyOSUyMCU3QiUwQSUwOSUwOXN0YWdlLmFkZENoaWxkJTI4ZXhwb3J0Um9vdCUyOSUzQiUwQSUwOSUwOWNyZWF0ZWpzLlRpY2tlci5zZXRGUFMlMjhsaWIucHJvcGVydGllcy5mcHMlMjklM0IlMEElMDklMDljcmVhdGVqcy5UaWNrZXIuYWRkRXZlbnRMaXN0ZW5lciUyOCUyMnRpY2slMjIlMkMlMjBzdGFnZSUyOSUzQiUwQSUwOSU3RCUwOSUyMCUyMCUyMCUyMCUwQSUwOSUyRiUyRkNvZGUlMjB0byUyMHN1cHBvcnQlMjBoaWRwaSUyMHNjcmVlbnMlMjBhbmQlMjByZXNwb25zaXZlJTIwc2NhbGluZy4lMEElMDlBZG9iZUFuLm1ha2VSZXNwb25zaXZlJTI4dHJ1ZSUyQyUyN2JvdGglMjclMkNmYWxzZSUyQzElMkMlNUJjYW52YXMlMkNhbmltX2NvbnRhaW5lciUyQ2RvbV9vdmVybGF5X2NvbnRhaW5lciU1RCUyOSUzQiUwOSUwQSUwOUFkb2JlQW4uY29tcG9zaXRpb25Mb2FkZWQlMjhsaWIucHJvcGVydGllcy5pZCUyOSUzQiUwQSUwOWZuU3RhcnRBbmltYXRpb24lMjglMjklM0IlMEElN0QlMEElM0MlMkZzY3JpcHQlM0UlMEElMEElMEElMDklM0NkaXYlMjBpZCUzRCUyMmFuaW1hdGlvbl9jb250YWluZXIlMjIlMjBzdHlsZSUzRCUyMmJhY2tncm91bmQtY29sb3IlM0FyZ2JhJTI4MjU1JTJDJTIwMjU1JTJDJTIwMjU1JTJDJTIwMS4wMCUyOSUzQiUyMHdpZHRoJTNBMTQwMHB4JTNCJTIwaGVpZ2h0JTNBNzY4cHglMjIlM0UlMEElMDklMDklM0NjYW52YXMlMjBpZCUzRCUyMmNhbnZhcyUyMiUyMHdpZHRoJTNEJTIyMTQwMCUyMiUyMGhlaWdodCUzRCUyMjc2OCUyMiUyMHN0eWxlJTNEJTIycG9zaXRpb24lM0ElMjBhYnNvbHV0ZSUzQiUyMGRpc3BsYXklM0ElMjBibG9jayUzQiUyMGJhY2tncm91bmQtY29sb3IlM0FyZ2JhJTI4MjU1JTJDJTIwMjU1JTJDJTIwMjU1JTJDJTIwMS4wMCUyOSUzQiUyMiUzRSUzQyUyRmNhbnZhcyUzRSUwQSUwOSUwOSUzQ2RpdiUyMGlkJTNEJTIyZG9tX292ZXJsYXlfY29udGFpbmVyJTIyJTIwc3R5bGUlM0QlMjJwb2ludGVyLWV2ZW50cyUzQW5vbmUlM0IlMjBvdmVyZmxvdyUzQWhpZGRlbiUzQiUyMHdpZHRoJTNBMTQwMHB4JTNCJTIwaGVpZ2h0JTNBNzY4cHglM0IlMjBwb3NpdGlvbiUzQSUyMHJlbGF0aXZlJTNCJTIwbGVmdCUzQTI1JTI1JTNCJTIwcmlnaHQlM0EyNSUyNSUzQiUyMHRvcCUzQSUyMDBweCUzQiUyMGRpc3BsYXklM0ElMjBibG9jayUzQiUyMiUzRSUwQSUwOSUwOSUzQyUyRmRpdiUzRSUwQSUwOSUzQyUyRmRpdiUzRQ==[\/vc_raw_html][\/vc_column][\/vc_row][vc_row gap=&#8221;4&#8243; equal_height=&#8221;yes&#8221; row_content_width=&#8221;grid&#8221; css=&#8221;.vc_custom_1557389736888{padding-top: 40px !important;}&#8221;][vc_column width=&#8221;1\/6&#8243; css=&#8221;.vc_custom_1557386970620{background-color: #f4f4f4 !important;}&#8221;]<div class=\"eltdf-iwt clearfix  eltdf-iwt-icon-top eltdf-iwt-icon-medium eltdf-iwt-with-link\">\n\t<div class=\"eltdf-iwt-icon\">\n\t\t\t\t\t<a itemprop=\"url\" href=\"https:\/\/agregaty.igloo.pl\/agregaty-inwenterowe\/technologia\/akustyka\/\" target=\"_self\">\n\t\t\t\t\t\t\t\t\t    <span class=\"eltdf-icon-shortcode eltdf-normal   eltdf-icon-medium\"  data-hover-color=\"#000000\" data-color=\"#e62735\">\n                    <i class=\"eltdf-icon-linea-icon icon-music-volume-down eltdf-icon-element\" style=\"color: #e62735\" ><\/i>            <\/span>\n\t\t\t\t\t\t\t\t<\/a>\n\t\t\t<\/div>\n\t<div class=\"eltdf-iwt-content\" >\n\t\t\t\t\t<h3 class=\"eltdf-iwt-title\" >\n\t\t\t\t\t\t\t\t\t<a itemprop=\"url\" href=\"https:\/\/agregaty.igloo.pl\/agregaty-inwenterowe\/technologia\/akustyka\/\" target=\"_self\">\n\t\t\t\t\t\t\t\t<span class=\"eltdf-iwt-title-text\">Akustik<\/span>\n\t\t\t\t\t\t\t\t\t<\/a>\n\t\t\t\t\t\t\t<\/h3>\n\t\t\t\t\t<\/div>\n<\/div>[\/vc_column][vc_column width=&#8221;1\/6&#8243; css=&#8221;.vc_custom_1557387007939{background-color: #f4f4f4 !important;}&#8221;]<div class=\"eltdf-iwt clearfix  eltdf-iwt-icon-top eltdf-iwt-icon-medium eltdf-iwt-with-link\">\n\t<div class=\"eltdf-iwt-icon\">\n\t\t\t\t\t<a itemprop=\"url\" href=\"https:\/\/agregaty.igloo.pl\/agregaty-inwenterowe\/technologia\/plugplay\/\" target=\"_self\">\n\t\t\t\t\t\t\t\t\t    <span class=\"eltdf-icon-shortcode eltdf-normal   eltdf-icon-medium\"  data-color=\"#e62735\">\n                    <i class=\"eltdf-icon-linea-icon icon-basic-link eltdf-icon-element\" style=\"color: #e62735\" ><\/i>            <\/span>\n\t\t\t\t\t\t\t\t<\/a>\n\t\t\t<\/div>\n\t<div class=\"eltdf-iwt-content\" >\n\t\t\t\t\t<h3 class=\"eltdf-iwt-title\" >\n\t\t\t\t\t\t\t\t\t<a itemprop=\"url\" href=\"https:\/\/agregaty.igloo.pl\/agregaty-inwenterowe\/technologia\/plugplay\/\" target=\"_self\">\n\t\t\t\t\t\t\t\t<span class=\"eltdf-iwt-title-text\">Plug &amp; Play<\/span>\n\t\t\t\t\t\t\t\t\t<\/a>\n\t\t\t\t\t\t\t<\/h3>\n\t\t\t\t\t<\/div>\n<\/div>[\/vc_column][vc_column width=&#8221;1\/6&#8243; css=&#8221;.vc_custom_1557387015083{background-color: #f4f4f4 !important;}&#8221;]<div class=\"eltdf-iwt clearfix  eltdf-iwt-icon-top eltdf-iwt-icon-medium eltdf-iwt-with-link\">\n\t<div class=\"eltdf-iwt-icon\">\n\t\t\t\t\t<a itemprop=\"url\" href=\"https:\/\/agregaty.igloo.pl\/agregaty-inwenterowe\/technologia\/acu-ready\/\" target=\"_self\">\n\t\t\t\t\t\t\t\t\t    <span class=\"eltdf-icon-shortcode eltdf-normal   eltdf-icon-medium\"  data-color=\"#e62735\">\n                    <i class=\"eltdf-icon-linea-icon icon-weather-snowflake eltdf-icon-element\" style=\"color: #e62735\" ><\/i>            <\/span>\n\t\t\t\t\t\t\t\t<\/a>\n\t\t\t<\/div>\n\t<div class=\"eltdf-iwt-content\" >\n\t\t\t\t\t<h3 class=\"eltdf-iwt-title\" >\n\t\t\t\t\t\t\t\t\t<a itemprop=\"url\" href=\"https:\/\/agregaty.igloo.pl\/agregaty-inwenterowe\/technologia\/acu-ready\/\" target=\"_self\">\n\t\t\t\t\t\t\t\t<span class=\"eltdf-iwt-title-text\">ACU bereit<\/span>\n\t\t\t\t\t\t\t\t\t<\/a>\n\t\t\t\t\t\t\t<\/h3>\n\t\t\t\t\t<\/div>\n<\/div>[\/vc_column][vc_column width=&#8221;1\/6&#8243; css=&#8221;.vc_custom_1557387019752{background-color: #f4f4f4 !important;}&#8221;]<div class=\"eltdf-iwt clearfix  eltdf-iwt-icon-top eltdf-iwt-icon-medium eltdf-iwt-with-link\">\n\t<div class=\"eltdf-iwt-icon\">\n\t\t\t\t\t<a itemprop=\"url\" href=\"https:\/\/agregaty.igloo.pl\/agregaty-inwenterowe\/technologia\/shm\/\" target=\"_self\">\n\t\t\t\t\t\t\t\t\t    <span class=\"eltdf-icon-shortcode eltdf-normal   eltdf-icon-medium\"  data-color=\"#e62735\">\n                    <i class=\"eltdf-icon-linea-icon icon-weather-sun eltdf-icon-element\" style=\"color: #e62735\" ><\/i>            <\/span>\n\t\t\t\t\t\t\t\t<\/a>\n\t\t\t<\/div>\n\t<div class=\"eltdf-iwt-content\" >\n\t\t\t\t\t<h3 class=\"eltdf-iwt-title\" >\n\t\t\t\t\t\t\t\t\t<a itemprop=\"url\" href=\"https:\/\/agregaty.igloo.pl\/agregaty-inwenterowe\/technologia\/shm\/\" target=\"_self\">\n\t\t\t\t\t\t\t\t<span class=\"eltdf-iwt-title-text\">Intelligentes W\u00e4rmemanagement<\/span>\n\t\t\t\t\t\t\t\t\t<\/a>\n\t\t\t\t\t\t\t<\/h3>\n\t\t\t\t\t<\/div>\n<\/div>[\/vc_column][vc_column width=&#8221;1\/6&#8243; css=&#8221;.vc_custom_1557387029154{background-color: #f4f4f4 !important;}&#8221;]<div class=\"eltdf-iwt clearfix  eltdf-iwt-icon-top eltdf-iwt-icon-medium eltdf-iwt-with-link\">\n\t<div class=\"eltdf-iwt-icon\">\n\t\t\t\t\t<a itemprop=\"url\" href=\"https:\/\/agregaty.igloo.pl\/agregaty-inwenterowe\/technologia\/glikol\/\" target=\"_self\">\n\t\t\t\t\t\t\t\t\t    <span class=\"eltdf-icon-shortcode eltdf-normal   eltdf-icon-medium\"  data-color=\"#e62735\">\n                    <i class=\"eltdf-icon-linea-icon icon-weather-drop eltdf-icon-element\" style=\"color: #e62735\" ><\/i>            <\/span>\n\t\t\t\t\t\t\t\t<\/a>\n\t\t\t<\/div>\n\t<div class=\"eltdf-iwt-content\" >\n\t\t\t\t\t<h3 class=\"eltdf-iwt-title\" >\n\t\t\t\t\t\t\t\t\t<a itemprop=\"url\" href=\"https:\/\/agregaty.igloo.pl\/agregaty-inwenterowe\/technologia\/glikol\/\" target=\"_self\">\n\t\t\t\t\t\t\t\t<span class=\"eltdf-iwt-title-text\">Glykolgek\u00fchlte M\u00f6bel<\/span>\n\t\t\t\t\t\t\t\t\t<\/a>\n\t\t\t\t\t\t\t<\/h3>\n\t\t\t\t\t<\/div>\n<\/div>[\/vc_column][vc_column width=&#8221;1\/6&#8243; css=&#8221;.vc_custom_1557387034947{background-color: #f4f4f4 !important;}&#8221;]<div class=\"eltdf-iwt clearfix  eltdf-iwt-icon-top eltdf-iwt-icon-medium eltdf-iwt-with-link\">\n\t<div class=\"eltdf-iwt-icon\">\n\t\t\t\t\t<a itemprop=\"url\" href=\"https:\/\/agregaty.igloo.pl\/agregaty-inwenterowe\/technologia\/uklady-redundantne\/\" target=\"_self\">\n\t\t\t\t\t\t\t\t\t    <span class=\"eltdf-icon-shortcode eltdf-normal   eltdf-icon-medium\"  data-color=\"#e62735\">\n                    <i class=\"eltdf-icon-linea-icon icon-arrows-clockwise-dashed eltdf-icon-element\" style=\"color: #e62735\" ><\/i>            <\/span>\n\t\t\t\t\t\t\t\t<\/a>\n\t\t\t<\/div>\n\t<div class=\"eltdf-iwt-content\" >\n\t\t\t\t\t<h3 class=\"eltdf-iwt-title\" >\n\t\t\t\t\t\t\t\t\t<a itemprop=\"url\" href=\"https:\/\/agregaty.igloo.pl\/agregaty-inwenterowe\/technologia\/uklady-redundantne\/\" target=\"_self\">\n\t\t\t\t\t\t\t\t<span class=\"eltdf-iwt-title-text\">Redundante Systeme<\/span>\n\t\t\t\t\t\t\t\t\t<\/a>\n\t\t\t\t\t\t\t<\/h3>\n\t\t\t\t\t<\/div>\n<\/div>[\/vc_column][\/vc_row][vc_row gap=&#8221;4&#8243; equal_height=&#8221;yes&#8221; row_content_width=&#8221;grid&#8221; css=&#8221;.vc_custom_1557389740680{padding-bottom: 100px !important;}&#8221;][vc_column width=&#8221;1\/6&#8243; css=&#8221;.vc_custom_1557386970620{background-color: #f4f4f4 !important;}&#8221;]<div class=\"eltdf-iwt clearfix  eltdf-iwt-icon-top eltdf-iwt-icon-medium eltdf-iwt-with-link\">\n\t<div class=\"eltdf-iwt-icon\">\n\t\t\t\t\t<a itemprop=\"url\" href=\"https:\/\/agregaty.igloo.pl\/agregaty-inwenterowe\/technologia\/power-peak\/\" target=\"_self\">\n\t\t\t\t\t\t\t\t\t    <span class=\"eltdf-icon-shortcode eltdf-normal   eltdf-icon-medium\"  data-color=\"#e62735\">\n                    <i class=\"eltdf-icon-linea-icon icon-basic-bolt eltdf-icon-element\" style=\"color: #e62735\" ><\/i>            <\/span>\n\t\t\t\t\t\t\t\t<\/a>\n\t\t\t<\/div>\n\t<div class=\"eltdf-iwt-content\" >\n\t\t\t\t\t<h3 class=\"eltdf-iwt-title\" >\n\t\t\t\t\t\t\t\t\t<a itemprop=\"url\" href=\"https:\/\/agregaty.igloo.pl\/agregaty-inwenterowe\/technologia\/power-peak\/\" target=\"_self\">\n\t\t\t\t\t\t\t\t<span class=\"eltdf-iwt-title-text\">Leistungsspitzen<\/span>\n\t\t\t\t\t\t\t\t\t<\/a>\n\t\t\t\t\t\t\t<\/h3>\n\t\t\t\t\t<\/div>\n<\/div>[\/vc_column][vc_column width=&#8221;1\/6&#8243; css=&#8221;.vc_custom_1557387007939{background-color: #f4f4f4 !important;}&#8221;]<div class=\"eltdf-iwt clearfix  eltdf-iwt-icon-top eltdf-iwt-icon-medium eltdf-iwt-with-link\">\n\t<div class=\"eltdf-iwt-icon\">\n\t\t\t\t\t<a itemprop=\"url\" href=\"https:\/\/agregaty.igloo.pl\/agregaty-inwenterowe\/technologia\/tryb-awaryjny\/\" target=\"_self\">\n\t\t\t\t\t\t\t\t\t    <span class=\"eltdf-icon-shortcode eltdf-normal   eltdf-icon-medium\"  data-color=\"#e62735\">\n                    <i class=\"eltdf-icon-linea-icon icon-basic-alarm eltdf-icon-element\" style=\"color: #e62735\" ><\/i>            <\/span>\n\t\t\t\t\t\t\t\t<\/a>\n\t\t\t<\/div>\n\t<div class=\"eltdf-iwt-content\" >\n\t\t\t\t\t<h3 class=\"eltdf-iwt-title\" >\n\t\t\t\t\t\t\t\t\t<a itemprop=\"url\" href=\"https:\/\/agregaty.igloo.pl\/agregaty-inwenterowe\/technologia\/tryb-awaryjny\/\" target=\"_self\">\n\t\t\t\t\t\t\t\t<span class=\"eltdf-iwt-title-text\">Ausfallmodus<\/span>\n\t\t\t\t\t\t\t\t\t<\/a>\n\t\t\t\t\t\t\t<\/h3>\n\t\t\t\t\t<\/div>\n<\/div>[\/vc_column][vc_column width=&#8221;1\/6&#8243; css=&#8221;.vc_custom_1557387015083{background-color: #f4f4f4 !important;}&#8221;]<div class=\"eltdf-iwt clearfix  eltdf-iwt-icon-top eltdf-iwt-icon-medium eltdf-iwt-with-link\">\n\t<div class=\"eltdf-iwt-icon\">\n\t\t\t\t\t<a itemprop=\"url\" href=\"https:\/\/agregaty.igloo.pl\/agregaty-inwenterowe\/technologia\/defrost-free\/\" target=\"_self\">\n\t\t\t\t\t\t\t\t\t    <span class=\"eltdf-icon-shortcode eltdf-normal   eltdf-icon-medium\"  data-color=\"#e62735\">\n                    <i class=\"eltdf-icon-linea-icon icon-arrows-move-left eltdf-icon-element\" style=\"color: #e62735\" ><\/i>            <\/span>\n\t\t\t\t\t\t\t\t<\/a>\n\t\t\t<\/div>\n\t<div class=\"eltdf-iwt-content\" >\n\t\t\t\t\t<h3 class=\"eltdf-iwt-title\" >\n\t\t\t\t\t\t\t\t\t<a itemprop=\"url\" href=\"https:\/\/agregaty.igloo.pl\/agregaty-inwenterowe\/technologia\/defrost-free\/\" target=\"_self\">\n\t\t\t\t\t\t\t\t<span class=\"eltdf-iwt-title-text\">Kompatibilit\u00e4t<\/span>\n\t\t\t\t\t\t\t\t\t<\/a>\n\t\t\t\t\t\t\t<\/h3>\n\t\t\t\t\t<\/div>\n<\/div>[\/vc_column][vc_column width=&#8221;1\/6&#8243; css=&#8221;.vc_custom_1557387019752{background-color: #f4f4f4 !important;}&#8221;]<div class=\"eltdf-iwt clearfix  eltdf-iwt-icon-top eltdf-iwt-icon-medium eltdf-iwt-with-link\">\n\t<div class=\"eltdf-iwt-icon\">\n\t\t\t\t\t<a itemprop=\"url\" href=\"https:\/\/agregaty.igloo.pl\/agregaty-inwenterowe\/technologia\/defrost-free-2\/\" target=\"_self\">\n\t\t\t\t\t\t\t\t\t    <span class=\"eltdf-icon-shortcode eltdf-normal   eltdf-icon-medium\"  data-color=\"#e62735\">\n                    <i class=\"eltdf-icon-linea-icon icon-software-shape-polygon eltdf-icon-element\" style=\"color: #e62735\" ><\/i>            <\/span>\n\t\t\t\t\t\t\t\t<\/a>\n\t\t\t<\/div>\n\t<div class=\"eltdf-iwt-content\" >\n\t\t\t\t\t<h3 class=\"eltdf-iwt-title\" >\n\t\t\t\t\t\t\t\t\t<a itemprop=\"url\" href=\"https:\/\/agregaty.igloo.pl\/agregaty-inwenterowe\/technologia\/defrost-free-2\/\" target=\"_self\">\n\t\t\t\t\t\t\t\t<span class=\"eltdf-iwt-title-text\">Abtaufrei<\/span>\n\t\t\t\t\t\t\t\t\t<\/a>\n\t\t\t\t\t\t\t<\/h3>\n\t\t\t\t\t<\/div>\n<\/div>[\/vc_column][vc_column width=&#8221;1\/6&#8243; css=&#8221;.vc_custom_1557387029154{background-color: #f4f4f4 !important;}&#8221;]<div class=\"eltdf-iwt clearfix  eltdf-iwt-icon-top eltdf-iwt-icon-medium eltdf-iwt-with-link\">\n\t<div class=\"eltdf-iwt-icon\">\n\t\t\t\t\t<a itemprop=\"url\" href=\"https:\/\/agregaty.igloo.pl\/agregaty-inwenterowe\/technologia\/low-bar-mode\/\" target=\"_self\">\n\t\t\t\t\t\t\t\t\t    <span class=\"eltdf-icon-shortcode eltdf-normal   eltdf-icon-medium\"  data-color=\"#e62735\">\n                    <i class=\"eltdf-icon-linea-icon icon-basic-anticlockwise eltdf-icon-element\" style=\"color: #e62735\" ><\/i>            <\/span>\n\t\t\t\t\t\t\t\t<\/a>\n\t\t\t<\/div>\n\t<div class=\"eltdf-iwt-content\" >\n\t\t\t\t\t<h3 class=\"eltdf-iwt-title\" >\n\t\t\t\t\t\t\t\t\t<a itemprop=\"url\" href=\"https:\/\/agregaty.igloo.pl\/agregaty-inwenterowe\/technologia\/low-bar-mode\/\" target=\"_self\">\n\t\t\t\t\t\t\t\t<span class=\"eltdf-iwt-title-text\">Niedriger Balken Modus<\/span>\n\t\t\t\t\t\t\t\t\t<\/a>\n\t\t\t\t\t\t\t<\/h3>\n\t\t\t\t\t<\/div>\n<\/div>[\/vc_column][vc_column width=&#8221;1\/6&#8243; css=&#8221;.vc_custom_1557387034947{background-color: #f4f4f4 !important;}&#8221;]<div class=\"eltdf-iwt clearfix  eltdf-iwt-icon-top eltdf-iwt-icon-medium eltdf-iwt-with-link\">\n\t<div class=\"eltdf-iwt-icon\">\n\t\t\t\t\t<a itemprop=\"url\" href=\"https:\/\/agregaty.igloo.pl\/agregaty-inwenterowe\/technologia\/panel-sterujacy\/\" target=\"_self\">\n\t\t\t\t\t\t\t\t\t    <span class=\"eltdf-icon-shortcode eltdf-normal   eltdf-icon-medium\"  data-color=\"#e62735\">\n                    <i class=\"eltdf-icon-linea-icon icon-basic-tablet eltdf-icon-element\" style=\"color: #e62735\" ><\/i>            <\/span>\n\t\t\t\t\t\t\t\t<\/a>\n\t\t\t<\/div>\n\t<div class=\"eltdf-iwt-content\" >\n\t\t\t\t\t<h3 class=\"eltdf-iwt-title\" >\n\t\t\t\t\t\t\t\t\t<a itemprop=\"url\" href=\"https:\/\/agregaty.igloo.pl\/agregaty-inwenterowe\/technologia\/panel-sterujacy\/\" target=\"_self\">\n\t\t\t\t\t\t\t\t<span class=\"eltdf-iwt-title-text\">Bedienfeld<\/span>\n\t\t\t\t\t\t\t\t\t<\/a>\n\t\t\t\t\t\t\t<\/h3>\n\t\t\t\t\t<\/div>\n<\/div>[\/vc_column][\/vc_row]<\/p>\n<p><\/p>","protected":false},"excerpt":{"rendered":"<p>[vc_row row_content_width=&#8221;grid&#8221; css=&#8221;.vc_custom_1556002913871{padding-top: 50px !important;padding-bottom: 50px !important;}&#8221;][vc_column width=&#8221;1\/2&#8243;][vc_column_text]Die Aggregate MultiCool Plus sind Konstruktionen, die bei Be-darf neue Funktionalit\u00e4ten erhalten k\u00f6nnen. Mit den verf\u00fcgbaren Zusatzmo-dulen kann das Anwendungsspektrum der Ger\u00e4te um das ACU-Hydromodul zur Erzeugung von Eiswasser oder um das [&hellip;]<\/p>\n","protected":false},"author":1,"featured_media":0,"parent":4973,"menu_order":0,"comment_status":"closed","ping_status":"closed","template":"full-width.php","meta":[],"_links":{"self":[{"href":"https:\/\/agregaty.igloo.pl\/de\/wp-json\/wp\/v2\/pages\/4981"}],"collection":[{"href":"https:\/\/agregaty.igloo.pl\/de\/wp-json\/wp\/v2\/pages"}],"about":[{"href":"https:\/\/agregaty.igloo.pl\/de\/wp-json\/wp\/v2\/types\/page"}],"author":[{"embeddable":true,"href":"https:\/\/agregaty.igloo.pl\/de\/wp-json\/wp\/v2\/users\/1"}],"replies":[{"embeddable":true,"href":"https:\/\/agregaty.igloo.pl\/de\/wp-json\/wp\/v2\/comments?post=4981"}],"version-history":[{"count":17,"href":"https:\/\/agregaty.igloo.pl\/de\/wp-json\/wp\/v2\/pages\/4981\/revisions"}],"predecessor-version":[{"id":6461,"href":"https:\/\/agregaty.igloo.pl\/de\/wp-json\/wp\/v2\/pages\/4981\/revisions\/6461"}],"up":[{"embeddable":true,"href":"https:\/\/agregaty.igloo.pl\/de\/wp-json\/wp\/v2\/pages\/4973"}],"wp:attachment":[{"href":"https:\/\/agregaty.igloo.pl\/de\/wp-json\/wp\/v2\/media?parent=4981"}],"curies":[{"name":"wp","href":"https:\/\/api.w.org\/{rel}","templated":true}]}}