
{"id":4983,"date":"2019-04-15T07:39:21","date_gmt":"2019-04-15T05:39:21","guid":{"rendered":"https:\/\/agregaty.igloo.pl\/?page_id=4983"},"modified":"2022-11-17T15:44:06","modified_gmt":"2022-11-17T14:44:06","slug":"glikol","status":"publish","type":"page","link":"https:\/\/agregaty.igloo.pl\/de\/aggregate-mit-inverter-igloo\/technologie\/glykol-gekuhlte-mobel\/","title":{"rendered":"ACU Ready &#8211; Glykol-gek\u00fchlte M\u00f6bel"},"content":{"rendered":"<p><\/p>\n<p>[vc_row row_content_width=&#8221;grid&#8221; css=&#8221;.vc_custom_1556002913871{padding-top: 50px !important;padding-bottom: 50px !important;}&#8221;][vc_column width=&#8221;1\/2&#8243;][vc_column_text]<span style=\"font-size: 120%;\"><strong>Die Aggregate MultiCool Plus sind Konstruktionen, die bei Be-darf neue Funktionalit\u00e4ten erhalten k\u00f6nnen.<\/strong> Mit den verf\u00fcgbaren Zusatzmo-dulen kann das Anwendungsspektrum der Ger\u00e4te um das ACU-Hydromodul zur Erzeugung von Eiswasser oder um das W\u00e4rmer\u00fcckgewinnungssystem SHM erweitert werden. Dies macht den Einsatz von IGLOO-Aggregaten noch wirtschaftlicher.<\/span>[\/vc_column_text][\/vc_column][vc_column width=&#8221;1\/2&#8243;][vc_column_text]Aktuell gibt es einen klaren Trend zur Nutzung von Eiswasser in der K\u00e4lte-technik. Immer h\u00e4ufiger entscheiden sich die Investoren f\u00fcr die Montage von Glykol-gek\u00fchlten Ger\u00e4ten. F\u00fcr diese Art von L\u00f6sungen sind die MultiCool Plus Aggregate mit Inverter in Kombination mit dem ACU-Modul (Advanced Chiller Unit) perfekt geeignet. Dank dem ACU-Modul wird das K\u00e4l-temittel in Eiswasser umgewandelt, das dann direkt zu den Zielger\u00e4ten ge-f\u00fchrt werden kann. Dieses Modul ist jederzeit anschlie\u00dfbar und beraubt das Aggregat nicht der Funktionalit\u00e4t, dank der das K\u00e4ltemittel zu einer separa-ten Ger\u00e4tegruppe zugef\u00fchrt werden kann. Auf diese Weise kann das Aggre-gat K\u00e4lte zu verschiedenen, unabh\u00e4ngigen Kreisl\u00e4ufen zuf\u00fchren.[\/vc_column_text][\/vc_column][\/vc_row][vc_row content_placement=&#8221;middle&#8221; content_text_aligment=&#8221;left&#8221; css=&#8221;.vc_custom_1557122269252{padding-right: 6% !important;padding-bottom: 100px !important;padding-left: 6% !important;}&#8221;][vc_column][vc_raw_html]JTNDc2NyaXB0JTIwc3JjJTNEJTIyaHR0cHMlM0ElMkYlMkZjb2RlLmNyZWF0ZWpzLmNvbSUyRmNyZWF0ZWpzLTIwMTUuMTEuMjYubWluLmpzJTIyJTNFJTNDJTJGc2NyaXB0JTNFJTBBJTNDc2NyaXB0JTIwc3JjJTNEJTIyaHR0cHMlM0ElMkYlMkZhZ3JlZ2F0eS5pZ2xvby5wbCUyRmdsaWtvbF9lbi5qcyUzRjE1NTcxMjIwNjcxNTUlMjIlM0UlM0MlMkZzY3JpcHQlM0UlMEElM0NzY3JpcHQlM0UlMEElMkYlMkYlMjBHbG9iYWwlMjBTY3JpcHRzJTBBJTA5JTJGJTJBJTBBWmF0cnp5bWFqJTIwa2xpcCUyMGZpbG1vd3klMkZ3aWRlbyUwQVphdHJ6eW11amUlMjBva3JlJUM1JTlCbG9ueSUyMGtsaXAlMjBmaWxtb3d5JTIwbHViJTIwbWF0ZXJpYSVDNSU4MiUyMHdpZGVvLiUwQSUyQSUyRiUwQV90aGlzLnN0b3AlMjglMjklM0IlM0MlMkZzY3JpcHQlM0UlMEElM0NzY3JpcHQlM0UlMEF2YXIlMjBjYW52YXMlMkMlMjBzdGFnZSUyQyUyMGV4cG9ydFJvb3QlMkMlMjBhbmltX2NvbnRhaW5lciUyQyUyMGRvbV9vdmVybGF5X2NvbnRhaW5lciUyQyUyMGZuU3RhcnRBbmltYXRpb24lM0IlMEFmdW5jdGlvbiUyMGluaXQlMjglMjklMjAlN0IlMEElMDljYW52YXMlMjAlM0QlMjBkb2N1bWVudC5nZXRFbGVtZW50QnlJZCUyOCUyMmNhbnZhcyUyMiUyOSUzQiUwQSUwOWFuaW1fY29udGFpbmVyJTIwJTNEJTIwZG9jdW1lbnQuZ2V0RWxlbWVudEJ5SWQlMjglMjJhbmltYXRpb25fY29udGFpbmVyJTIyJTI5JTNCJTBBJTA5ZG9tX292ZXJsYXlfY29udGFpbmVyJTIwJTNEJTIwZG9jdW1lbnQuZ2V0RWxlbWVudEJ5SWQlMjglMjJkb21fb3ZlcmxheV9jb250YWluZXIlMjIlMjklM0IlMEElMDl2YXIlMjBjb21wJTNEQWRvYmVBbi5nZXRDb21wb3NpdGlvbiUyOCUyMjQ1QzYzRkNFOUYwOThFNDFCN0MxNTJEM0I5M0JBOUUyJTIyJTI5JTNCJTBBJTA5dmFyJTIwbGliJTNEY29tcC5nZXRMaWJyYXJ5JTI4JTI5JTNCJTBBJTA5dmFyJTIwbG9hZGVyJTIwJTNEJTIwbmV3JTIwY3JlYXRlanMuTG9hZFF1ZXVlJTI4ZmFsc2UlMjklM0IlMEElMDlsb2FkZXIuYWRkRXZlbnRMaXN0ZW5lciUyOCUyMmZpbGVsb2FkJTIyJTJDJTIwZnVuY3Rpb24lMjhldnQlMjklN0JoYW5kbGVGaWxlTG9hZCUyOGV2dCUyQ2NvbXAlMjklN0QlMjklM0IlMEElMDlsb2FkZXIuYWRkRXZlbnRMaXN0ZW5lciUyOCUyMmNvbXBsZXRlJTIyJTJDJTIwZnVuY3Rpb24lMjhldnQlMjklN0JoYW5kbGVDb21wbGV0ZSUyOGV2dCUyQ2NvbXAlMjklN0QlMjklM0IlMEElMDl2YXIlMjBsaWIlM0Rjb21wLmdldExpYnJhcnklMjglMjklM0IlMEElMDlsb2FkZXIubG9hZE1hbmlmZXN0JTI4bGliLnByb3BlcnRpZXMubWFuaWZlc3QlMjklM0IlMEElN0QlMEFmdW5jdGlvbiUyMGhhbmRsZUZpbGVMb2FkJTI4ZXZ0JTJDJTIwY29tcCUyOSUyMCU3QiUwQSUwOXZhciUyMGltYWdlcyUzRGNvbXAuZ2V0SW1hZ2VzJTI4JTI5JTNCJTA5JTBBJTA5aWYlMjAlMjhldnQlMjAlMjYlMjYlMjAlMjhldnQuaXRlbS50eXBlJTIwJTNEJTNEJTIwJTIyaW1hZ2UlMjIlMjklMjklMjAlN0IlMjBpbWFnZXMlNUJldnQuaXRlbS5pZCU1RCUyMCUzRCUyMGV2dC5yZXN1bHQlM0IlMjAlN0QlMDklMEElN0QlMEFmdW5jdGlvbiUyMGhhbmRsZUNvbXBsZXRlJTI4ZXZ0JTJDY29tcCUyOSUyMCU3QiUwQSUwOSUyRiUyRlRoaXMlMjBmdW5jdGlvbiUyMGlzJTIwYWx3YXlzJTIwY2FsbGVkJTJDJTIwaXJyZXNwZWN0aXZlJTIwb2YlMjB0aGUlMjBjb250ZW50LiUyMFlvdSUyMGNhbiUyMHVzZSUyMHRoZSUyMHZhcmlhYmxlJTIwJTIyc3RhZ2UlMjIlMjBhZnRlciUyMGl0JTIwaXMlMjBjcmVhdGVkJTIwaW4lMjB0b2tlbiUyMGNyZWF0ZV9zdGFnZS4lMEElMDl2YXIlMjBsaWIlM0Rjb21wLmdldExpYnJhcnklMjglMjklM0IlMEElMDl2YXIlMjBzcyUzRGNvbXAuZ2V0U3ByaXRlU2hlZXQlMjglMjklM0IlMEElMDl2YXIlMjBxdWV1ZSUyMCUzRCUyMGV2dC50YXJnZXQlM0IlMEElMDl2YXIlMjBzc01ldGFkYXRhJTIwJTNEJTIwbGliLnNzTWV0YWRhdGElM0IlMEElMDlmb3IlMjhpJTNEMCUzQiUyMGklM0Nzc01ldGFkYXRhLmxlbmd0aCUzQiUyMGklMkIlMkIlMjklMjAlN0IlMEElMDklMDlzcyU1QnNzTWV0YWRhdGElNUJpJTVELm5hbWUlNUQlMjAlM0QlMjBuZXclMjBjcmVhdGVqcy5TcHJpdGVTaGVldCUyOCUyMCU3QiUyMmltYWdlcyUyMiUzQSUyMCU1QnF1ZXVlLmdldFJlc3VsdCUyOHNzTWV0YWRhdGElNUJpJTVELm5hbWUlMjklNUQlMkMlMjAlMjJmcmFtZXMlMjIlM0ElMjBzc01ldGFkYXRhJTVCaSU1RC5mcmFtZXMlN0QlMjAlMjklMEElMDklN0QlMEElMDlleHBvcnRSb290JTIwJTNEJTIwbmV3JTIwbGliLmdsaWtvbF9lbiUyOCUyOSUzQiUwQSUwOXN0YWdlJTIwJTNEJTIwbmV3JTIwbGliLlN0YWdlJTI4Y2FudmFzJTI5JTNCJTBBJTA5c3RhZ2UuZW5hYmxlTW91c2VPdmVyJTI4JTI5JTNCJTA5JTBBJTA5JTJGJTJGUmVnaXN0ZXJzJTIwdGhlJTIwJTIydGljayUyMiUyMGV2ZW50JTIwbGlzdGVuZXIuJTBBJTA5Zm5TdGFydEFuaW1hdGlvbiUyMCUzRCUyMGZ1bmN0aW9uJTI4JTI5JTIwJTdCJTBBJTA5JTA5c3RhZ2UuYWRkQ2hpbGQlMjhleHBvcnRSb290JTI5JTNCJTBBJTA5JTA5Y3JlYXRlanMuVGlja2VyLnNldEZQUyUyOGxpYi5wcm9wZXJ0aWVzLmZwcyUyOSUzQiUwQSUwOSUwOWNyZWF0ZWpzLlRpY2tlci5hZGRFdmVudExpc3RlbmVyJTI4JTIydGljayUyMiUyQyUyMHN0YWdlJTI5JTNCJTBBJTA5JTdEJTA5JTIwJTIwJTIwJTIwJTBBJTA5JTJGJTJGQ29kZSUyMHRvJTIwc3VwcG9ydCUyMGhpZHBpJTIwc2NyZWVucyUyMGFuZCUyMHJlc3BvbnNpdmUlMjBzY2FsaW5nLiUwQSUwOUFkb2JlQW4ubWFrZVJlc3BvbnNpdmUlMjh0cnVlJTJDJTI3Ym90aCUyNyUyQ2ZhbHNlJTJDMSUyQyU1QmNhbnZhcyUyQ2FuaW1fY29udGFpbmVyJTJDZG9tX292ZXJsYXlfY29udGFpbmVyJTVEJTI5JTNCJTA5JTBBJTA5QWRvYmVBbi5jb21wb3NpdGlvbkxvYWRlZCUyOGxpYi5wcm9wZXJ0aWVzLmlkJTI5JTNCJTBBJTA5Zm5TdGFydEFuaW1hdGlvbiUyOCUyOSUzQiUwQSU3RCUwQSUzQyUyRnNjcmlwdCUzRSUwQSUwQSUwQSUwOSUzQyUzQ2RpdiUyMGlkJTNEJTIyYW5pbWF0aW9uX2NvbnRhaW5lciUyMiUyMHN0eWxlJTNEJTIyYmFja2dyb3VuZC1jb2xvciUzQXJnYmElMjgyNTUlMkMlMjAyNTUlMkMlMjAyNTUlMkMlMjAxLjAwJTI5JTNCJTIwd2lkdGglM0ExNDAwcHglM0IlMjBoZWlnaHQlM0E3NjhweCUyMiUzRSUwQSUwOSUwOSUzQ2NhbnZhcyUyMGlkJTNEJTIyY2FudmFzJTIyJTIwd2lkdGglM0QlMjIxNDAwJTIyJTIwaGVpZ2h0JTNEJTIyNzY4JTIyJTIwc3R5bGUlM0QlMjJwb3NpdGlvbiUzQSUyMGFic29sdXRlJTNCJTIwZGlzcGxheSUzQSUyMGJsb2NrJTNCJTIwYmFja2dyb3VuZC1jb2xvciUzQXJnYmElMjgyNTUlMkMlMjAyNTUlMkMlMjAyNTUlMkMlMjAxLjAwJTI5JTNCJTIyJTNFJTNDJTJGY2FudmFzJTNFJTBBJTA5JTA5JTNDZGl2JTIwaWQlM0QlMjJkb21fb3ZlcmxheV9jb250YWluZXIlMjIlMjBzdHlsZSUzRCUyMnBvaW50ZXItZXZlbnRzJTNBbm9uZSUzQiUyMG92ZXJmbG93JTNBaGlkZGVuJTNCJTIwd2lkdGglM0ExNDAwcHglM0IlMjBoZWlnaHQlM0E3NjhweCUzQiUyMHBvc2l0aW9uJTNBJTIwcmVsYXRpdmUlM0IlMjBsZWZ0JTNBMjUlMjUlM0IlMjByaWdodCUzQTI1JTI1JTNCJTIwdG9wJTNBJTIwMHB4JTNCJTIwZGlzcGxheSUzQSUyMGJsb2NrJTNCJTIyJTNFJTBBJTA5JTA5JTNDJTJGZGl2JTNFJTBBJTA5JTNDJTJGZGl2JTNFJTBBJTBBJTA5[\/vc_raw_html][\/vc_column][\/vc_row]<\/p>\n<p>[vc_row gap=&#8221;4&#8243; equal_height=&#8221;yes&#8221; row_content_width=&#8221;grid&#8221; css=&#8221;.vc_custom_1557389736888{padding-top: 40px !important;}&#8221;][vc_column width=&#8221;1\/6&#8243; css=&#8221;.vc_custom_1557386970620{background-color: #f4f4f4 !important;}&#8221;]<div class=\"eltdf-iwt clearfix  eltdf-iwt-icon-top eltdf-iwt-icon-medium eltdf-iwt-with-link\">\n\t<div class=\"eltdf-iwt-icon\">\n\t\t\t\t\t<a itemprop=\"url\" href=\"https:\/\/agregaty.igloo.pl\/agregaty-inwenterowe\/technologia\/akustyka\/\" target=\"_self\">\n\t\t\t\t\t\t\t\t\t    <span class=\"eltdf-icon-shortcode eltdf-normal   eltdf-icon-medium\"  data-hover-color=\"#000000\" data-color=\"#e62735\">\n                    <i class=\"eltdf-icon-linea-icon icon-music-volume-down eltdf-icon-element\" style=\"color: #e62735\" ><\/i>            <\/span>\n\t\t\t\t\t\t\t\t<\/a>\n\t\t\t<\/div>\n\t<div class=\"eltdf-iwt-content\" >\n\t\t\t\t\t<h3 class=\"eltdf-iwt-title\" >\n\t\t\t\t\t\t\t\t\t<a itemprop=\"url\" href=\"https:\/\/agregaty.igloo.pl\/agregaty-inwenterowe\/technologia\/akustyka\/\" target=\"_self\">\n\t\t\t\t\t\t\t\t<span class=\"eltdf-iwt-title-text\">Akustik<\/span>\n\t\t\t\t\t\t\t\t\t<\/a>\n\t\t\t\t\t\t\t<\/h3>\n\t\t\t\t\t<\/div>\n<\/div>[\/vc_column][vc_column width=&#8221;1\/6&#8243; css=&#8221;.vc_custom_1557387007939{background-color: #f4f4f4 !important;}&#8221;]<div class=\"eltdf-iwt clearfix  eltdf-iwt-icon-top eltdf-iwt-icon-medium eltdf-iwt-with-link\">\n\t<div class=\"eltdf-iwt-icon\">\n\t\t\t\t\t<a itemprop=\"url\" href=\"https:\/\/agregaty.igloo.pl\/agregaty-inwenterowe\/technologia\/plugplay\/\" target=\"_self\">\n\t\t\t\t\t\t\t\t\t    <span class=\"eltdf-icon-shortcode eltdf-normal   eltdf-icon-medium\"  data-color=\"#e62735\">\n                    <i class=\"eltdf-icon-linea-icon icon-basic-link eltdf-icon-element\" style=\"color: #e62735\" ><\/i>            <\/span>\n\t\t\t\t\t\t\t\t<\/a>\n\t\t\t<\/div>\n\t<div class=\"eltdf-iwt-content\" >\n\t\t\t\t\t<h3 class=\"eltdf-iwt-title\" >\n\t\t\t\t\t\t\t\t\t<a itemprop=\"url\" href=\"https:\/\/agregaty.igloo.pl\/agregaty-inwenterowe\/technologia\/plugplay\/\" target=\"_self\">\n\t\t\t\t\t\t\t\t<span class=\"eltdf-iwt-title-text\">Plug &amp; Play<\/span>\n\t\t\t\t\t\t\t\t\t<\/a>\n\t\t\t\t\t\t\t<\/h3>\n\t\t\t\t\t<\/div>\n<\/div>[\/vc_column][vc_column width=&#8221;1\/6&#8243; css=&#8221;.vc_custom_1557387015083{background-color: #f4f4f4 !important;}&#8221;]<div class=\"eltdf-iwt clearfix  eltdf-iwt-icon-top eltdf-iwt-icon-medium eltdf-iwt-with-link\">\n\t<div class=\"eltdf-iwt-icon\">\n\t\t\t\t\t<a itemprop=\"url\" href=\"https:\/\/agregaty.igloo.pl\/agregaty-inwenterowe\/technologia\/acu-ready\/\" target=\"_self\">\n\t\t\t\t\t\t\t\t\t    <span class=\"eltdf-icon-shortcode eltdf-normal   eltdf-icon-medium\"  data-color=\"#e62735\">\n                    <i class=\"eltdf-icon-linea-icon icon-weather-snowflake eltdf-icon-element\" style=\"color: #e62735\" ><\/i>            <\/span>\n\t\t\t\t\t\t\t\t<\/a>\n\t\t\t<\/div>\n\t<div class=\"eltdf-iwt-content\" >\n\t\t\t\t\t<h3 class=\"eltdf-iwt-title\" >\n\t\t\t\t\t\t\t\t\t<a itemprop=\"url\" href=\"https:\/\/agregaty.igloo.pl\/agregaty-inwenterowe\/technologia\/acu-ready\/\" target=\"_self\">\n\t\t\t\t\t\t\t\t<span class=\"eltdf-iwt-title-text\">ACU bereit<\/span>\n\t\t\t\t\t\t\t\t\t<\/a>\n\t\t\t\t\t\t\t<\/h3>\n\t\t\t\t\t<\/div>\n<\/div>[\/vc_column][vc_column width=&#8221;1\/6&#8243; css=&#8221;.vc_custom_1557387019752{background-color: #f4f4f4 !important;}&#8221;]<div class=\"eltdf-iwt clearfix  eltdf-iwt-icon-top eltdf-iwt-icon-medium eltdf-iwt-with-link\">\n\t<div class=\"eltdf-iwt-icon\">\n\t\t\t\t\t<a itemprop=\"url\" href=\"https:\/\/agregaty.igloo.pl\/agregaty-inwenterowe\/technologia\/shm\/\" target=\"_self\">\n\t\t\t\t\t\t\t\t\t    <span class=\"eltdf-icon-shortcode eltdf-normal   eltdf-icon-medium\"  data-color=\"#e62735\">\n                    <i class=\"eltdf-icon-linea-icon icon-weather-sun eltdf-icon-element\" style=\"color: #e62735\" ><\/i>            <\/span>\n\t\t\t\t\t\t\t\t<\/a>\n\t\t\t<\/div>\n\t<div class=\"eltdf-iwt-content\" >\n\t\t\t\t\t<h3 class=\"eltdf-iwt-title\" >\n\t\t\t\t\t\t\t\t\t<a itemprop=\"url\" href=\"https:\/\/agregaty.igloo.pl\/agregaty-inwenterowe\/technologia\/shm\/\" target=\"_self\">\n\t\t\t\t\t\t\t\t<span class=\"eltdf-iwt-title-text\">Intelligentes W\u00e4rmemanagement<\/span>\n\t\t\t\t\t\t\t\t\t<\/a>\n\t\t\t\t\t\t\t<\/h3>\n\t\t\t\t\t<\/div>\n<\/div>[\/vc_column][vc_column width=&#8221;1\/6&#8243; css=&#8221;.vc_custom_1557387029154{background-color: #f4f4f4 !important;}&#8221;]<div class=\"eltdf-iwt clearfix  eltdf-iwt-icon-top eltdf-iwt-icon-medium eltdf-iwt-with-link\">\n\t<div class=\"eltdf-iwt-icon\">\n\t\t\t\t\t<a itemprop=\"url\" href=\"https:\/\/agregaty.igloo.pl\/agregaty-inwenterowe\/technologia\/glikol\/\" target=\"_self\">\n\t\t\t\t\t\t\t\t\t    <span class=\"eltdf-icon-shortcode eltdf-normal   eltdf-icon-medium\"  data-color=\"#e62735\">\n                    <i class=\"eltdf-icon-linea-icon icon-weather-drop eltdf-icon-element\" style=\"color: #e62735\" ><\/i>            <\/span>\n\t\t\t\t\t\t\t\t<\/a>\n\t\t\t<\/div>\n\t<div class=\"eltdf-iwt-content\" >\n\t\t\t\t\t<h3 class=\"eltdf-iwt-title\" >\n\t\t\t\t\t\t\t\t\t<a itemprop=\"url\" href=\"https:\/\/agregaty.igloo.pl\/agregaty-inwenterowe\/technologia\/glikol\/\" target=\"_self\">\n\t\t\t\t\t\t\t\t<span class=\"eltdf-iwt-title-text\">Glykolgek\u00fchlte M\u00f6bel<\/span>\n\t\t\t\t\t\t\t\t\t<\/a>\n\t\t\t\t\t\t\t<\/h3>\n\t\t\t\t\t<\/div>\n<\/div>[\/vc_column][vc_column width=&#8221;1\/6&#8243; css=&#8221;.vc_custom_1557387034947{background-color: #f4f4f4 !important;}&#8221;]<div class=\"eltdf-iwt clearfix  eltdf-iwt-icon-top eltdf-iwt-icon-medium eltdf-iwt-with-link\">\n\t<div class=\"eltdf-iwt-icon\">\n\t\t\t\t\t<a itemprop=\"url\" href=\"https:\/\/agregaty.igloo.pl\/agregaty-inwenterowe\/technologia\/uklady-redundantne\/\" target=\"_self\">\n\t\t\t\t\t\t\t\t\t    <span class=\"eltdf-icon-shortcode eltdf-normal   eltdf-icon-medium\"  data-color=\"#e62735\">\n                    <i class=\"eltdf-icon-linea-icon icon-arrows-clockwise-dashed eltdf-icon-element\" style=\"color: #e62735\" ><\/i>            <\/span>\n\t\t\t\t\t\t\t\t<\/a>\n\t\t\t<\/div>\n\t<div class=\"eltdf-iwt-content\" >\n\t\t\t\t\t<h3 class=\"eltdf-iwt-title\" >\n\t\t\t\t\t\t\t\t\t<a itemprop=\"url\" href=\"https:\/\/agregaty.igloo.pl\/agregaty-inwenterowe\/technologia\/uklady-redundantne\/\" target=\"_self\">\n\t\t\t\t\t\t\t\t<span class=\"eltdf-iwt-title-text\">Redundante Systeme<\/span>\n\t\t\t\t\t\t\t\t\t<\/a>\n\t\t\t\t\t\t\t<\/h3>\n\t\t\t\t\t<\/div>\n<\/div>[\/vc_column][\/vc_row][vc_row gap=&#8221;4&#8243; equal_height=&#8221;yes&#8221; row_content_width=&#8221;grid&#8221; css=&#8221;.vc_custom_1557389740680{padding-bottom: 100px !important;}&#8221;][vc_column width=&#8221;1\/6&#8243; css=&#8221;.vc_custom_1557386970620{background-color: #f4f4f4 !important;}&#8221;]<div class=\"eltdf-iwt clearfix  eltdf-iwt-icon-top eltdf-iwt-icon-medium eltdf-iwt-with-link\">\n\t<div class=\"eltdf-iwt-icon\">\n\t\t\t\t\t<a itemprop=\"url\" href=\"https:\/\/agregaty.igloo.pl\/agregaty-inwenterowe\/technologia\/power-peak\/\" target=\"_self\">\n\t\t\t\t\t\t\t\t\t    <span class=\"eltdf-icon-shortcode eltdf-normal   eltdf-icon-medium\"  data-color=\"#e62735\">\n                    <i class=\"eltdf-icon-linea-icon icon-basic-bolt eltdf-icon-element\" style=\"color: #e62735\" ><\/i>            <\/span>\n\t\t\t\t\t\t\t\t<\/a>\n\t\t\t<\/div>\n\t<div class=\"eltdf-iwt-content\" >\n\t\t\t\t\t<h3 class=\"eltdf-iwt-title\" >\n\t\t\t\t\t\t\t\t\t<a itemprop=\"url\" href=\"https:\/\/agregaty.igloo.pl\/agregaty-inwenterowe\/technologia\/power-peak\/\" target=\"_self\">\n\t\t\t\t\t\t\t\t<span class=\"eltdf-iwt-title-text\">Leistungsspitzen<\/span>\n\t\t\t\t\t\t\t\t\t<\/a>\n\t\t\t\t\t\t\t<\/h3>\n\t\t\t\t\t<\/div>\n<\/div>[\/vc_column][vc_column width=&#8221;1\/6&#8243; css=&#8221;.vc_custom_1557387007939{background-color: #f4f4f4 !important;}&#8221;]<div class=\"eltdf-iwt clearfix  eltdf-iwt-icon-top eltdf-iwt-icon-medium eltdf-iwt-with-link\">\n\t<div class=\"eltdf-iwt-icon\">\n\t\t\t\t\t<a itemprop=\"url\" href=\"https:\/\/agregaty.igloo.pl\/agregaty-inwenterowe\/technologia\/tryb-awaryjny\/\" target=\"_self\">\n\t\t\t\t\t\t\t\t\t    <span class=\"eltdf-icon-shortcode eltdf-normal   eltdf-icon-medium\"  data-color=\"#e62735\">\n                    <i class=\"eltdf-icon-linea-icon icon-basic-alarm eltdf-icon-element\" style=\"color: #e62735\" ><\/i>            <\/span>\n\t\t\t\t\t\t\t\t<\/a>\n\t\t\t<\/div>\n\t<div class=\"eltdf-iwt-content\" >\n\t\t\t\t\t<h3 class=\"eltdf-iwt-title\" >\n\t\t\t\t\t\t\t\t\t<a itemprop=\"url\" href=\"https:\/\/agregaty.igloo.pl\/agregaty-inwenterowe\/technologia\/tryb-awaryjny\/\" target=\"_self\">\n\t\t\t\t\t\t\t\t<span class=\"eltdf-iwt-title-text\">Ausfallmodus<\/span>\n\t\t\t\t\t\t\t\t\t<\/a>\n\t\t\t\t\t\t\t<\/h3>\n\t\t\t\t\t<\/div>\n<\/div>[\/vc_column][vc_column width=&#8221;1\/6&#8243; css=&#8221;.vc_custom_1557387015083{background-color: #f4f4f4 !important;}&#8221;]<div class=\"eltdf-iwt clearfix  eltdf-iwt-icon-top eltdf-iwt-icon-medium eltdf-iwt-with-link\">\n\t<div class=\"eltdf-iwt-icon\">\n\t\t\t\t\t<a itemprop=\"url\" href=\"https:\/\/agregaty.igloo.pl\/agregaty-inwenterowe\/technologia\/defrost-free\/\" target=\"_self\">\n\t\t\t\t\t\t\t\t\t    <span class=\"eltdf-icon-shortcode eltdf-normal   eltdf-icon-medium\"  data-color=\"#e62735\">\n                    <i class=\"eltdf-icon-linea-icon icon-arrows-move-left eltdf-icon-element\" style=\"color: #e62735\" ><\/i>            <\/span>\n\t\t\t\t\t\t\t\t<\/a>\n\t\t\t<\/div>\n\t<div class=\"eltdf-iwt-content\" >\n\t\t\t\t\t<h3 class=\"eltdf-iwt-title\" >\n\t\t\t\t\t\t\t\t\t<a itemprop=\"url\" href=\"https:\/\/agregaty.igloo.pl\/agregaty-inwenterowe\/technologia\/defrost-free\/\" target=\"_self\">\n\t\t\t\t\t\t\t\t<span class=\"eltdf-iwt-title-text\">Kompatibilit\u00e4t<\/span>\n\t\t\t\t\t\t\t\t\t<\/a>\n\t\t\t\t\t\t\t<\/h3>\n\t\t\t\t\t<\/div>\n<\/div>[\/vc_column][vc_column width=&#8221;1\/6&#8243; css=&#8221;.vc_custom_1557387019752{background-color: #f4f4f4 !important;}&#8221;]<div class=\"eltdf-iwt clearfix  eltdf-iwt-icon-top eltdf-iwt-icon-medium eltdf-iwt-with-link\">\n\t<div class=\"eltdf-iwt-icon\">\n\t\t\t\t\t<a itemprop=\"url\" href=\"https:\/\/agregaty.igloo.pl\/agregaty-inwenterowe\/technologia\/defrost-free-2\/\" target=\"_self\">\n\t\t\t\t\t\t\t\t\t    <span class=\"eltdf-icon-shortcode eltdf-normal   eltdf-icon-medium\"  data-color=\"#e62735\">\n                    <i class=\"eltdf-icon-linea-icon icon-software-shape-polygon eltdf-icon-element\" style=\"color: #e62735\" ><\/i>            <\/span>\n\t\t\t\t\t\t\t\t<\/a>\n\t\t\t<\/div>\n\t<div class=\"eltdf-iwt-content\" >\n\t\t\t\t\t<h3 class=\"eltdf-iwt-title\" >\n\t\t\t\t\t\t\t\t\t<a itemprop=\"url\" href=\"https:\/\/agregaty.igloo.pl\/agregaty-inwenterowe\/technologia\/defrost-free-2\/\" target=\"_self\">\n\t\t\t\t\t\t\t\t<span class=\"eltdf-iwt-title-text\">Abtaufrei<\/span>\n\t\t\t\t\t\t\t\t\t<\/a>\n\t\t\t\t\t\t\t<\/h3>\n\t\t\t\t\t<\/div>\n<\/div>[\/vc_column][vc_column width=&#8221;1\/6&#8243; css=&#8221;.vc_custom_1557387029154{background-color: #f4f4f4 !important;}&#8221;]<div class=\"eltdf-iwt clearfix  eltdf-iwt-icon-top eltdf-iwt-icon-medium eltdf-iwt-with-link\">\n\t<div class=\"eltdf-iwt-icon\">\n\t\t\t\t\t<a itemprop=\"url\" href=\"https:\/\/agregaty.igloo.pl\/agregaty-inwenterowe\/technologia\/low-bar-mode\/\" target=\"_self\">\n\t\t\t\t\t\t\t\t\t    <span class=\"eltdf-icon-shortcode eltdf-normal   eltdf-icon-medium\"  data-color=\"#e62735\">\n                    <i class=\"eltdf-icon-linea-icon icon-basic-anticlockwise eltdf-icon-element\" style=\"color: #e62735\" ><\/i>            <\/span>\n\t\t\t\t\t\t\t\t<\/a>\n\t\t\t<\/div>\n\t<div class=\"eltdf-iwt-content\" >\n\t\t\t\t\t<h3 class=\"eltdf-iwt-title\" >\n\t\t\t\t\t\t\t\t\t<a itemprop=\"url\" href=\"https:\/\/agregaty.igloo.pl\/agregaty-inwenterowe\/technologia\/low-bar-mode\/\" target=\"_self\">\n\t\t\t\t\t\t\t\t<span class=\"eltdf-iwt-title-text\">Niedriger Balken Modus<\/span>\n\t\t\t\t\t\t\t\t\t<\/a>\n\t\t\t\t\t\t\t<\/h3>\n\t\t\t\t\t<\/div>\n<\/div>[\/vc_column][vc_column width=&#8221;1\/6&#8243; css=&#8221;.vc_custom_1557387034947{background-color: #f4f4f4 !important;}&#8221;]<div class=\"eltdf-iwt clearfix  eltdf-iwt-icon-top eltdf-iwt-icon-medium eltdf-iwt-with-link\">\n\t<div class=\"eltdf-iwt-icon\">\n\t\t\t\t\t<a itemprop=\"url\" href=\"https:\/\/agregaty.igloo.pl\/agregaty-inwenterowe\/technologia\/panel-sterujacy\/\" target=\"_self\">\n\t\t\t\t\t\t\t\t\t    <span class=\"eltdf-icon-shortcode eltdf-normal   eltdf-icon-medium\"  data-color=\"#e62735\">\n                    <i class=\"eltdf-icon-linea-icon icon-basic-tablet eltdf-icon-element\" style=\"color: #e62735\" ><\/i>            <\/span>\n\t\t\t\t\t\t\t\t<\/a>\n\t\t\t<\/div>\n\t<div class=\"eltdf-iwt-content\" >\n\t\t\t\t\t<h3 class=\"eltdf-iwt-title\" >\n\t\t\t\t\t\t\t\t\t<a itemprop=\"url\" href=\"https:\/\/agregaty.igloo.pl\/agregaty-inwenterowe\/technologia\/panel-sterujacy\/\" target=\"_self\">\n\t\t\t\t\t\t\t\t<span class=\"eltdf-iwt-title-text\">Bedienfeld<\/span>\n\t\t\t\t\t\t\t\t\t<\/a>\n\t\t\t\t\t\t\t<\/h3>\n\t\t\t\t\t<\/div>\n<\/div>[\/vc_column][\/vc_row]<\/p>\n<p><\/p>","protected":false},"excerpt":{"rendered":"<p>[vc_row row_content_width=&#8221;grid&#8221; css=&#8221;.vc_custom_1556002913871{padding-top: 50px !important;padding-bottom: 50px !important;}&#8221;][vc_column width=&#8221;1\/2&#8243;][vc_column_text]Die Aggregate MultiCool Plus sind Konstruktionen, die bei Be-darf neue Funktionalit\u00e4ten erhalten k\u00f6nnen. Mit den verf\u00fcgbaren Zusatzmo-dulen kann das Anwendungsspektrum der Ger\u00e4te um das ACU-Hydromodul zur Erzeugung von Eiswasser oder um das [&hellip;]<\/p>\n","protected":false},"author":1,"featured_media":0,"parent":4973,"menu_order":0,"comment_status":"closed","ping_status":"closed","template":"","meta":[],"_links":{"self":[{"href":"https:\/\/agregaty.igloo.pl\/de\/wp-json\/wp\/v2\/pages\/4983"}],"collection":[{"href":"https:\/\/agregaty.igloo.pl\/de\/wp-json\/wp\/v2\/pages"}],"about":[{"href":"https:\/\/agregaty.igloo.pl\/de\/wp-json\/wp\/v2\/types\/page"}],"author":[{"embeddable":true,"href":"https:\/\/agregaty.igloo.pl\/de\/wp-json\/wp\/v2\/users\/1"}],"replies":[{"embeddable":true,"href":"https:\/\/agregaty.igloo.pl\/de\/wp-json\/wp\/v2\/comments?post=4983"}],"version-history":[{"count":22,"href":"https:\/\/agregaty.igloo.pl\/de\/wp-json\/wp\/v2\/pages\/4983\/revisions"}],"predecessor-version":[{"id":6510,"href":"https:\/\/agregaty.igloo.pl\/de\/wp-json\/wp\/v2\/pages\/4983\/revisions\/6510"}],"up":[{"embeddable":true,"href":"https:\/\/agregaty.igloo.pl\/de\/wp-json\/wp\/v2\/pages\/4973"}],"wp:attachment":[{"href":"https:\/\/agregaty.igloo.pl\/de\/wp-json\/wp\/v2\/media?parent=4983"}],"curies":[{"name":"wp","href":"https:\/\/api.w.org\/{rel}","templated":true}]}}