
{"id":4989,"date":"2019-04-15T07:39:51","date_gmt":"2019-04-15T05:39:51","guid":{"rendered":"https:\/\/agregaty.igloo.pl\/?page_id=4989"},"modified":"2022-08-24T10:24:31","modified_gmt":"2022-08-24T08:24:31","slug":"tryb-awaryjny","status":"publish","type":"page","link":"https:\/\/agregaty.igloo.pl\/de\/aggregate-mit-inverter-igloo\/technologie\/notfallmodus\/","title":{"rendered":"Notfallmodus"},"content":{"rendered":"<p><\/p>\n<p>[vc_row row_content_width=&#8221;grid&#8221; css=&#8221;.vc_custom_1556265275346{padding-top: 50px !important;padding-bottom: 50px !important;}&#8221;][vc_column width=&#8221;1\/2&#8243;][vc_column_text]Aggregate, die im redundanten Modus arbeiten, gew\u00e4hrleis-ten Sicherheit des Systems bei eventuellem Aggregat-Aus-fall. Wenn eins der Aggregate aus technischen Gr\u00fcnden nicht mehr funktioniert, erkennt das andere Ger\u00e4t es und beginnt zu arbeiten. Das andere Ger\u00e4t \u00fcbernimmt die gesamte Last, bis der Fehler behoben ist.[\/vc_column_text][\/vc_column][vc_column width=&#8221;1\/2&#8243; css=&#8221;.vc_custom_1556265304372{padding-bottom: 30px !important;}&#8221;][\/vc_column][\/vc_row][vc_row equal_height=&#8221;yes&#8221; content_placement=&#8221;bottom&#8221; content_text_aligment=&#8221;center&#8221; parallax_background_image=&#8221;5233&#8243; css=&#8221;.vc_custom_1557209473575{margin-top: 30px !important;padding-top: 400px !important;padding-bottom: 200px !important;}&#8221;][vc_column][vc_row_inner row_content_width=&#8221;grid&#8221; content_text_aligment=&#8221;center&#8221;][vc_column_inner]<div class=\"eltdf-single-image-holder   \">\n    <div class=\"eltdf-si-inner\" >\n                                    <img width=\"984\" height=\"600\" src=\"https:\/\/agregaty.igloo.pl\/wp-content\/uploads\/2019\/05\/tryb_awaryjny.png\" class=\"attachment-full size-full\" alt=\"\" loading=\"lazy\" srcset=\"https:\/\/agregaty.igloo.pl\/wp-content\/uploads\/2019\/05\/tryb_awaryjny.png 984w, https:\/\/agregaty.igloo.pl\/wp-content\/uploads\/2019\/05\/tryb_awaryjny-300x183.png 300w, https:\/\/agregaty.igloo.pl\/wp-content\/uploads\/2019\/05\/tryb_awaryjny-768x468.png 768w, https:\/\/agregaty.igloo.pl\/wp-content\/uploads\/2019\/05\/tryb_awaryjny-600x366.png 600w\" sizes=\"(max-width: 984px) 100vw, 984px\" \/>                        <\/div>\n<\/div>[\/vc_column_inner][\/vc_row_inner][\/vc_column][\/vc_row]<\/p>\n<p>[vc_row gap=&#8221;4&#8243; equal_height=&#8221;yes&#8221; row_content_width=&#8221;grid&#8221; css=&#8221;.vc_custom_1557389736888{padding-top: 40px !important;}&#8221;][vc_column width=&#8221;1\/6&#8243; css=&#8221;.vc_custom_1557386970620{background-color: #f4f4f4 !important;}&#8221;]<div class=\"eltdf-iwt clearfix  eltdf-iwt-icon-top eltdf-iwt-icon-medium eltdf-iwt-with-link\">\n\t<div class=\"eltdf-iwt-icon\">\n\t\t\t\t\t<a itemprop=\"url\" href=\"https:\/\/agregaty.igloo.pl\/agregaty-inwenterowe\/technologia\/akustyka\/\" target=\"_self\">\n\t\t\t\t\t\t\t\t\t    <span class=\"eltdf-icon-shortcode eltdf-normal   eltdf-icon-medium\"  data-hover-color=\"#000000\" data-color=\"#e62735\">\n                    <i class=\"eltdf-icon-linea-icon icon-music-volume-down eltdf-icon-element\" style=\"color: #e62735\" ><\/i>            <\/span>\n\t\t\t\t\t\t\t\t<\/a>\n\t\t\t<\/div>\n\t<div class=\"eltdf-iwt-content\" >\n\t\t\t\t\t<h3 class=\"eltdf-iwt-title\" >\n\t\t\t\t\t\t\t\t\t<a itemprop=\"url\" href=\"https:\/\/agregaty.igloo.pl\/agregaty-inwenterowe\/technologia\/akustyka\/\" target=\"_self\">\n\t\t\t\t\t\t\t\t<span class=\"eltdf-iwt-title-text\">Akustik<\/span>\n\t\t\t\t\t\t\t\t\t<\/a>\n\t\t\t\t\t\t\t<\/h3>\n\t\t\t\t\t<\/div>\n<\/div>[\/vc_column][vc_column width=&#8221;1\/6&#8243; css=&#8221;.vc_custom_1557387007939{background-color: #f4f4f4 !important;}&#8221;]<div class=\"eltdf-iwt clearfix  eltdf-iwt-icon-top eltdf-iwt-icon-medium eltdf-iwt-with-link\">\n\t<div class=\"eltdf-iwt-icon\">\n\t\t\t\t\t<a itemprop=\"url\" href=\"https:\/\/agregaty.igloo.pl\/agregaty-inwenterowe\/technologia\/plugplay\/\" target=\"_self\">\n\t\t\t\t\t\t\t\t\t    <span class=\"eltdf-icon-shortcode eltdf-normal   eltdf-icon-medium\"  data-color=\"#e62735\">\n                    <i class=\"eltdf-icon-linea-icon icon-basic-link eltdf-icon-element\" style=\"color: #e62735\" ><\/i>            <\/span>\n\t\t\t\t\t\t\t\t<\/a>\n\t\t\t<\/div>\n\t<div class=\"eltdf-iwt-content\" >\n\t\t\t\t\t<h3 class=\"eltdf-iwt-title\" >\n\t\t\t\t\t\t\t\t\t<a itemprop=\"url\" href=\"https:\/\/agregaty.igloo.pl\/agregaty-inwenterowe\/technologia\/plugplay\/\" target=\"_self\">\n\t\t\t\t\t\t\t\t<span class=\"eltdf-iwt-title-text\">Plug &amp; Play<\/span>\n\t\t\t\t\t\t\t\t\t<\/a>\n\t\t\t\t\t\t\t<\/h3>\n\t\t\t\t\t<\/div>\n<\/div>[\/vc_column][vc_column width=&#8221;1\/6&#8243; css=&#8221;.vc_custom_1557387015083{background-color: #f4f4f4 !important;}&#8221;]<div class=\"eltdf-iwt clearfix  eltdf-iwt-icon-top eltdf-iwt-icon-medium eltdf-iwt-with-link\">\n\t<div class=\"eltdf-iwt-icon\">\n\t\t\t\t\t<a itemprop=\"url\" href=\"https:\/\/agregaty.igloo.pl\/agregaty-inwenterowe\/technologia\/acu-ready\/\" target=\"_self\">\n\t\t\t\t\t\t\t\t\t    <span class=\"eltdf-icon-shortcode eltdf-normal   eltdf-icon-medium\"  data-color=\"#e62735\">\n                    <i class=\"eltdf-icon-linea-icon icon-weather-snowflake eltdf-icon-element\" style=\"color: #e62735\" ><\/i>            <\/span>\n\t\t\t\t\t\t\t\t<\/a>\n\t\t\t<\/div>\n\t<div class=\"eltdf-iwt-content\" >\n\t\t\t\t\t<h3 class=\"eltdf-iwt-title\" >\n\t\t\t\t\t\t\t\t\t<a itemprop=\"url\" href=\"https:\/\/agregaty.igloo.pl\/agregaty-inwenterowe\/technologia\/acu-ready\/\" target=\"_self\">\n\t\t\t\t\t\t\t\t<span class=\"eltdf-iwt-title-text\">ACU bereit<\/span>\n\t\t\t\t\t\t\t\t\t<\/a>\n\t\t\t\t\t\t\t<\/h3>\n\t\t\t\t\t<\/div>\n<\/div>[\/vc_column][vc_column width=&#8221;1\/6&#8243; css=&#8221;.vc_custom_1557387019752{background-color: #f4f4f4 !important;}&#8221;]<div class=\"eltdf-iwt clearfix  eltdf-iwt-icon-top eltdf-iwt-icon-medium eltdf-iwt-with-link\">\n\t<div class=\"eltdf-iwt-icon\">\n\t\t\t\t\t<a itemprop=\"url\" href=\"https:\/\/agregaty.igloo.pl\/agregaty-inwenterowe\/technologia\/shm\/\" target=\"_self\">\n\t\t\t\t\t\t\t\t\t    <span class=\"eltdf-icon-shortcode eltdf-normal   eltdf-icon-medium\"  data-color=\"#e62735\">\n                    <i class=\"eltdf-icon-linea-icon icon-weather-sun eltdf-icon-element\" style=\"color: #e62735\" ><\/i>            <\/span>\n\t\t\t\t\t\t\t\t<\/a>\n\t\t\t<\/div>\n\t<div class=\"eltdf-iwt-content\" >\n\t\t\t\t\t<h3 class=\"eltdf-iwt-title\" >\n\t\t\t\t\t\t\t\t\t<a itemprop=\"url\" href=\"https:\/\/agregaty.igloo.pl\/agregaty-inwenterowe\/technologia\/shm\/\" target=\"_self\">\n\t\t\t\t\t\t\t\t<span class=\"eltdf-iwt-title-text\">Intelligentes W\u00e4rmemanagement<\/span>\n\t\t\t\t\t\t\t\t\t<\/a>\n\t\t\t\t\t\t\t<\/h3>\n\t\t\t\t\t<\/div>\n<\/div>[\/vc_column][vc_column width=&#8221;1\/6&#8243; css=&#8221;.vc_custom_1557387029154{background-color: #f4f4f4 !important;}&#8221;]<div class=\"eltdf-iwt clearfix  eltdf-iwt-icon-top eltdf-iwt-icon-medium eltdf-iwt-with-link\">\n\t<div class=\"eltdf-iwt-icon\">\n\t\t\t\t\t<a itemprop=\"url\" href=\"https:\/\/agregaty.igloo.pl\/agregaty-inwenterowe\/technologia\/glikol\/\" target=\"_self\">\n\t\t\t\t\t\t\t\t\t    <span class=\"eltdf-icon-shortcode eltdf-normal   eltdf-icon-medium\"  data-color=\"#e62735\">\n                    <i class=\"eltdf-icon-linea-icon icon-weather-drop eltdf-icon-element\" style=\"color: #e62735\" ><\/i>            <\/span>\n\t\t\t\t\t\t\t\t<\/a>\n\t\t\t<\/div>\n\t<div class=\"eltdf-iwt-content\" >\n\t\t\t\t\t<h3 class=\"eltdf-iwt-title\" >\n\t\t\t\t\t\t\t\t\t<a itemprop=\"url\" href=\"https:\/\/agregaty.igloo.pl\/agregaty-inwenterowe\/technologia\/glikol\/\" target=\"_self\">\n\t\t\t\t\t\t\t\t<span class=\"eltdf-iwt-title-text\">Glykolgek\u00fchlte M\u00f6bel<\/span>\n\t\t\t\t\t\t\t\t\t<\/a>\n\t\t\t\t\t\t\t<\/h3>\n\t\t\t\t\t<\/div>\n<\/div>[\/vc_column][vc_column width=&#8221;1\/6&#8243; css=&#8221;.vc_custom_1557387034947{background-color: #f4f4f4 !important;}&#8221;]<div class=\"eltdf-iwt clearfix  eltdf-iwt-icon-top eltdf-iwt-icon-medium eltdf-iwt-with-link\">\n\t<div class=\"eltdf-iwt-icon\">\n\t\t\t\t\t<a itemprop=\"url\" href=\"https:\/\/agregaty.igloo.pl\/agregaty-inwenterowe\/technologia\/uklady-redundantne\/\" target=\"_self\">\n\t\t\t\t\t\t\t\t\t    <span class=\"eltdf-icon-shortcode eltdf-normal   eltdf-icon-medium\"  data-color=\"#e62735\">\n                    <i class=\"eltdf-icon-linea-icon icon-arrows-clockwise-dashed eltdf-icon-element\" style=\"color: #e62735\" ><\/i>            <\/span>\n\t\t\t\t\t\t\t\t<\/a>\n\t\t\t<\/div>\n\t<div class=\"eltdf-iwt-content\" >\n\t\t\t\t\t<h3 class=\"eltdf-iwt-title\" >\n\t\t\t\t\t\t\t\t\t<a itemprop=\"url\" href=\"https:\/\/agregaty.igloo.pl\/agregaty-inwenterowe\/technologia\/uklady-redundantne\/\" target=\"_self\">\n\t\t\t\t\t\t\t\t<span class=\"eltdf-iwt-title-text\">Redundante Systeme<\/span>\n\t\t\t\t\t\t\t\t\t<\/a>\n\t\t\t\t\t\t\t<\/h3>\n\t\t\t\t\t<\/div>\n<\/div>[\/vc_column][\/vc_row][vc_row gap=&#8221;4&#8243; equal_height=&#8221;yes&#8221; row_content_width=&#8221;grid&#8221; css=&#8221;.vc_custom_1557389740680{padding-bottom: 100px !important;}&#8221;][vc_column width=&#8221;1\/6&#8243; css=&#8221;.vc_custom_1557386970620{background-color: #f4f4f4 !important;}&#8221;]<div class=\"eltdf-iwt clearfix  eltdf-iwt-icon-top eltdf-iwt-icon-medium eltdf-iwt-with-link\">\n\t<div class=\"eltdf-iwt-icon\">\n\t\t\t\t\t<a itemprop=\"url\" href=\"https:\/\/agregaty.igloo.pl\/agregaty-inwenterowe\/technologia\/power-peak\/\" target=\"_self\">\n\t\t\t\t\t\t\t\t\t    <span class=\"eltdf-icon-shortcode eltdf-normal   eltdf-icon-medium\"  data-color=\"#e62735\">\n                    <i class=\"eltdf-icon-linea-icon icon-basic-bolt eltdf-icon-element\" style=\"color: #e62735\" ><\/i>            <\/span>\n\t\t\t\t\t\t\t\t<\/a>\n\t\t\t<\/div>\n\t<div class=\"eltdf-iwt-content\" >\n\t\t\t\t\t<h3 class=\"eltdf-iwt-title\" >\n\t\t\t\t\t\t\t\t\t<a itemprop=\"url\" href=\"https:\/\/agregaty.igloo.pl\/agregaty-inwenterowe\/technologia\/power-peak\/\" target=\"_self\">\n\t\t\t\t\t\t\t\t<span class=\"eltdf-iwt-title-text\">Leistungsspitzen<\/span>\n\t\t\t\t\t\t\t\t\t<\/a>\n\t\t\t\t\t\t\t<\/h3>\n\t\t\t\t\t<\/div>\n<\/div>[\/vc_column][vc_column width=&#8221;1\/6&#8243; css=&#8221;.vc_custom_1557387007939{background-color: #f4f4f4 !important;}&#8221;]<div class=\"eltdf-iwt clearfix  eltdf-iwt-icon-top eltdf-iwt-icon-medium eltdf-iwt-with-link\">\n\t<div class=\"eltdf-iwt-icon\">\n\t\t\t\t\t<a itemprop=\"url\" href=\"https:\/\/agregaty.igloo.pl\/agregaty-inwenterowe\/technologia\/tryb-awaryjny\/\" target=\"_self\">\n\t\t\t\t\t\t\t\t\t    <span class=\"eltdf-icon-shortcode eltdf-normal   eltdf-icon-medium\"  data-color=\"#e62735\">\n                    <i class=\"eltdf-icon-linea-icon icon-basic-alarm eltdf-icon-element\" style=\"color: #e62735\" ><\/i>            <\/span>\n\t\t\t\t\t\t\t\t<\/a>\n\t\t\t<\/div>\n\t<div class=\"eltdf-iwt-content\" >\n\t\t\t\t\t<h3 class=\"eltdf-iwt-title\" >\n\t\t\t\t\t\t\t\t\t<a itemprop=\"url\" href=\"https:\/\/agregaty.igloo.pl\/agregaty-inwenterowe\/technologia\/tryb-awaryjny\/\" target=\"_self\">\n\t\t\t\t\t\t\t\t<span class=\"eltdf-iwt-title-text\">Ausfallmodus<\/span>\n\t\t\t\t\t\t\t\t\t<\/a>\n\t\t\t\t\t\t\t<\/h3>\n\t\t\t\t\t<\/div>\n<\/div>[\/vc_column][vc_column width=&#8221;1\/6&#8243; css=&#8221;.vc_custom_1557387015083{background-color: #f4f4f4 !important;}&#8221;]<div class=\"eltdf-iwt clearfix  eltdf-iwt-icon-top eltdf-iwt-icon-medium eltdf-iwt-with-link\">\n\t<div class=\"eltdf-iwt-icon\">\n\t\t\t\t\t<a itemprop=\"url\" href=\"https:\/\/agregaty.igloo.pl\/agregaty-inwenterowe\/technologia\/defrost-free\/\" target=\"_self\">\n\t\t\t\t\t\t\t\t\t    <span class=\"eltdf-icon-shortcode eltdf-normal   eltdf-icon-medium\"  data-color=\"#e62735\">\n                    <i class=\"eltdf-icon-linea-icon icon-arrows-move-left eltdf-icon-element\" style=\"color: #e62735\" ><\/i>            <\/span>\n\t\t\t\t\t\t\t\t<\/a>\n\t\t\t<\/div>\n\t<div class=\"eltdf-iwt-content\" >\n\t\t\t\t\t<h3 class=\"eltdf-iwt-title\" >\n\t\t\t\t\t\t\t\t\t<a itemprop=\"url\" href=\"https:\/\/agregaty.igloo.pl\/agregaty-inwenterowe\/technologia\/defrost-free\/\" target=\"_self\">\n\t\t\t\t\t\t\t\t<span class=\"eltdf-iwt-title-text\">Kompatibilit\u00e4t<\/span>\n\t\t\t\t\t\t\t\t\t<\/a>\n\t\t\t\t\t\t\t<\/h3>\n\t\t\t\t\t<\/div>\n<\/div>[\/vc_column][vc_column width=&#8221;1\/6&#8243; css=&#8221;.vc_custom_1557387019752{background-color: #f4f4f4 !important;}&#8221;]<div class=\"eltdf-iwt clearfix  eltdf-iwt-icon-top eltdf-iwt-icon-medium eltdf-iwt-with-link\">\n\t<div class=\"eltdf-iwt-icon\">\n\t\t\t\t\t<a itemprop=\"url\" href=\"https:\/\/agregaty.igloo.pl\/agregaty-inwenterowe\/technologia\/defrost-free-2\/\" target=\"_self\">\n\t\t\t\t\t\t\t\t\t    <span class=\"eltdf-icon-shortcode eltdf-normal   eltdf-icon-medium\"  data-color=\"#e62735\">\n                    <i class=\"eltdf-icon-linea-icon icon-software-shape-polygon eltdf-icon-element\" style=\"color: #e62735\" ><\/i>            <\/span>\n\t\t\t\t\t\t\t\t<\/a>\n\t\t\t<\/div>\n\t<div class=\"eltdf-iwt-content\" >\n\t\t\t\t\t<h3 class=\"eltdf-iwt-title\" >\n\t\t\t\t\t\t\t\t\t<a itemprop=\"url\" href=\"https:\/\/agregaty.igloo.pl\/agregaty-inwenterowe\/technologia\/defrost-free-2\/\" target=\"_self\">\n\t\t\t\t\t\t\t\t<span class=\"eltdf-iwt-title-text\">Abtaufrei<\/span>\n\t\t\t\t\t\t\t\t\t<\/a>\n\t\t\t\t\t\t\t<\/h3>\n\t\t\t\t\t<\/div>\n<\/div>[\/vc_column][vc_column width=&#8221;1\/6&#8243; css=&#8221;.vc_custom_1557387029154{background-color: #f4f4f4 !important;}&#8221;]<div class=\"eltdf-iwt clearfix  eltdf-iwt-icon-top eltdf-iwt-icon-medium eltdf-iwt-with-link\">\n\t<div class=\"eltdf-iwt-icon\">\n\t\t\t\t\t<a itemprop=\"url\" href=\"https:\/\/agregaty.igloo.pl\/agregaty-inwenterowe\/technologia\/low-bar-mode\/\" target=\"_self\">\n\t\t\t\t\t\t\t\t\t    <span class=\"eltdf-icon-shortcode eltdf-normal   eltdf-icon-medium\"  data-color=\"#e62735\">\n                    <i class=\"eltdf-icon-linea-icon icon-basic-anticlockwise eltdf-icon-element\" style=\"color: #e62735\" ><\/i>            <\/span>\n\t\t\t\t\t\t\t\t<\/a>\n\t\t\t<\/div>\n\t<div class=\"eltdf-iwt-content\" >\n\t\t\t\t\t<h3 class=\"eltdf-iwt-title\" >\n\t\t\t\t\t\t\t\t\t<a itemprop=\"url\" href=\"https:\/\/agregaty.igloo.pl\/agregaty-inwenterowe\/technologia\/low-bar-mode\/\" target=\"_self\">\n\t\t\t\t\t\t\t\t<span class=\"eltdf-iwt-title-text\">Niedriger Balken Modus<\/span>\n\t\t\t\t\t\t\t\t\t<\/a>\n\t\t\t\t\t\t\t<\/h3>\n\t\t\t\t\t<\/div>\n<\/div>[\/vc_column][vc_column width=&#8221;1\/6&#8243; css=&#8221;.vc_custom_1557387034947{background-color: #f4f4f4 !important;}&#8221;]<div class=\"eltdf-iwt clearfix  eltdf-iwt-icon-top eltdf-iwt-icon-medium eltdf-iwt-with-link\">\n\t<div class=\"eltdf-iwt-icon\">\n\t\t\t\t\t<a itemprop=\"url\" href=\"https:\/\/agregaty.igloo.pl\/agregaty-inwenterowe\/technologia\/panel-sterujacy\/\" target=\"_self\">\n\t\t\t\t\t\t\t\t\t    <span class=\"eltdf-icon-shortcode eltdf-normal   eltdf-icon-medium\"  data-color=\"#e62735\">\n                    <i class=\"eltdf-icon-linea-icon icon-basic-tablet eltdf-icon-element\" style=\"color: #e62735\" ><\/i>            <\/span>\n\t\t\t\t\t\t\t\t<\/a>\n\t\t\t<\/div>\n\t<div class=\"eltdf-iwt-content\" >\n\t\t\t\t\t<h3 class=\"eltdf-iwt-title\" >\n\t\t\t\t\t\t\t\t\t<a itemprop=\"url\" href=\"https:\/\/agregaty.igloo.pl\/agregaty-inwenterowe\/technologia\/panel-sterujacy\/\" target=\"_self\">\n\t\t\t\t\t\t\t\t<span class=\"eltdf-iwt-title-text\">Bedienfeld<\/span>\n\t\t\t\t\t\t\t\t\t<\/a>\n\t\t\t\t\t\t\t<\/h3>\n\t\t\t\t\t<\/div>\n<\/div>[\/vc_column][\/vc_row]<\/p>\n<p><\/p>","protected":false},"excerpt":{"rendered":"<p>[vc_row row_content_width=&#8221;grid&#8221; css=&#8221;.vc_custom_1556265275346{padding-top: 50px !important;padding-bottom: 50px !important;}&#8221;][vc_column width=&#8221;1\/2&#8243;][vc_column_text]Aggregate, die im redundanten Modus arbeiten, gew\u00e4hrleis-ten Sicherheit des Systems bei eventuellem Aggregat-Aus-fall. Wenn eins der Aggregate aus technischen Gr\u00fcnden nicht mehr funktioniert, erkennt das andere Ger\u00e4t es und beginnt zu arbeiten. [&hellip;]<\/p>\n","protected":false},"author":1,"featured_media":0,"parent":4973,"menu_order":0,"comment_status":"closed","ping_status":"closed","template":"full-width.php","meta":[],"_links":{"self":[{"href":"https:\/\/agregaty.igloo.pl\/de\/wp-json\/wp\/v2\/pages\/4989"}],"collection":[{"href":"https:\/\/agregaty.igloo.pl\/de\/wp-json\/wp\/v2\/pages"}],"about":[{"href":"https:\/\/agregaty.igloo.pl\/de\/wp-json\/wp\/v2\/types\/page"}],"author":[{"embeddable":true,"href":"https:\/\/agregaty.igloo.pl\/de\/wp-json\/wp\/v2\/users\/1"}],"replies":[{"embeddable":true,"href":"https:\/\/agregaty.igloo.pl\/de\/wp-json\/wp\/v2\/comments?post=4989"}],"version-history":[{"count":8,"href":"https:\/\/agregaty.igloo.pl\/de\/wp-json\/wp\/v2\/pages\/4989\/revisions"}],"predecessor-version":[{"id":6465,"href":"https:\/\/agregaty.igloo.pl\/de\/wp-json\/wp\/v2\/pages\/4989\/revisions\/6465"}],"up":[{"embeddable":true,"href":"https:\/\/agregaty.igloo.pl\/de\/wp-json\/wp\/v2\/pages\/4973"}],"wp:attachment":[{"href":"https:\/\/agregaty.igloo.pl\/de\/wp-json\/wp\/v2\/media?parent=4989"}],"curies":[{"name":"wp","href":"https:\/\/api.w.org\/{rel}","templated":true}]}}