
{"id":4996,"date":"2019-04-15T07:40:45","date_gmt":"2019-04-15T05:40:45","guid":{"rendered":"https:\/\/agregaty.igloo.pl\/?page_id=4996"},"modified":"2022-08-24T10:28:30","modified_gmt":"2022-08-24T08:28:30","slug":"panel-sterujacy","status":"publish","type":"page","link":"https:\/\/agregaty.igloo.pl\/de\/aggregate-mit-inverter-igloo\/technologie\/bedienpult\/","title":{"rendered":"Bedienpult"},"content":{"rendered":"<p><\/p>\n<p>[vc_row row_content_width=&#8221;grid&#8221; css=&#8221;.vc_custom_1556002913871{padding-top: 50px !important;padding-bottom: 50px !important;}&#8221;][vc_column width=&#8221;1\/2&#8243;][vc_column_text]In den MultiCool Plus Aggregaten ist serienm\u00e4\u00dfig grafisches Textbedienfeld vorhanden, mit dem die Einstellungen des Betriebs ge\u00e4ndert und der Betrieb \u00fcberwacht werden kann. Dadurch haben wir Zugang zu vielen n\u00fctzlichen Informationen \u00fcber unser Ger\u00e4t.[\/vc_column_text][\/vc_column][vc_column width=&#8221;1\/2&#8243;]<div class=\"eltdf-single-image-holder   \">\n    <div class=\"eltdf-si-inner\" >\n                                    <img width=\"1057\" height=\"891\" src=\"https:\/\/agregaty.igloo.pl\/wp-content\/uploads\/2019\/04\/agregat_inwenterowy_mcp_10_open.jpg\" class=\"attachment-full size-full\" alt=\"\" loading=\"lazy\" srcset=\"https:\/\/agregaty.igloo.pl\/wp-content\/uploads\/2019\/04\/agregat_inwenterowy_mcp_10_open.jpg 1057w, https:\/\/agregaty.igloo.pl\/wp-content\/uploads\/2019\/04\/agregat_inwenterowy_mcp_10_open-300x253.jpg 300w, https:\/\/agregaty.igloo.pl\/wp-content\/uploads\/2019\/04\/agregat_inwenterowy_mcp_10_open-768x647.jpg 768w, https:\/\/agregaty.igloo.pl\/wp-content\/uploads\/2019\/04\/agregat_inwenterowy_mcp_10_open-1024x863.jpg 1024w, https:\/\/agregaty.igloo.pl\/wp-content\/uploads\/2019\/04\/agregat_inwenterowy_mcp_10_open-600x506.jpg 600w\" sizes=\"(max-width: 1057px) 100vw, 1057px\" \/>                        <\/div>\n<\/div>[\/vc_column][\/vc_row]<\/p>\n<p>[vc_row gap=&#8221;4&#8243; equal_height=&#8221;yes&#8221; row_content_width=&#8221;grid&#8221; css=&#8221;.vc_custom_1557389736888{padding-top: 40px !important;}&#8221;][vc_column width=&#8221;1\/6&#8243; css=&#8221;.vc_custom_1557386970620{background-color: #f4f4f4 !important;}&#8221;]<div class=\"eltdf-iwt clearfix  eltdf-iwt-icon-top eltdf-iwt-icon-medium eltdf-iwt-with-link\">\n\t<div class=\"eltdf-iwt-icon\">\n\t\t\t\t\t<a itemprop=\"url\" href=\"https:\/\/agregaty.igloo.pl\/agregaty-inwenterowe\/technologia\/akustyka\/\" target=\"_self\">\n\t\t\t\t\t\t\t\t\t    <span class=\"eltdf-icon-shortcode eltdf-normal   eltdf-icon-medium\"  data-hover-color=\"#000000\" data-color=\"#e62735\">\n                    <i class=\"eltdf-icon-linea-icon icon-music-volume-down eltdf-icon-element\" style=\"color: #e62735\" ><\/i>            <\/span>\n\t\t\t\t\t\t\t\t<\/a>\n\t\t\t<\/div>\n\t<div class=\"eltdf-iwt-content\" >\n\t\t\t\t\t<h3 class=\"eltdf-iwt-title\" >\n\t\t\t\t\t\t\t\t\t<a itemprop=\"url\" href=\"https:\/\/agregaty.igloo.pl\/agregaty-inwenterowe\/technologia\/akustyka\/\" target=\"_self\">\n\t\t\t\t\t\t\t\t<span class=\"eltdf-iwt-title-text\">Akustik<\/span>\n\t\t\t\t\t\t\t\t\t<\/a>\n\t\t\t\t\t\t\t<\/h3>\n\t\t\t\t\t<\/div>\n<\/div>[\/vc_column][vc_column width=&#8221;1\/6&#8243; css=&#8221;.vc_custom_1557387007939{background-color: #f4f4f4 !important;}&#8221;]<div class=\"eltdf-iwt clearfix  eltdf-iwt-icon-top eltdf-iwt-icon-medium eltdf-iwt-with-link\">\n\t<div class=\"eltdf-iwt-icon\">\n\t\t\t\t\t<a itemprop=\"url\" href=\"https:\/\/agregaty.igloo.pl\/agregaty-inwenterowe\/technologia\/plugplay\/\" target=\"_self\">\n\t\t\t\t\t\t\t\t\t    <span class=\"eltdf-icon-shortcode eltdf-normal   eltdf-icon-medium\"  data-color=\"#e62735\">\n                    <i class=\"eltdf-icon-linea-icon icon-basic-link eltdf-icon-element\" style=\"color: #e62735\" ><\/i>            <\/span>\n\t\t\t\t\t\t\t\t<\/a>\n\t\t\t<\/div>\n\t<div class=\"eltdf-iwt-content\" >\n\t\t\t\t\t<h3 class=\"eltdf-iwt-title\" >\n\t\t\t\t\t\t\t\t\t<a itemprop=\"url\" href=\"https:\/\/agregaty.igloo.pl\/agregaty-inwenterowe\/technologia\/plugplay\/\" target=\"_self\">\n\t\t\t\t\t\t\t\t<span class=\"eltdf-iwt-title-text\">Plug &amp; Play<\/span>\n\t\t\t\t\t\t\t\t\t<\/a>\n\t\t\t\t\t\t\t<\/h3>\n\t\t\t\t\t<\/div>\n<\/div>[\/vc_column][vc_column width=&#8221;1\/6&#8243; css=&#8221;.vc_custom_1557387015083{background-color: #f4f4f4 !important;}&#8221;]<div class=\"eltdf-iwt clearfix  eltdf-iwt-icon-top eltdf-iwt-icon-medium eltdf-iwt-with-link\">\n\t<div class=\"eltdf-iwt-icon\">\n\t\t\t\t\t<a itemprop=\"url\" href=\"https:\/\/agregaty.igloo.pl\/agregaty-inwenterowe\/technologia\/acu-ready\/\" target=\"_self\">\n\t\t\t\t\t\t\t\t\t    <span class=\"eltdf-icon-shortcode eltdf-normal   eltdf-icon-medium\"  data-color=\"#e62735\">\n                    <i class=\"eltdf-icon-linea-icon icon-weather-snowflake eltdf-icon-element\" style=\"color: #e62735\" ><\/i>            <\/span>\n\t\t\t\t\t\t\t\t<\/a>\n\t\t\t<\/div>\n\t<div class=\"eltdf-iwt-content\" >\n\t\t\t\t\t<h3 class=\"eltdf-iwt-title\" >\n\t\t\t\t\t\t\t\t\t<a itemprop=\"url\" href=\"https:\/\/agregaty.igloo.pl\/agregaty-inwenterowe\/technologia\/acu-ready\/\" target=\"_self\">\n\t\t\t\t\t\t\t\t<span class=\"eltdf-iwt-title-text\">ACU bereit<\/span>\n\t\t\t\t\t\t\t\t\t<\/a>\n\t\t\t\t\t\t\t<\/h3>\n\t\t\t\t\t<\/div>\n<\/div>[\/vc_column][vc_column width=&#8221;1\/6&#8243; css=&#8221;.vc_custom_1557387019752{background-color: #f4f4f4 !important;}&#8221;]<div class=\"eltdf-iwt clearfix  eltdf-iwt-icon-top eltdf-iwt-icon-medium eltdf-iwt-with-link\">\n\t<div class=\"eltdf-iwt-icon\">\n\t\t\t\t\t<a itemprop=\"url\" href=\"https:\/\/agregaty.igloo.pl\/agregaty-inwenterowe\/technologia\/shm\/\" target=\"_self\">\n\t\t\t\t\t\t\t\t\t    <span class=\"eltdf-icon-shortcode eltdf-normal   eltdf-icon-medium\"  data-color=\"#e62735\">\n                    <i class=\"eltdf-icon-linea-icon icon-weather-sun eltdf-icon-element\" style=\"color: #e62735\" ><\/i>            <\/span>\n\t\t\t\t\t\t\t\t<\/a>\n\t\t\t<\/div>\n\t<div class=\"eltdf-iwt-content\" >\n\t\t\t\t\t<h3 class=\"eltdf-iwt-title\" >\n\t\t\t\t\t\t\t\t\t<a itemprop=\"url\" href=\"https:\/\/agregaty.igloo.pl\/agregaty-inwenterowe\/technologia\/shm\/\" target=\"_self\">\n\t\t\t\t\t\t\t\t<span class=\"eltdf-iwt-title-text\">Intelligentes W\u00e4rmemanagement<\/span>\n\t\t\t\t\t\t\t\t\t<\/a>\n\t\t\t\t\t\t\t<\/h3>\n\t\t\t\t\t<\/div>\n<\/div>[\/vc_column][vc_column width=&#8221;1\/6&#8243; css=&#8221;.vc_custom_1557387029154{background-color: #f4f4f4 !important;}&#8221;]<div class=\"eltdf-iwt clearfix  eltdf-iwt-icon-top eltdf-iwt-icon-medium eltdf-iwt-with-link\">\n\t<div class=\"eltdf-iwt-icon\">\n\t\t\t\t\t<a itemprop=\"url\" href=\"https:\/\/agregaty.igloo.pl\/agregaty-inwenterowe\/technologia\/glikol\/\" target=\"_self\">\n\t\t\t\t\t\t\t\t\t    <span class=\"eltdf-icon-shortcode eltdf-normal   eltdf-icon-medium\"  data-color=\"#e62735\">\n                    <i class=\"eltdf-icon-linea-icon icon-weather-drop eltdf-icon-element\" style=\"color: #e62735\" ><\/i>            <\/span>\n\t\t\t\t\t\t\t\t<\/a>\n\t\t\t<\/div>\n\t<div class=\"eltdf-iwt-content\" >\n\t\t\t\t\t<h3 class=\"eltdf-iwt-title\" >\n\t\t\t\t\t\t\t\t\t<a itemprop=\"url\" href=\"https:\/\/agregaty.igloo.pl\/agregaty-inwenterowe\/technologia\/glikol\/\" target=\"_self\">\n\t\t\t\t\t\t\t\t<span class=\"eltdf-iwt-title-text\">Glykolgek\u00fchlte M\u00f6bel<\/span>\n\t\t\t\t\t\t\t\t\t<\/a>\n\t\t\t\t\t\t\t<\/h3>\n\t\t\t\t\t<\/div>\n<\/div>[\/vc_column][vc_column width=&#8221;1\/6&#8243; css=&#8221;.vc_custom_1557387034947{background-color: #f4f4f4 !important;}&#8221;]<div class=\"eltdf-iwt clearfix  eltdf-iwt-icon-top eltdf-iwt-icon-medium eltdf-iwt-with-link\">\n\t<div class=\"eltdf-iwt-icon\">\n\t\t\t\t\t<a itemprop=\"url\" href=\"https:\/\/agregaty.igloo.pl\/agregaty-inwenterowe\/technologia\/uklady-redundantne\/\" target=\"_self\">\n\t\t\t\t\t\t\t\t\t    <span class=\"eltdf-icon-shortcode eltdf-normal   eltdf-icon-medium\"  data-color=\"#e62735\">\n                    <i class=\"eltdf-icon-linea-icon icon-arrows-clockwise-dashed eltdf-icon-element\" style=\"color: #e62735\" ><\/i>            <\/span>\n\t\t\t\t\t\t\t\t<\/a>\n\t\t\t<\/div>\n\t<div class=\"eltdf-iwt-content\" >\n\t\t\t\t\t<h3 class=\"eltdf-iwt-title\" >\n\t\t\t\t\t\t\t\t\t<a itemprop=\"url\" href=\"https:\/\/agregaty.igloo.pl\/agregaty-inwenterowe\/technologia\/uklady-redundantne\/\" target=\"_self\">\n\t\t\t\t\t\t\t\t<span class=\"eltdf-iwt-title-text\">Redundante Systeme<\/span>\n\t\t\t\t\t\t\t\t\t<\/a>\n\t\t\t\t\t\t\t<\/h3>\n\t\t\t\t\t<\/div>\n<\/div>[\/vc_column][\/vc_row][vc_row gap=&#8221;4&#8243; equal_height=&#8221;yes&#8221; row_content_width=&#8221;grid&#8221; css=&#8221;.vc_custom_1557389740680{padding-bottom: 100px !important;}&#8221;][vc_column width=&#8221;1\/6&#8243; css=&#8221;.vc_custom_1557386970620{background-color: #f4f4f4 !important;}&#8221;]<div class=\"eltdf-iwt clearfix  eltdf-iwt-icon-top eltdf-iwt-icon-medium eltdf-iwt-with-link\">\n\t<div class=\"eltdf-iwt-icon\">\n\t\t\t\t\t<a itemprop=\"url\" href=\"https:\/\/agregaty.igloo.pl\/agregaty-inwenterowe\/technologia\/power-peak\/\" target=\"_self\">\n\t\t\t\t\t\t\t\t\t    <span class=\"eltdf-icon-shortcode eltdf-normal   eltdf-icon-medium\"  data-color=\"#e62735\">\n                    <i class=\"eltdf-icon-linea-icon icon-basic-bolt eltdf-icon-element\" style=\"color: #e62735\" ><\/i>            <\/span>\n\t\t\t\t\t\t\t\t<\/a>\n\t\t\t<\/div>\n\t<div class=\"eltdf-iwt-content\" >\n\t\t\t\t\t<h3 class=\"eltdf-iwt-title\" >\n\t\t\t\t\t\t\t\t\t<a itemprop=\"url\" href=\"https:\/\/agregaty.igloo.pl\/agregaty-inwenterowe\/technologia\/power-peak\/\" target=\"_self\">\n\t\t\t\t\t\t\t\t<span class=\"eltdf-iwt-title-text\">Leistungsspitzen<\/span>\n\t\t\t\t\t\t\t\t\t<\/a>\n\t\t\t\t\t\t\t<\/h3>\n\t\t\t\t\t<\/div>\n<\/div>[\/vc_column][vc_column width=&#8221;1\/6&#8243; css=&#8221;.vc_custom_1557387007939{background-color: #f4f4f4 !important;}&#8221;]<div class=\"eltdf-iwt clearfix  eltdf-iwt-icon-top eltdf-iwt-icon-medium eltdf-iwt-with-link\">\n\t<div class=\"eltdf-iwt-icon\">\n\t\t\t\t\t<a itemprop=\"url\" href=\"https:\/\/agregaty.igloo.pl\/agregaty-inwenterowe\/technologia\/tryb-awaryjny\/\" target=\"_self\">\n\t\t\t\t\t\t\t\t\t    <span class=\"eltdf-icon-shortcode eltdf-normal   eltdf-icon-medium\"  data-color=\"#e62735\">\n                    <i class=\"eltdf-icon-linea-icon icon-basic-alarm eltdf-icon-element\" style=\"color: #e62735\" ><\/i>            <\/span>\n\t\t\t\t\t\t\t\t<\/a>\n\t\t\t<\/div>\n\t<div class=\"eltdf-iwt-content\" >\n\t\t\t\t\t<h3 class=\"eltdf-iwt-title\" >\n\t\t\t\t\t\t\t\t\t<a itemprop=\"url\" href=\"https:\/\/agregaty.igloo.pl\/agregaty-inwenterowe\/technologia\/tryb-awaryjny\/\" target=\"_self\">\n\t\t\t\t\t\t\t\t<span class=\"eltdf-iwt-title-text\">Ausfallmodus<\/span>\n\t\t\t\t\t\t\t\t\t<\/a>\n\t\t\t\t\t\t\t<\/h3>\n\t\t\t\t\t<\/div>\n<\/div>[\/vc_column][vc_column width=&#8221;1\/6&#8243; css=&#8221;.vc_custom_1557387015083{background-color: #f4f4f4 !important;}&#8221;]<div class=\"eltdf-iwt clearfix  eltdf-iwt-icon-top eltdf-iwt-icon-medium eltdf-iwt-with-link\">\n\t<div class=\"eltdf-iwt-icon\">\n\t\t\t\t\t<a itemprop=\"url\" href=\"https:\/\/agregaty.igloo.pl\/agregaty-inwenterowe\/technologia\/defrost-free\/\" target=\"_self\">\n\t\t\t\t\t\t\t\t\t    <span class=\"eltdf-icon-shortcode eltdf-normal   eltdf-icon-medium\"  data-color=\"#e62735\">\n                    <i class=\"eltdf-icon-linea-icon icon-arrows-move-left eltdf-icon-element\" style=\"color: #e62735\" ><\/i>            <\/span>\n\t\t\t\t\t\t\t\t<\/a>\n\t\t\t<\/div>\n\t<div class=\"eltdf-iwt-content\" >\n\t\t\t\t\t<h3 class=\"eltdf-iwt-title\" >\n\t\t\t\t\t\t\t\t\t<a itemprop=\"url\" href=\"https:\/\/agregaty.igloo.pl\/agregaty-inwenterowe\/technologia\/defrost-free\/\" target=\"_self\">\n\t\t\t\t\t\t\t\t<span class=\"eltdf-iwt-title-text\">Kompatibilit\u00e4t<\/span>\n\t\t\t\t\t\t\t\t\t<\/a>\n\t\t\t\t\t\t\t<\/h3>\n\t\t\t\t\t<\/div>\n<\/div>[\/vc_column][vc_column width=&#8221;1\/6&#8243; css=&#8221;.vc_custom_1557387019752{background-color: #f4f4f4 !important;}&#8221;]<div class=\"eltdf-iwt clearfix  eltdf-iwt-icon-top eltdf-iwt-icon-medium eltdf-iwt-with-link\">\n\t<div class=\"eltdf-iwt-icon\">\n\t\t\t\t\t<a itemprop=\"url\" href=\"https:\/\/agregaty.igloo.pl\/agregaty-inwenterowe\/technologia\/defrost-free-2\/\" target=\"_self\">\n\t\t\t\t\t\t\t\t\t    <span class=\"eltdf-icon-shortcode eltdf-normal   eltdf-icon-medium\"  data-color=\"#e62735\">\n                    <i class=\"eltdf-icon-linea-icon icon-software-shape-polygon eltdf-icon-element\" style=\"color: #e62735\" ><\/i>            <\/span>\n\t\t\t\t\t\t\t\t<\/a>\n\t\t\t<\/div>\n\t<div class=\"eltdf-iwt-content\" >\n\t\t\t\t\t<h3 class=\"eltdf-iwt-title\" >\n\t\t\t\t\t\t\t\t\t<a itemprop=\"url\" href=\"https:\/\/agregaty.igloo.pl\/agregaty-inwenterowe\/technologia\/defrost-free-2\/\" target=\"_self\">\n\t\t\t\t\t\t\t\t<span class=\"eltdf-iwt-title-text\">Abtaufrei<\/span>\n\t\t\t\t\t\t\t\t\t<\/a>\n\t\t\t\t\t\t\t<\/h3>\n\t\t\t\t\t<\/div>\n<\/div>[\/vc_column][vc_column width=&#8221;1\/6&#8243; css=&#8221;.vc_custom_1557387029154{background-color: #f4f4f4 !important;}&#8221;]<div class=\"eltdf-iwt clearfix  eltdf-iwt-icon-top eltdf-iwt-icon-medium eltdf-iwt-with-link\">\n\t<div class=\"eltdf-iwt-icon\">\n\t\t\t\t\t<a itemprop=\"url\" href=\"https:\/\/agregaty.igloo.pl\/agregaty-inwenterowe\/technologia\/low-bar-mode\/\" target=\"_self\">\n\t\t\t\t\t\t\t\t\t    <span class=\"eltdf-icon-shortcode eltdf-normal   eltdf-icon-medium\"  data-color=\"#e62735\">\n                    <i class=\"eltdf-icon-linea-icon icon-basic-anticlockwise eltdf-icon-element\" style=\"color: #e62735\" ><\/i>            <\/span>\n\t\t\t\t\t\t\t\t<\/a>\n\t\t\t<\/div>\n\t<div class=\"eltdf-iwt-content\" >\n\t\t\t\t\t<h3 class=\"eltdf-iwt-title\" >\n\t\t\t\t\t\t\t\t\t<a itemprop=\"url\" href=\"https:\/\/agregaty.igloo.pl\/agregaty-inwenterowe\/technologia\/low-bar-mode\/\" target=\"_self\">\n\t\t\t\t\t\t\t\t<span class=\"eltdf-iwt-title-text\">Niedriger Balken Modus<\/span>\n\t\t\t\t\t\t\t\t\t<\/a>\n\t\t\t\t\t\t\t<\/h3>\n\t\t\t\t\t<\/div>\n<\/div>[\/vc_column][vc_column width=&#8221;1\/6&#8243; css=&#8221;.vc_custom_1557387034947{background-color: #f4f4f4 !important;}&#8221;]<div class=\"eltdf-iwt clearfix  eltdf-iwt-icon-top eltdf-iwt-icon-medium eltdf-iwt-with-link\">\n\t<div class=\"eltdf-iwt-icon\">\n\t\t\t\t\t<a itemprop=\"url\" href=\"https:\/\/agregaty.igloo.pl\/agregaty-inwenterowe\/technologia\/panel-sterujacy\/\" target=\"_self\">\n\t\t\t\t\t\t\t\t\t    <span class=\"eltdf-icon-shortcode eltdf-normal   eltdf-icon-medium\"  data-color=\"#e62735\">\n                    <i class=\"eltdf-icon-linea-icon icon-basic-tablet eltdf-icon-element\" style=\"color: #e62735\" ><\/i>            <\/span>\n\t\t\t\t\t\t\t\t<\/a>\n\t\t\t<\/div>\n\t<div class=\"eltdf-iwt-content\" >\n\t\t\t\t\t<h3 class=\"eltdf-iwt-title\" >\n\t\t\t\t\t\t\t\t\t<a itemprop=\"url\" href=\"https:\/\/agregaty.igloo.pl\/agregaty-inwenterowe\/technologia\/panel-sterujacy\/\" target=\"_self\">\n\t\t\t\t\t\t\t\t<span class=\"eltdf-iwt-title-text\">Bedienfeld<\/span>\n\t\t\t\t\t\t\t\t\t<\/a>\n\t\t\t\t\t\t\t<\/h3>\n\t\t\t\t\t<\/div>\n<\/div>[\/vc_column][\/vc_row]<\/p>\n<p><\/p>","protected":false},"excerpt":{"rendered":"<p>[vc_row row_content_width=&#8221;grid&#8221; css=&#8221;.vc_custom_1556002913871{padding-top: 50px !important;padding-bottom: 50px !important;}&#8221;][vc_column width=&#8221;1\/2&#8243;][vc_column_text]In den MultiCool Plus Aggregaten ist serienm\u00e4\u00dfig grafisches Textbedienfeld vorhanden, mit dem die Einstellungen des Betriebs ge\u00e4ndert und der Betrieb \u00fcberwacht werden kann. Dadurch haben wir Zugang zu vielen n\u00fctzlichen Informationen \u00fcber [&hellip;]<\/p>\n","protected":false},"author":1,"featured_media":0,"parent":4973,"menu_order":0,"comment_status":"closed","ping_status":"closed","template":"full-width.php","meta":[],"_links":{"self":[{"href":"https:\/\/agregaty.igloo.pl\/de\/wp-json\/wp\/v2\/pages\/4996"}],"collection":[{"href":"https:\/\/agregaty.igloo.pl\/de\/wp-json\/wp\/v2\/pages"}],"about":[{"href":"https:\/\/agregaty.igloo.pl\/de\/wp-json\/wp\/v2\/types\/page"}],"author":[{"embeddable":true,"href":"https:\/\/agregaty.igloo.pl\/de\/wp-json\/wp\/v2\/users\/1"}],"replies":[{"embeddable":true,"href":"https:\/\/agregaty.igloo.pl\/de\/wp-json\/wp\/v2\/comments?post=4996"}],"version-history":[{"count":9,"href":"https:\/\/agregaty.igloo.pl\/de\/wp-json\/wp\/v2\/pages\/4996\/revisions"}],"predecessor-version":[{"id":6469,"href":"https:\/\/agregaty.igloo.pl\/de\/wp-json\/wp\/v2\/pages\/4996\/revisions\/6469"}],"up":[{"embeddable":true,"href":"https:\/\/agregaty.igloo.pl\/de\/wp-json\/wp\/v2\/pages\/4973"}],"wp:attachment":[{"href":"https:\/\/agregaty.igloo.pl\/de\/wp-json\/wp\/v2\/media?parent=4996"}],"curies":[{"name":"wp","href":"https:\/\/api.w.org\/{rel}","templated":true}]}}