
{"id":5386,"date":"2019-05-08T10:06:29","date_gmt":"2019-05-08T08:06:29","guid":{"rendered":"https:\/\/agregaty.igloo.pl\/?page_id=5386"},"modified":"2022-08-19T12:08:19","modified_gmt":"2022-08-19T10:08:19","slug":"agregat-chlodniczy-mc-10","status":"publish","type":"page","link":"https:\/\/agregaty.igloo.pl\/de\/aggregate-mit-inverter-igloo\/verfugbare-modelle\/multicool\/kuhlaggregat\/aggregate-mit-inverter-mc-10\/","title":{"rendered":"Aggregate mit Inverter MC 10"},"content":{"rendered":"<p>[vc_row content_placement=&#8221;top&#8221; row_content_width=&#8221;grid&#8221; css=&#8221;.vc_custom_1557297780337{padding-top: 50px !important;padding-bottom: 50px !important;}&#8221;][vc_column width=&#8221;1\/2&#8243;][vc_column_text]<\/p>\n<h1>Aggregate mit Inverter <strong>MC 10<\/strong><\/h1>\n<p>[\/vc_column_text][vc_column_text css=&#8221;.vc_custom_1660903617411{padding-top: 50px !important;}&#8221;]Die aktuelle Technologieentwicklung erm\u00f6glicht den Bau effizienterer Ger\u00e4te und die Erf\u00fcllung immer strengerer Umweltstandards bei gleichzeitig deutlich reduziertem Stromverbrauch. Angesichts der steigenden Energiepreise und der sinkenden Rentabilit\u00e4t von M\u00e4rkten, unabh\u00e4ngig von ihrem Format, werden technische Abteilungen nach wirtschaftlichen und \u00f6kologischen L\u00f6sungen f\u00fcr ihre M\u00e4rkte oder Superm\u00e4rkte suchen. Die ideale L\u00f6sung sind die von IGLOO hergestellten MultiCool-Inverter-K\u00fchlaggregate, mit denen Sie bis zu 40 % Energie im Zusammenhang mit der K\u00fchlung einsparen k\u00f6nnen.[\/vc_column_text][vc_column_text css=&#8221;.vc_custom_1660900308089{padding-top: 50px !important;}&#8221;]Temperaturbereich:<strong> -25\u00b0C +45\u00b0<\/strong><\/p>\n<hr \/>\n<p>K\u00fchlleistung [kW]:<strong>\u00a010<\/strong><\/p>\n<hr \/>\n<p>K\u00fchlmittel: <strong>R449A, R448A, R407A, R407H, R407F, R507A, R404A<\/strong>[\/vc_column_text][\/vc_column][vc_column width=&#8221;1\/2&#8243;][vc_raw_html css=&#8221;.vc_custom_1557297004375{padding-bottom: 40px !important;}&#8221;]JTNDZmlndXJlJTIwY2xhc3MlM0QlMjJzd2FwLW9uLWhvdmVyJTIyJTNFJTBBJTIwJTNDaW1nJTIwJTIwY2xhc3MlM0QlMjJzd2FwLW9uLWhvdmVyX19mcm9udC1pbWFnZSUyMiUyMHNyYyUzRCUyMmh0dHBzJTNBJTJGJTJGYWdyZWdhdHkuaWdsb28ucGwlMkZ3cC1jb250ZW50JTJGdXBsb2FkcyUyRjIwMTklMkYwNCUyRmFncmVnYXRfaW53ZW50ZXJvd3lfbWNwXzEwLTEucG5nJTIyJTJGJTNFJTBBJTIwJTIwJTNDaW1nJTIwY2xhc3MlM0QlMjJzd2FwLW9uLWhvdmVyX19iYWNrLWltYWdlJTIyJTIwc3JjJTNEJTIyaHR0cHMlM0ElMkYlMkZhZ3JlZ2F0eS5pZ2xvby5wbCUyRndwLWNvbnRlbnQlMkZ1cGxvYWRzJTJGMjAxOSUyRjA0JTJGYWdyZWdhdF9pbndlbnRlcm93eV9tY3BfMTBfb3Blbi5wbmclMjIlMkYlM0UlMEElM0MlMkZmaWd1cmUlM0UlMEE=[\/vc_raw_html][vc_row_inner content_text_aligment=&#8221;center&#8221;][vc_column_inner width=&#8221;1\/2&#8243;]<a itemprop=\"url\" href=\"https:\/\/agregaty.igloo.pl\/wp-content\/uploads\/2022\/05\/karta-low-bar-mode-it.pdf\" target=\"_blank\" style=\"padding: 6px 16px 6px 16px\" class=\"eltdf-btn eltdf-btn-small eltdf-btn-outline eltdf-btn-icon\"  >\n    <span class=\"eltdf-btn-text\">Low Bar Mode Daten<\/span>\n    <i class=\"eltdf-icon-linea-icon icon-basic-sheet \" ><\/i>    <\/a>[\/vc_column_inner][vc_column_inner width=&#8221;1\/2&#8243;]<a itemprop=\"url\" href=\"https:\/\/agregaty.igloo.pl\/wp-content\/uploads\/2022\/05\/broszura-multicool-plus-it.pdf\" target=\"_blank\" style=\"padding: 6px 16px 6px 16px\" class=\"eltdf-btn eltdf-btn-small eltdf-btn-outline eltdf-btn-icon\"  >\n    <span class=\"eltdf-btn-text\">Flugblatt MultiCool+<\/span>\n    <i class=\"eltdf-icon-linea-icon icon-basic-sheet-multiple \" ><\/i>    <\/a>[\/vc_column_inner][\/vc_row_inner][\/vc_column][\/vc_row][vc_row row_content_width=&#8221;grid&#8221; css=&#8221;.vc_custom_1556002850431{padding-top: 80px !important;padding-bottom: 80px !important;}&#8221;][vc_column][\/vc_column][\/vc_row][vc_row][vc_column width=&#8221;1\/2&#8243; css=&#8221;.vc_custom_1557297264549{padding-bottom: 40px !important;}&#8221;][vc_column_text]<\/p>\n<table width=\"473\">\n<tbody>\n<tr>\n<td width=\"257\"><strong>Technische Daten<\/strong><\/td>\n<td width=\"216\"><strong>Aggregate mit Inverter<\/strong><\/td>\n<\/tr>\n<tr>\n<td width=\"257\">Kode<\/td>\n<td width=\"216\">MCP 10<\/td>\n<\/tr>\n<tr>\n<td width=\"257\">L\u00e4nge<\/td>\n<td width=\"216\">1310<\/td>\n<\/tr>\n<tr>\n<td width=\"257\">Tiefe<\/td>\n<td width=\"216\">485<\/td>\n<\/tr>\n<tr>\n<td width=\"257\">H\u00f6he<\/td>\n<td width=\"216\">1015<\/td>\n<\/tr>\n<tr>\n<td width=\"257\">K\u00fchlleistung [kW]<\/td>\n<td width=\"216\">10<\/td>\n<\/tr>\n<tr>\n<td width=\"257\">Fl\u00fcssigkeitsanschlussleitung [mm]<\/td>\n<td width=\"216\">12<\/td>\n<\/tr>\n<tr>\n<td width=\"257\">Gasanschlussleitung [mm]<\/td>\n<td width=\"216\">22<\/td>\n<\/tr>\n<tr>\n<td width=\"257\">Verdichterart<\/td>\n<td width=\"216\">Inverter<\/td>\n<\/tr>\n<tr>\n<td width=\"257\">RPM-Drehzahl<\/td>\n<td width=\"216\">1000-7200<\/td>\n<\/tr>\n<tr>\n<td width=\"257\">\u00d6labscheider<\/td>\n<td width=\"216\">Ja<\/td>\n<\/tr>\n<tr>\n<td width=\"257\">\u00d6ltyp<\/td>\n<td width=\"216\">Emkarate RL 32 3MAF<\/td>\n<\/tr>\n<tr>\n<td width=\"257\">Tank f\u00fcr K\u00e4ltemedium [l]<\/td>\n<td width=\"216\">10<\/td>\n<\/tr>\n<tr>\n<td width=\"257\">Betriebsdruck PS<\/td>\n<td width=\"216\">29<\/td>\n<\/tr>\n<tr>\n<td width=\"257\">Sicherheitsventil [Bar]<\/td>\n<td width=\"216\">29<\/td>\n<\/tr>\n<tr>\n<td width=\"257\">K\u00e4ltemedium<\/td>\n<td width=\"216\">R449A, R448A, R407A, R407H, R407F, R507A, R404A<\/td>\n<\/tr>\n<tr>\n<td width=\"257\">Energieversorgung<\/td>\n<td width=\"216\">400V\/3\/50Hz<\/td>\n<\/tr>\n<\/tbody>\n<\/table>\n<p>[\/vc_column_text][\/vc_column][vc_column width=&#8221;1\/2&#8243; css=&#8221;.vc_custom_1557297243385{padding-bottom: 40px !important;}&#8221;][vc_column_text]<\/p>\n<table class=\"table table-hover table-responsive vertical\">\n<tbody>\n<tr>\n<td><strong>Produktmerkmale<\/strong><\/td>\n<td><\/td>\n<\/tr>\n<tr>\n<td>\u00e4sthetische Ausf\u00fchrung \/ starre Metall-Einteilbauweise, mit Aluzink beschichtet<\/td>\n<td><\/td>\n<\/tr>\n<tr>\n<td>hochwertigste Komponenten<\/td>\n<td><\/td>\n<\/tr>\n<tr>\n<td>Montagef\u00fc\u00dfe<\/td>\n<td><\/td>\n<\/tr>\n<tr>\n<td>niedriger Ger\u00e4uschpegel<\/td>\n<td><\/td>\n<\/tr>\n<tr>\n<td>Kompressor mit stufenlos variabler Kapazit\u00e4t<\/td>\n<td><\/td>\n<\/tr>\n<tr>\n<td>superleiser EC-Ventilator mit variabler Kapazit\u00e4t<\/td>\n<td><\/td>\n<\/tr>\n<tr>\n<td>stufenlose Leistungssteuereinheit<\/td>\n<td><\/td>\n<\/tr>\n<tr>\n<td>einfache Verdrahtung<\/td>\n<td><\/td>\n<\/tr>\n<tr>\n<td>niedriges Vibrationsniveau der Anlage<\/td>\n<td><\/td>\n<\/tr>\n<tr>\n<td>Arbeiten mit K\u00e4ltemedien R449A, R448A, R407A, R407H, R407F, R507A, R404A<\/td>\n<td><\/td>\n<\/tr>\n<tr>\n<td>Arbeitsbereich von -25 \u00b0 C bis + 45 \u00b0 C Au\u00dfentemperatur<\/td>\n<td><\/td>\n<\/tr>\n<tr>\n<td>auf BSM zugeschnittene Vorrichtung<\/td>\n<td><\/td>\n<\/tr>\n<tr>\n<td>sehr hohe Arbeitskultur<\/td>\n<td><\/td>\n<\/tr>\n<tr>\n<td>niedriger Energieverbrauch<\/td>\n<td><\/td>\n<\/tr>\n<tr>\n<td>modernes, ansprechendes Design<\/td>\n<td><\/td>\n<\/tr>\n<tr>\n<td>korrosionsbest\u00e4ndiges Geh\u00e4use<\/td>\n<td><\/td>\n<\/tr>\n<tr>\n<td>Vorrichtung zur Stand- und H\u00e4nge-Montage<\/td>\n<td><\/td>\n<\/tr>\n<tr>\n<td>M\u00f6glichkeit, die bestehende Netzwerk\u00fcberwachung zu verbinden<\/td>\n<td><\/td>\n<\/tr>\n<tr>\n<td>M\u00f6glichkeit, die ein eigenes Netzwerk-Monitoring zu implementieren<\/td>\n<\/tr>\n<\/tbody>\n<\/table>\n<p>[\/vc_column_text][\/vc_column][\/vc_row][vc_row][vc_column]<div class=\"eltdf-single-image-holder   eltdf-image-behavior-lightbox\">\n    <div class=\"eltdf-si-inner\" >\n                    <a itemprop=\"image\" href=\"https:\/\/agregaty.igloo.pl\/wp-content\/uploads\/2019\/05\/rysunek_techniczny_agreagat_igloo_3_MC-10-MCP-10.png\" data-rel=\"prettyPhoto[si_pretty_photo]\" title=\"\">\n                                    <img width=\"3508\" height=\"2480\" src=\"https:\/\/agregaty.igloo.pl\/wp-content\/uploads\/2019\/05\/rysunek_techniczny_agreagat_igloo_3_MC-10-MCP-10.png\" class=\"attachment-full size-full\" alt=\"\" loading=\"lazy\" srcset=\"https:\/\/agregaty.igloo.pl\/wp-content\/uploads\/2019\/05\/rysunek_techniczny_agreagat_igloo_3_MC-10-MCP-10.png 3508w, https:\/\/agregaty.igloo.pl\/wp-content\/uploads\/2019\/05\/rysunek_techniczny_agreagat_igloo_3_MC-10-MCP-10-300x212.png 300w, https:\/\/agregaty.igloo.pl\/wp-content\/uploads\/2019\/05\/rysunek_techniczny_agreagat_igloo_3_MC-10-MCP-10-768x543.png 768w, https:\/\/agregaty.igloo.pl\/wp-content\/uploads\/2019\/05\/rysunek_techniczny_agreagat_igloo_3_MC-10-MCP-10-1024x724.png 1024w, https:\/\/agregaty.igloo.pl\/wp-content\/uploads\/2019\/05\/rysunek_techniczny_agreagat_igloo_3_MC-10-MCP-10-600x424.png 600w\" sizes=\"(max-width: 3508px) 100vw, 3508px\" \/>                                <\/a>\n            <\/div>\n<\/div>[\/vc_column][\/vc_row]<\/p>","protected":false},"excerpt":{"rendered":"<p>[vc_row content_placement=&#8221;top&#8221; row_content_width=&#8221;grid&#8221; css=&#8221;.vc_custom_1557297780337{padding-top: 50px !important;padding-bottom: 50px !important;}&#8221;][vc_column width=&#8221;1\/2&#8243;][vc_column_text] Aggregate mit Inverter MC 10 [\/vc_column_text][vc_column_text css=&#8221;.vc_custom_1660903617411{padding-top: 50px !important;}&#8221;]Die aktuelle Technologieentwicklung erm\u00f6glicht den Bau effizienterer Ger\u00e4te und die Erf\u00fcllung immer strengerer Umweltstandards bei gleichzeitig deutlich reduziertem Stromverbrauch. Angesichts der steigenden [&hellip;]<\/p>\n","protected":false},"author":1,"featured_media":0,"parent":5050,"menu_order":0,"comment_status":"closed","ping_status":"closed","template":"","meta":[],"_links":{"self":[{"href":"https:\/\/agregaty.igloo.pl\/de\/wp-json\/wp\/v2\/pages\/5386"}],"collection":[{"href":"https:\/\/agregaty.igloo.pl\/de\/wp-json\/wp\/v2\/pages"}],"about":[{"href":"https:\/\/agregaty.igloo.pl\/de\/wp-json\/wp\/v2\/types\/page"}],"author":[{"embeddable":true,"href":"https:\/\/agregaty.igloo.pl\/de\/wp-json\/wp\/v2\/users\/1"}],"replies":[{"embeddable":true,"href":"https:\/\/agregaty.igloo.pl\/de\/wp-json\/wp\/v2\/comments?post=5386"}],"version-history":[{"count":18,"href":"https:\/\/agregaty.igloo.pl\/de\/wp-json\/wp\/v2\/pages\/5386\/revisions"}],"predecessor-version":[{"id":6387,"href":"https:\/\/agregaty.igloo.pl\/de\/wp-json\/wp\/v2\/pages\/5386\/revisions\/6387"}],"up":[{"embeddable":true,"href":"https:\/\/agregaty.igloo.pl\/de\/wp-json\/wp\/v2\/pages\/5050"}],"wp:attachment":[{"href":"https:\/\/agregaty.igloo.pl\/de\/wp-json\/wp\/v2\/media?parent=5386"}],"curies":[{"name":"wp","href":"https:\/\/api.w.org\/{rel}","templated":true}]}}