
{"id":5388,"date":"2019-05-08T10:09:25","date_gmt":"2019-05-08T08:09:25","guid":{"rendered":"https:\/\/agregaty.igloo.pl\/?page_id=5388"},"modified":"2022-08-18T15:08:28","modified_gmt":"2022-08-18T13:08:28","slug":"agregat-chlodniczy-mc-15","status":"publish","type":"page","link":"https:\/\/agregaty.igloo.pl\/de\/aggregate-mit-inverter-igloo\/verfugbare-modelle\/multicool\/kuhlaggregat\/aggregate-mit-inverter-mc-15\/","title":{"rendered":"Aggregate mit inverter MC 15"},"content":{"rendered":"<p>[vc_row content_placement=&#8221;top&#8221; row_content_width=&#8221;grid&#8221; css=&#8221;.vc_custom_1557297780337{padding-top: 50px !important;padding-bottom: 50px !important;}&#8221;][vc_column width=&#8221;1\/2&#8243;][vc_column_text]<\/p>\n<h1>Aggregate mit inverter <strong>MC 15<\/strong><\/h1>\n<p>[\/vc_column_text][vc_column_text css=&#8221;.vc_custom_1557296274996{padding-top: 50px !important;}&#8221;]Ponad 30-letnie do\u015bwiadczenie w dostarczaniu innowacyjnych rozwi\u0105za\u0144 ch\u0142odniczych zaowocowa\u0142o stworzeniem jednostek centralnych wed\u0142ug najwy\u017cszych standard\u00f3w technologicznych i jako\u015bciowych. Poznaj bli\u017cej agregaty MultiCool+ i ciesz si\u0119 efektywno\u015bci\u0105 dla Twojego biznesu.[\/vc_column_text][vc_column_text css=&#8221;.vc_custom_1557302868966{padding-top: 50px !important;}&#8221;]Zakres temperatury otoczenia:<strong> -25\u00b0C +45\u00b0<\/strong><\/p>\n<hr \/>\n<p>Wydajno\u015b\u0107 ch\u0142odnicza [kW]:<strong> 17<\/strong><\/p>\n<hr \/>\n<p>Czynnik ch\u0142odniczy: <strong>R449A, R448A, R407A, R407H, R407F, R507A, R404A<\/strong>[\/vc_column_text][\/vc_column][vc_column width=&#8221;1\/2&#8243;][vc_raw_html css=&#8221;.vc_custom_1557302911261{padding-bottom: 40px !important;}&#8221;]JTNDZmlndXJlJTIwY2xhc3MlM0QlMjJzd2FwLW9uLWhvdmVyJTIyJTNFJTBBJTIwJTNDaW1nJTIwJTIwY2xhc3MlM0QlMjJzd2FwLW9uLWhvdmVyX19mcm9udC1pbWFnZSUyMiUyMHNyYyUzRCUyMmh0dHBzJTNBJTJGJTJGYWdyZWdhdHkuaWdsb28ucGwlMkZ3cC1jb250ZW50JTJGdXBsb2FkcyUyRjIwMTklMkYwNCUyRmFncmVnYXRfaW53ZW50ZXJvd3lfbWNwXzE1LmpwZyUyMiUyRiUzRSUwQSUyMCUyMCUzQ2ltZyUyMGNsYXNzJTNEJTIyc3dhcC1vbi1ob3Zlcl9fYmFjay1pbWFnZSUyMiUyMHNyYyUzRCUyMmh0dHBzJTNBJTJGJTJGYWdyZWdhdHkuaWdsb28ucGwlMkZ3cC1jb250ZW50JTJGdXBsb2FkcyUyRjIwMTklMkYwNCUyRmFncmVnYXRfaW53ZW50ZXJvd3lfbWNwXzE1X2JhY2sucG5nJTIyJTJGJTNFJTBBJTNDJTJGZmlndXJlJTNFJTBB[\/vc_raw_html][vc_row_inner content_text_aligment=&#8221;center&#8221;][vc_column_inner width=&#8221;1\/2&#8243;]<a itemprop=\"url\" href=\"https:\/\/agregaty.igloo.pl\/wp-content\/uploads\/2019\/03\/Agregat-MC-15.pdf\" target=\"_blank\" style=\"padding: 6px 16px 6px 16px\" class=\"eltdf-btn eltdf-btn-small eltdf-btn-outline eltdf-btn-icon\"  >\n    <span class=\"eltdf-btn-text\">Karta katalogowa<\/span>\n    <i class=\"eltdf-icon-linea-icon icon-basic-sheet \" ><\/i>    <\/a>[\/vc_column_inner][vc_column_inner width=&#8221;1\/2&#8243;]<a itemprop=\"url\" href=\"https:\/\/agregaty.igloo.pl\/agregaty-inwenterowe\/strefa-instalatora\/tabela-doboru-agregatow\/\" target=\"_blank\" style=\"padding: 6px 16px 6px 16px\" class=\"eltdf-btn eltdf-btn-small eltdf-btn-outline eltdf-btn-icon\"  >\n    <span class=\"eltdf-btn-text\">Tabela doboru agregat\u00f3w<\/span>\n    <i class=\"eltdf-icon-linea-icon icon-basic-sheet-multiple \" ><\/i>    <\/a>[\/vc_column_inner][\/vc_row_inner][\/vc_column][\/vc_row][vc_row row_content_width=&#8221;grid&#8221; css=&#8221;.vc_custom_1556002850431{padding-top: 80px !important;padding-bottom: 80px !important;}&#8221;][vc_column][vc_column_text]<\/p>\n<table>\n<colgroup>\n<col \/>\n<col \/> <\/colgroup>\n<tbody>\n<tr>\n<td><strong>Dane techniczne <\/strong><\/td>\n<td><strong>Agregat inwerterowy MultiCool<\/strong><\/td>\n<\/tr>\n<tr>\n<td>KOD<\/td>\n<td>MC 15<\/td>\n<\/tr>\n<tr>\n<td>D\u0142ugo\u015b\u0107 [mm]<\/td>\n<td>1510<\/td>\n<\/tr>\n<tr>\n<td>G\u0142\u0119boko\u015b\u0107 [mm]<\/td>\n<td>615<\/td>\n<\/tr>\n<tr>\n<td>Wysoko\u015b\u0107 [mm]<\/td>\n<td>1165<\/td>\n<\/tr>\n<tr>\n<td>Wydajno\u015b\u0107 ch\u0142odnicza [kW]<\/td>\n<td>17<\/td>\n<\/tr>\n<tr>\n<td>Przy\u0142\u0105cze ruroci\u0105g cieczy [mm]<\/td>\n<td>16<\/td>\n<\/tr>\n<tr>\n<td>Przy\u0142\u0105cze ruroci\u0105g gazu [mm]<\/td>\n<td>22<\/td>\n<\/tr>\n<tr>\n<td>Rodzaj spr\u0119\u017carki<\/td>\n<td>Inwerterowa<\/td>\n<\/tr>\n<tr>\n<td>Pr\u0119dko\u015b\u0107 obrotowa RPM<\/td>\n<td>1000-7200<\/td>\n<\/tr>\n<tr>\n<td>Odolejacz<\/td>\n<td>Tak<\/td>\n<\/tr>\n<tr>\n<td>Rodzaj oleju<\/td>\n<td>Emkarate RL 32 3MAF<\/td>\n<\/tr>\n<tr>\n<td>Zbiornik czynnika [l]<\/td>\n<td>15<\/td>\n<\/tr>\n<tr>\n<td>Ci\u015bnienie robocze PS<\/td>\n<td>29<\/td>\n<\/tr>\n<tr>\n<td>Zaw\u00f3r bezp. [bar]<\/td>\n<td>29<\/td>\n<\/tr>\n<tr>\n<td>Czynnik ch\u0142odniczy<\/td>\n<td>R449A, R448A, R407A, R407H, R407F, R507A, R404A<\/td>\n<\/tr>\n<tr>\n<td>Zasilanie<\/td>\n<td>400V\/3\/50Hz<\/td>\n<\/tr>\n<\/tbody>\n<\/table>\n<p>[\/vc_column_text][\/vc_column][\/vc_row][vc_row][vc_column width=&#8221;1\/2&#8243; css=&#8221;.vc_custom_1557297264549{padding-bottom: 40px !important;}&#8221;][vc_column_text]<\/p>\n<table>\n<colgroup>\n<col \/> <\/colgroup>\n<tbody>\n<tr>\n<td><strong>Standard<\/strong><\/td>\n<\/tr>\n<tr>\n<td>spr\u0119\u017carka z p\u0142ynn\u0105 regulacj\u0105 wydajno\u015bci przystosowana pod prac\u0119 inwerterow\u0105<\/td>\n<\/tr>\n<tr>\n<td>wentylator EC<\/td>\n<\/tr>\n<tr>\n<td>falownik DC<\/td>\n<\/tr>\n<tr>\n<td>programowalny sterownik<\/td>\n<\/tr>\n<tr>\n<td>zbiornik cieczy<\/td>\n<\/tr>\n<tr>\n<td>zaw\u00f3r bezpiecze\u0144stwa<\/td>\n<\/tr>\n<tr>\n<td>separator cieczy<\/td>\n<\/tr>\n<tr>\n<td>odolejacz<\/td>\n<\/tr>\n<tr>\n<td>zbiornik cieczy<\/td>\n<\/tr>\n<tr>\n<td>zaw\u00f3r bezpiecze\u0144stwa<\/td>\n<\/tr>\n<tr>\n<td>odolejacz<\/td>\n<\/tr>\n<tr>\n<td>filtr<\/td>\n<\/tr>\n<tr>\n<td>separator cieczy<\/td>\n<\/tr>\n<tr>\n<td>dodatkowy wentylator komory elektrycznej i spr\u0119\u017carki<\/td>\n<\/tr>\n<tr>\n<td>grza\u0142ka karteru spr\u0119\u017carki p\u0142yta elektryczna<\/td>\n<\/tr>\n<tr>\n<td>presostat LP<\/td>\n<\/tr>\n<tr>\n<td>zestaw przetwornik\u00f3w ci\u015bnienia<\/td>\n<\/tr>\n<tr>\n<td>widoczny z zewn\u0105trz wziernik czynnika separator ciek\u0142ego czynnika na ssaniu blokada spr\u0119\u017carki na czas transportu standardowy skraplacz lamelowany<\/td>\n<\/tr>\n<tr>\n<td>p\u0142yta elektryczna<\/td>\n<\/tr>\n<tr>\n<td>zestaw presostat\u00f3w i przeka\u017anik\u00f3w ci\u015bnienia<\/td>\n<\/tr>\n<tr>\n<td>widoczny z zewn\u0105trz wziernik czynnika<\/td>\n<\/tr>\n<tr>\n<td>separator ciek\u0142ego czynnika na ssaniu<\/td>\n<\/tr>\n<tr>\n<td>blokada spr\u0119\u017carki na czas transportu<\/td>\n<\/tr>\n<tr>\n<td>standardowy skraplacz lamelowany<\/td>\n<\/tr>\n<\/tbody>\n<\/table>\n<p>[\/vc_column_text][\/vc_column][vc_column width=&#8221;1\/2&#8243; css=&#8221;.vc_custom_1557297243385{padding-bottom: 40px !important;}&#8221;][vc_column_text]<\/p>\n<table>\n<colgroup>\n<col \/> <\/colgroup>\n<tbody>\n<tr>\n<td align=\"left\"><strong>Charakterystyka produktu<\/strong><\/td>\n<\/tr>\n<tr>\n<td>estetyczne wykonanie \/ metalowa sztywna monobudowa z lakierowanego proszkowo alucynku najwy\u017cszej jako\u015bci komponenty<\/td>\n<\/tr>\n<tr>\n<td>stopy monta\u017cowe niski poziom ha\u0142asu<\/td>\n<\/tr>\n<tr>\n<td>spr\u0119\u017carka z p\u0142ynn\u0105 regulacj\u0105 wydajno\u015bci<\/td>\n<\/tr>\n<tr>\n<td>super cichy wentylator EC z p\u0142ynn\u0105 regulacj\u0105 wydajno\u015bci p\u0142ynna regulacja wydajno\u015bci agregatu<\/td>\n<\/tr>\n<tr>\n<td>prosta instalacja elektryczna niski poziom wibracji urz\u0105dzenia<\/td>\n<\/tr>\n<tr>\n<td>praca z czynnikami R449A, R448A, R407A, R407H, R407F, R507A, R404A<\/td>\n<\/tr>\n<tr>\n<td>zakres pracy od -25\u00b0C do +45\u00b0C temperatury zewn\u0119trznej urz\u0105dzenie przygotowane pod BMS<\/td>\n<\/tr>\n<tr>\n<td>bardzo wysoka kultura pracy niskie zu\u017cycie energii nowoczesny, estetyczny design odporna na korozj\u0119 obudowa<\/td>\n<\/tr>\n<tr>\n<td>urz\u0105dzenie przystosowane do monta\u017cu stoj\u0105cego i wisz\u0105cego mo\u017cliwo\u015b\u0107 pod\u0142\u0105czenia do istniej\u0105cych sieci monitoringu mo\u017cliwo\u015b\u0107 zbudowania w\u0142asnej sieci monitoringu<\/td>\n<\/tr>\n<tr>\n<td>praca z czynnikami R449A, R448A, R407A, R407H, R407F, R507A, R404A<\/td>\n<\/tr>\n<tr>\n<td>zakres pracy od -25\u00b0C do +45\u00b0C temperatury zewn\u0119trznej<\/td>\n<\/tr>\n<tr>\n<td>urz\u0105dzenie przygotowane pod BMS<\/td>\n<\/tr>\n<tr>\n<td>bardzo wysoka kultura pracy<\/td>\n<\/tr>\n<tr>\n<td>niskie zu\u017cycie energii<\/td>\n<\/tr>\n<tr>\n<td>nowoczesny, estetyczny design<\/td>\n<\/tr>\n<tr>\n<td>odporna na korozj\u0119 obudowa<\/td>\n<\/tr>\n<tr>\n<td>urz\u0105dzenie przystosowane do monta\u017cu stoj\u0105cego i wisz\u0105cego<\/td>\n<\/tr>\n<tr>\n<td>mo\u017cliwo\u015b\u0107 pod\u0142\u0105czenia do istniej\u0105cych sieci monitoringu<\/td>\n<\/tr>\n<tr>\n<td>mo\u017cliwo\u015b\u0107 zbudowania w\u0142asnej sieci monitoringu<\/td>\n<\/tr>\n<\/tbody>\n<\/table>\n<p>Opcja SHM ma wp\u0142yw na zewn\u0119trzne wymiary urz\u0105dzenia[\/vc_column_text][\/vc_column][\/vc_row][vc_row][vc_column]<div class=\"eltdf-single-image-holder   eltdf-image-behavior-lightbox\">\n    <div class=\"eltdf-si-inner\" >\n                    <a itemprop=\"image\" href=\"https:\/\/agregaty.igloo.pl\/wp-content\/uploads\/2019\/05\/rysunek_techniczny_agreagat_igloo_4_MC-11F-MCP-11F-MC-15-MCP-15.png\" data-rel=\"prettyPhoto[si_pretty_photo]\" title=\"\">\n                                    <img width=\"3508\" height=\"2480\" src=\"https:\/\/agregaty.igloo.pl\/wp-content\/uploads\/2019\/05\/rysunek_techniczny_agreagat_igloo_4_MC-11F-MCP-11F-MC-15-MCP-15.png\" class=\"attachment-full size-full\" alt=\"\" loading=\"lazy\" srcset=\"https:\/\/agregaty.igloo.pl\/wp-content\/uploads\/2019\/05\/rysunek_techniczny_agreagat_igloo_4_MC-11F-MCP-11F-MC-15-MCP-15.png 3508w, https:\/\/agregaty.igloo.pl\/wp-content\/uploads\/2019\/05\/rysunek_techniczny_agreagat_igloo_4_MC-11F-MCP-11F-MC-15-MCP-15-300x212.png 300w, https:\/\/agregaty.igloo.pl\/wp-content\/uploads\/2019\/05\/rysunek_techniczny_agreagat_igloo_4_MC-11F-MCP-11F-MC-15-MCP-15-768x543.png 768w, https:\/\/agregaty.igloo.pl\/wp-content\/uploads\/2019\/05\/rysunek_techniczny_agreagat_igloo_4_MC-11F-MCP-11F-MC-15-MCP-15-1024x724.png 1024w, https:\/\/agregaty.igloo.pl\/wp-content\/uploads\/2019\/05\/rysunek_techniczny_agreagat_igloo_4_MC-11F-MCP-11F-MC-15-MCP-15-600x424.png 600w\" sizes=\"(max-width: 3508px) 100vw, 3508px\" \/>                                <\/a>\n            <\/div>\n<\/div>[\/vc_column][\/vc_row]<\/p>","protected":false},"excerpt":{"rendered":"<p>[vc_row content_placement=&#8221;top&#8221; row_content_width=&#8221;grid&#8221; css=&#8221;.vc_custom_1557297780337{padding-top: 50px !important;padding-bottom: 50px !important;}&#8221;][vc_column width=&#8221;1\/2&#8243;][vc_column_text] Aggregate mit inverter MC 15 [\/vc_column_text][vc_column_text css=&#8221;.vc_custom_1557296274996{padding-top: 50px !important;}&#8221;]Ponad 30-letnie do\u015bwiadczenie w dostarczaniu innowacyjnych rozwi\u0105za\u0144 ch\u0142odniczych zaowocowa\u0142o stworzeniem jednostek centralnych wed\u0142ug najwy\u017cszych standard\u00f3w technologicznych i jako\u015bciowych. Poznaj bli\u017cej agregaty MultiCool+ [&hellip;]<\/p>\n","protected":false},"author":1,"featured_media":0,"parent":5050,"menu_order":0,"comment_status":"closed","ping_status":"closed","template":"","meta":[],"_links":{"self":[{"href":"https:\/\/agregaty.igloo.pl\/de\/wp-json\/wp\/v2\/pages\/5388"}],"collection":[{"href":"https:\/\/agregaty.igloo.pl\/de\/wp-json\/wp\/v2\/pages"}],"about":[{"href":"https:\/\/agregaty.igloo.pl\/de\/wp-json\/wp\/v2\/types\/page"}],"author":[{"embeddable":true,"href":"https:\/\/agregaty.igloo.pl\/de\/wp-json\/wp\/v2\/users\/1"}],"replies":[{"embeddable":true,"href":"https:\/\/agregaty.igloo.pl\/de\/wp-json\/wp\/v2\/comments?post=5388"}],"version-history":[{"count":4,"href":"https:\/\/agregaty.igloo.pl\/de\/wp-json\/wp\/v2\/pages\/5388\/revisions"}],"predecessor-version":[{"id":6332,"href":"https:\/\/agregaty.igloo.pl\/de\/wp-json\/wp\/v2\/pages\/5388\/revisions\/6332"}],"up":[{"embeddable":true,"href":"https:\/\/agregaty.igloo.pl\/de\/wp-json\/wp\/v2\/pages\/5050"}],"wp:attachment":[{"href":"https:\/\/agregaty.igloo.pl\/de\/wp-json\/wp\/v2\/media?parent=5388"}],"curies":[{"name":"wp","href":"https:\/\/api.w.org\/{rel}","templated":true}]}}